{"id":30272,"date":"2024-09-17T10:35:45","date_gmt":"2024-09-17T08:35:45","guid":{"rendered":"https:\/\/dev.beltafrajumar.com\/producto\/canape-lit-dorm\/"},"modified":"2024-09-17T10:35:45","modified_gmt":"2024-09-17T08:35:45","slug":"canape-lit-dorm","status":"publish","type":"product","link":"https:\/\/dev.beltafrajumar.com\/fr\/produit\/canape-lit-dorm\/","title":{"rendered":"Canap\u00e9-lit DORM"},"content":{"rendered":"","protected":false},"excerpt":{"rendered":"<p>Le canap\u00e9-lit DORM est con\u00e7u pour maximiser le confort et la fonctionnalit\u00e9 sans sacrifier le style. Avec des lignes droites et un design simple, sa structure compacte en fait une solution parfaite pour les espaces petits ou multifonctionnels. Pendant la journ\u00e9e, c&rsquo;est un canap\u00e9 confortable et \u00e9l\u00e9gant, id\u00e9al pour se d\u00e9tendre, tandis que la nuit, il se transforme facilement en un lit spacieux et douillet, offrant un sommeil r\u00e9parateur. Son rev\u00eatement de haute qualit\u00e9 garantit sa durabilit\u00e9 et son design moderne le rend adapt\u00e9 \u00e0 tout environnement contemporain, du salon aux chambres d&rsquo;amis.   <\/p>\n","protected":false},"featured_media":30211,"comment_status":"open","ping_status":"closed","template":"","meta":{"_acf_changed":false},"product_brand":[],"product_cat":[2307,921,904],"product_tag":[2299,1364,2288],"class_list":{"0":"post-30272","1":"product","2":"type-product","3":"status-publish","4":"has-post-thumbnail","6":"product_cat-nouveautes","7":"product_cat-canapes-lits-hotels","8":"product_cat-mobilier-hotel","9":"product_tag-actualites","10":"product_tag-dario-gagliardini-fr","11":"product_tag-pas-de-vente-en-ligne","13":"first","14":"instock","15":"taxable","16":"shipping-taxable","17":"product-type-simple"},"acf":[],"yoast_head":"<!-- This site is optimized with the Yoast SEO Premium plugin v24.2 (Yoast SEO v25.3.1) - https:\/\/yoast.com\/wordpress\/plugins\/seo\/ -->\n<title>Canap\u00e9-lit DORM | espaces contractuels id\u00e9aux polyvalents et fonctionnels | Belt\u00e1 Frajumar<\/title>\n<meta name=\"description\" content=\"D\u00e9couvrez le canap\u00e9 lit DORM, id\u00e9al pour maximiser le confort dans les petits espaces. Design compact et moderne avec conversion facile en lit.\" \/>\n<meta name=\"robots\" content=\"noindex, follow, max-snippet:-1, max-image-preview:large, max-video-preview:-1\" \/>\n<meta property=\"og:locale\" content=\"fr_FR\" \/>\n<meta property=\"og:type\" content=\"article\" \/>\n<meta property=\"og:title\" content=\"Canap\u00e9-lit DORM\" \/>\n<meta property=\"og:description\" content=\"D\u00e9couvrez le canap\u00e9 lit DORM, id\u00e9al pour maximiser le confort dans les petits espaces. Design compact et moderne avec conversion facile en lit.\" \/>\n<meta property=\"og:url\" content=\"https:\/\/dev.beltafrajumar.com\/fr\/produit\/canape-lit-dorm\/\" \/>\n<meta property=\"og:site_name\" content=\"Belt\u00e1 Frajumar\" \/>\n<meta property=\"og:image\" content=\"https:\/\/dev.beltafrajumar.com\/wp-content\/uploads\/2024\/09\/DORM-sofa-cama-Mobiliario-Belta-Frajumar.jpg\" \/>\n\t<meta property=\"og:image:width\" content=\"300\" \/>\n\t<meta property=\"og:image:height\" content=\"300\" \/>\n\t<meta property=\"og:image:type\" content=\"image\/jpeg\" \/>\n<meta name=\"twitter:card\" content=\"summary_large_image\" \/>\n<script type=\"application\/ld+json\" class=\"yoast-schema-graph\">{\"@context\":\"https:\/\/schema.org\",\"@graph\":[{\"@type\":\"WebPage\",\"@id\":\"https:\/\/dev.beltafrajumar.com\/fr\/produit\/canape-lit-dorm\/\",\"url\":\"https:\/\/dev.beltafrajumar.com\/fr\/produit\/canape-lit-dorm\/\",\"name\":\"Canap\u00e9-lit DORM | espaces contractuels id\u00e9aux polyvalents et fonctionnels | Belt\u00e1 Frajumar\",\"isPartOf\":{\"@id\":\"https:\/\/dev.beltafrajumar.com\/fr\/#website\"},\"primaryImageOfPage\":{\"@id\":\"https:\/\/dev.beltafrajumar.com\/fr\/produit\/canape-lit-dorm\/#primaryimage\"},\"image\":{\"@id\":\"https:\/\/dev.beltafrajumar.com\/fr\/produit\/canape-lit-dorm\/#primaryimage\"},\"thumbnailUrl\":\"https:\/\/dev.beltafrajumar.com\/wp-content\/uploads\/2024\/09\/DORM-sofa-cama-Mobiliario-Belta-Frajumar.jpg\",\"datePublished\":\"2024-09-17T08:35:45+00:00\",\"description\":\"D\u00e9couvrez le canap\u00e9 lit DORM, id\u00e9al pour maximiser le confort dans les petits espaces. Design compact et moderne avec conversion facile en lit.\",\"breadcrumb\":{\"@id\":\"https:\/\/dev.beltafrajumar.com\/fr\/produit\/canape-lit-dorm\/#breadcrumb\"},\"inLanguage\":\"fr-FR\",\"potentialAction\":[{\"@type\":\"ReadAction\",\"target\":[\"https:\/\/dev.beltafrajumar.com\/fr\/produit\/canape-lit-dorm\/\"]}]},{\"@type\":\"ImageObject\",\"inLanguage\":\"fr-FR\",\"@id\":\"https:\/\/dev.beltafrajumar.com\/fr\/produit\/canape-lit-dorm\/#primaryimage\",\"url\":\"https:\/\/dev.beltafrajumar.com\/wp-content\/uploads\/2024\/09\/DORM-sofa-cama-Mobiliario-Belta-Frajumar.jpg\",\"contentUrl\":\"https:\/\/dev.beltafrajumar.com\/wp-content\/uploads\/2024\/09\/DORM-sofa-cama-Mobiliario-Belta-Frajumar.jpg\",\"width\":300,\"height\":300,\"caption\":\"Canap\u00e9-lit DORM - Meubles Belt\u00e1 Frajumar\"},{\"@type\":\"BreadcrumbList\",\"@id\":\"https:\/\/dev.beltafrajumar.com\/fr\/produit\/canape-lit-dorm\/#breadcrumb\",\"itemListElement\":[{\"@type\":\"ListItem\",\"position\":1,\"name\":\"Portada\",\"item\":\"https:\/\/dev.beltafrajumar.com\/fr\/\"},{\"@type\":\"ListItem\",\"position\":2,\"name\":\"Magasin de meubles sur mesure\",\"item\":\"https:\/\/dev.beltafrajumar.com\/tienda\/\"},{\"@type\":\"ListItem\",\"position\":3,\"name\":\"Canap\u00e9-lit DORM\"}]},{\"@type\":\"WebSite\",\"@id\":\"https:\/\/dev.beltafrajumar.com\/fr\/#website\",\"url\":\"https:\/\/dev.beltafrajumar.com\/fr\/\",\"name\":\"Belt\u00e1 Frajumar\",\"description\":\"Calidad, Dise\u00f1o y Decoraci\u00f3n de Interiores en Mobiliario Hospitality y Living\",\"publisher\":{\"@id\":\"https:\/\/dev.beltafrajumar.com\/fr\/#organization\"},\"alternateName\":\"Fabricante de mobiliario Hospitality y Living\",\"potentialAction\":[{\"@type\":\"SearchAction\",\"target\":{\"@type\":\"EntryPoint\",\"urlTemplate\":\"https:\/\/dev.beltafrajumar.com\/fr\/?s={search_term_string}\"},\"query-input\":{\"@type\":\"PropertyValueSpecification\",\"valueRequired\":true,\"valueName\":\"search_term_string\"}}],\"inLanguage\":\"fr-FR\"},{\"@type\":\"Organization\",\"@id\":\"https:\/\/dev.beltafrajumar.com\/fr\/#organization\",\"name\":\"Belt\u00e1 Frajumar\",\"alternateName\":\"Fabricant de meubles exclusif Belt\u00e1 Frajumar\",\"url\":\"https:\/\/dev.beltafrajumar.com\/fr\/\",\"logo\":{\"@type\":\"ImageObject\",\"inLanguage\":\"fr-FR\",\"@id\":\"https:\/\/dev.beltafrajumar.com\/fr\/#\/schema\/logo\/image\/\",\"url\":\"https:\/\/dev.beltafrajumar.com\/wp-content\/uploads\/2024\/10\/Logotipo-Belta-Frajumar-patrocinador-de-InterCIDEC-1.jpg\",\"contentUrl\":\"https:\/\/dev.beltafrajumar.com\/wp-content\/uploads\/2024\/10\/Logotipo-Belta-Frajumar-patrocinador-de-InterCIDEC-1.jpg\",\"width\":1080,\"height\":1080,\"caption\":\"Belt\u00e1 Frajumar\"},\"image\":{\"@id\":\"https:\/\/dev.beltafrajumar.com\/fr\/#\/schema\/logo\/image\/\"}}]}<\/script>\n<!-- \/ Yoast SEO Premium plugin. -->","yoast_head_json":{"title":"Canap\u00e9-lit DORM | espaces contractuels id\u00e9aux polyvalents et fonctionnels | Belt\u00e1 Frajumar","description":"D\u00e9couvrez le canap\u00e9 lit DORM, id\u00e9al pour maximiser le confort dans les petits espaces. Design compact et moderne avec conversion facile en lit.","robots":{"index":"noindex","follow":"follow","max-snippet":"max-snippet:-1","max-image-preview":"max-image-preview:large","max-video-preview":"max-video-preview:-1"},"og_locale":"fr_FR","og_type":"article","og_title":"Canap\u00e9-lit DORM","og_description":"D\u00e9couvrez le canap\u00e9 lit DORM, id\u00e9al pour maximiser le confort dans les petits espaces. Design compact et moderne avec conversion facile en lit.","og_url":"https:\/\/dev.beltafrajumar.com\/fr\/produit\/canape-lit-dorm\/","og_site_name":"Belt\u00e1 Frajumar","og_image":[{"width":300,"height":300,"url":"https:\/\/dev.beltafrajumar.com\/wp-content\/uploads\/2024\/09\/DORM-sofa-cama-Mobiliario-Belta-Frajumar.jpg","type":"image\/jpeg"}],"twitter_card":"summary_large_image","schema":{"@context":"https:\/\/schema.org","@graph":[{"@type":"WebPage","@id":"https:\/\/dev.beltafrajumar.com\/fr\/produit\/canape-lit-dorm\/","url":"https:\/\/dev.beltafrajumar.com\/fr\/produit\/canape-lit-dorm\/","name":"Canap\u00e9-lit DORM | espaces contractuels id\u00e9aux polyvalents et fonctionnels | Belt\u00e1 Frajumar","isPartOf":{"@id":"https:\/\/dev.beltafrajumar.com\/fr\/#website"},"primaryImageOfPage":{"@id":"https:\/\/dev.beltafrajumar.com\/fr\/produit\/canape-lit-dorm\/#primaryimage"},"image":{"@id":"https:\/\/dev.beltafrajumar.com\/fr\/produit\/canape-lit-dorm\/#primaryimage"},"thumbnailUrl":"https:\/\/dev.beltafrajumar.com\/wp-content\/uploads\/2024\/09\/DORM-sofa-cama-Mobiliario-Belta-Frajumar.jpg","datePublished":"2024-09-17T08:35:45+00:00","description":"D\u00e9couvrez le canap\u00e9 lit DORM, id\u00e9al pour maximiser le confort dans les petits espaces. Design compact et moderne avec conversion facile en lit.","breadcrumb":{"@id":"https:\/\/dev.beltafrajumar.com\/fr\/produit\/canape-lit-dorm\/#breadcrumb"},"inLanguage":"fr-FR","potentialAction":[{"@type":"ReadAction","target":["https:\/\/dev.beltafrajumar.com\/fr\/produit\/canape-lit-dorm\/"]}]},{"@type":"ImageObject","inLanguage":"fr-FR","@id":"https:\/\/dev.beltafrajumar.com\/fr\/produit\/canape-lit-dorm\/#primaryimage","url":"https:\/\/dev.beltafrajumar.com\/wp-content\/uploads\/2024\/09\/DORM-sofa-cama-Mobiliario-Belta-Frajumar.jpg","contentUrl":"https:\/\/dev.beltafrajumar.com\/wp-content\/uploads\/2024\/09\/DORM-sofa-cama-Mobiliario-Belta-Frajumar.jpg","width":300,"height":300,"caption":"Canap\u00e9-lit DORM - Meubles Belt\u00e1 Frajumar"},{"@type":"BreadcrumbList","@id":"https:\/\/dev.beltafrajumar.com\/fr\/produit\/canape-lit-dorm\/#breadcrumb","itemListElement":[{"@type":"ListItem","position":1,"name":"Portada","item":"https:\/\/dev.beltafrajumar.com\/fr\/"},{"@type":"ListItem","position":2,"name":"Magasin de meubles sur mesure","item":"https:\/\/dev.beltafrajumar.com\/tienda\/"},{"@type":"ListItem","position":3,"name":"Canap\u00e9-lit DORM"}]},{"@type":"WebSite","@id":"https:\/\/dev.beltafrajumar.com\/fr\/#website","url":"https:\/\/dev.beltafrajumar.com\/fr\/","name":"Belt\u00e1 Frajumar","description":"Calidad, Dise\u00f1o y Decoraci\u00f3n de Interiores en Mobiliario Hospitality y Living","publisher":{"@id":"https:\/\/dev.beltafrajumar.com\/fr\/#organization"},"alternateName":"Fabricante de mobiliario Hospitality y Living","potentialAction":[{"@type":"SearchAction","target":{"@type":"EntryPoint","urlTemplate":"https:\/\/dev.beltafrajumar.com\/fr\/?s={search_term_string}"},"query-input":{"@type":"PropertyValueSpecification","valueRequired":true,"valueName":"search_term_string"}}],"inLanguage":"fr-FR"},{"@type":"Organization","@id":"https:\/\/dev.beltafrajumar.com\/fr\/#organization","name":"Belt\u00e1 Frajumar","alternateName":"Fabricant de meubles exclusif Belt\u00e1 Frajumar","url":"https:\/\/dev.beltafrajumar.com\/fr\/","logo":{"@type":"ImageObject","inLanguage":"fr-FR","@id":"https:\/\/dev.beltafrajumar.com\/fr\/#\/schema\/logo\/image\/","url":"https:\/\/dev.beltafrajumar.com\/wp-content\/uploads\/2024\/10\/Logotipo-Belta-Frajumar-patrocinador-de-InterCIDEC-1.jpg","contentUrl":"https:\/\/dev.beltafrajumar.com\/wp-content\/uploads\/2024\/10\/Logotipo-Belta-Frajumar-patrocinador-de-InterCIDEC-1.jpg","width":1080,"height":1080,"caption":"Belt\u00e1 Frajumar"},"image":{"@id":"https:\/\/dev.beltafrajumar.com\/fr\/#\/schema\/logo\/image\/"}}]}},"wcpa_form_fields":null,"_links":{"self":[{"href":"https:\/\/dev.beltafrajumar.com\/fr\/wp-json\/wp\/v2\/product\/30272","targetHints":{"allow":["GET"]}}],"collection":[{"href":"https:\/\/dev.beltafrajumar.com\/fr\/wp-json\/wp\/v2\/product"}],"about":[{"href":"https:\/\/dev.beltafrajumar.com\/fr\/wp-json\/wp\/v2\/types\/product"}],"replies":[{"embeddable":true,"href":"https:\/\/dev.beltafrajumar.com\/fr\/wp-json\/wp\/v2\/comments?post=30272"}],"version-history":[{"count":0,"href":"https:\/\/dev.beltafrajumar.com\/fr\/wp-json\/wp\/v2\/product\/30272\/revisions"}],"wp:featuredmedia":[{"embeddable":true,"href":"https:\/\/dev.beltafrajumar.com\/fr\/wp-json\/wp\/v2\/media\/30211"}],"wp:attachment":[{"href":"https:\/\/dev.beltafrajumar.com\/fr\/wp-json\/wp\/v2\/media?parent=30272"}],"wp:term":[{"taxonomy":"product_brand","embeddable":true,"href":"https:\/\/dev.beltafrajumar.com\/fr\/wp-json\/wp\/v2\/product_brand?post=30272"},{"taxonomy":"product_cat","embeddable":true,"href":"https:\/\/dev.beltafrajumar.com\/fr\/wp-json\/wp\/v2\/product_cat?post=30272"},{"taxonomy":"product_tag","embeddable":true,"href":"https:\/\/dev.beltafrajumar.com\/fr\/wp-json\/wp\/v2\/product_tag?post=30272"}],"curies":[{"name":"wp","href":"https:\/\/api.w.org\/{rel}","templated":true}]}}