{"id":24446,"date":"2024-04-04T16:47:10","date_gmt":"2024-04-04T14:47:10","guid":{"rendered":"https:\/\/dev.beltafrajumar.com\/producto\/sedan-console-avec-tiroir\/"},"modified":"2024-10-01T13:02:08","modified_gmt":"2024-10-01T11:02:08","slug":"sedan-console-avec-tiroir","status":"publish","type":"product","link":"https:\/\/dev.beltafrajumar.com\/fr\/produit\/sedan-console-avec-tiroir\/","title":{"rendered":"SEDAN console avec tiroir"},"content":{"rendered":"\t\t<div data-elementor-type=\"product-post\" data-elementor-id=\"24446\" class=\"elementor elementor-24446 elementor-2290\" data-elementor-post-type=\"product\">\n\t\t\t\t<div data-particle_enable=\"false\" data-particle-mobile-disabled=\"false\" class=\"elementor-element elementor-element-b49543c e-flex e-con-boxed wd-section-disabled e-con e-parent\" data-id=\"b49543c\" data-element_type=\"container\">\n\t\t\t\t\t<div class=\"e-con-inner\">\n\t\t\t\t<div class=\"elementor-element elementor-element-b86b502 elementor-widget elementor-widget-wd_image_hotspot\" data-id=\"b86b502\" data-element_type=\"widget\" data-widget_type=\"wd_image_hotspot.default\">\n\t\t\t\t<div class=\"elementor-widget-container\">\n\t\t\t\t\t\t\t<div class=\"wd-image-hotspot-wrapper hotspot-action-hover hotspot-icon-default color-scheme- wd-hotspot-static\">\n\t\t\t<div class=\"wd-image-hotspot-hotspots\">\n\t\t\t\t\t\t\t\t\t<img decoding=\"async\" class=\"wd-image-hotspot-img\" src=\"https:\/\/dev.beltafrajumar.com\/wp-content\/uploads\/2024\/04\/SEDAN-consola-con-cajon-2.jpg\" alt=\"SEDAN consola con caj\u00f3n - Mobiliario Belt\u00e1 Frajumar\" title=\"SEDAN consola con caj\u00f3n &#8211; Mobiliario Belt\u00e1 Frajumar\">\t\t\t\t\n\t\t\t\t\t\t\t\t\t\t\t\t\t\t<div class=\"wd-image-hotspot hotspot-type-product elementor-repeater-item-ebf0bfa\">\n\t\t\t\t\t\t<span class=\"hotspot-sonar\"><\/span>\n\t\t\t\t\t\t<div class=\"hotspot-btn wd-fill\"><\/div>\n\n\t\t\t\t\t\t\t\t\t\t\t\t\t<div class=\"hotspot-product hotspot-content wd-scroll hotspot-dropdown-bottom\">\n\t\t\t\t\t\t\t\t<div class=\"hotspot-content-image\">\n\t\t\t\t\t\t\t\t\t<a href=\"https:\/\/dev.beltafrajumar.com\/fr\/produit\/skon-xs-miroirs-3-unites\/\">\n\t\t\t\t\t\t\t\t\t\t<img fetchpriority=\"high\" decoding=\"async\" width=\"600\" height=\"600\" src=\"https:\/\/dev.beltafrajumar.com\/wp-content\/uploads\/2024\/04\/SKON-XS-espejos-3Uds-600x600.jpg\" class=\"attachment-woocommerce_thumbnail size-woocommerce_thumbnail\" alt=\"Miroirs SKON XS (3 unit\u00e9s) - Meubles Belt\u00e1 Frajumar\" srcset=\"https:\/\/dev.beltafrajumar.com\/wp-content\/uploads\/2024\/04\/SKON-XS-espejos-3Uds-600x600.jpg 600w, https:\/\/dev.beltafrajumar.com\/wp-content\/uploads\/2024\/04\/SKON-XS-espejos-3Uds-200x200.jpg 200w, https:\/\/dev.beltafrajumar.com\/wp-content\/uploads\/2024\/04\/SKON-XS-espejos-3Uds-700x700.jpg 700w, https:\/\/dev.beltafrajumar.com\/wp-content\/uploads\/2024\/04\/SKON-XS-espejos-3Uds-300x300.jpg 300w, https:\/\/dev.beltafrajumar.com\/wp-content\/uploads\/2024\/04\/SKON-XS-espejos-3Uds-150x150.jpg 150w, https:\/\/dev.beltafrajumar.com\/wp-content\/uploads\/2024\/04\/SKON-XS-espejos-3Uds-768x768.jpg 768w, https:\/\/dev.beltafrajumar.com\/wp-content\/uploads\/2024\/04\/SKON-XS-espejos-3Uds.jpg 1000w\" sizes=\"(max-width: 600px) 100vw, 600px\" \/>\t\t\t\t\t\t\t\t\t<\/a>\n\t\t\t\t\t\t\t\t<\/div>\n\t\t\t\t\t\t\t\t\n\t\t\t\t\t\t\t\t<h4 class=\"wd-entities-title\">\n\t\t\t\t\t\t\t\t\t<a href=\"https:\/\/dev.beltafrajumar.com\/fr\/produit\/skon-xs-miroirs-3-unites\/\">\n\t\t\t\t\t\t\t\t\t\tSKON XS miroirs (3 unit\u00e9s)\t\t\t\t\t\t\t\t\t<\/a>\n\t\t\t\t\t\t\t\t<\/h4>\n\t\t\t\t\t\t\t\t\n\t\t\t\t\t\t\t\t\t\t\t\t\t\t\t\t\t\t\t\t\t\t\t\t\t\t\t\t\t\t\t\t\t\n\t\t\t\t\t\t\t\t<div class=\"price\">\n\t\t\t\t\t\t\t\t\t<span class=\"woocommerce-Price-amount amount\"><bdi>678.81&nbsp;<span class=\"woocommerce-Price-currencySymbol\">&euro;<\/span><\/bdi><\/span>\t\t\t\t\t\t\t\t<\/div>\n\t\t\t\t\t\t\t\t\n\t\t\t\t\t\t\t\t<div class=\"hotspot-content-text wd-more-desc set-cont-mb-s reset-last-child\">\n\t\t\t\t\t\t\t\t\t<div class=\"wd-more-desc-inner\">\n\t\t\t\t\t\t\t\t\t\tUn miroir totalement unique, verre ouvert et vision centrale : sensation d'intimit\u00e9 et de plaisir. En taille XS, cet ensemble de miroirs est compos\u00e9 de 3 pi\u00e8ces uniques en bois massif dans diff\u00e9rentes finitions Fr\u00eane, Ch\u00eane et Noyer.\n\n\t\t\t\t\t\t\t\t\t<\/div>\n\t\t\t\t\t\t\t\t\t<a href=\"#\" rel=\"nofollow\" class=\"wd-more-desc-btn\"  aria-label=\"Read more description button\"><span><\/span><\/a>\n\t\t\t\t\t\t\t\t<\/div>\n\t\t\t\t\t\t\t\t\n\t\t\t\t\t\t\t\t<a href=\"https:\/\/dev.beltafrajumar.com\/fr\/produit\/skon-xs-miroirs-3-unites\/\" class=\"button product_type_simple add_to_cart_button\" data-product_id=\"24424\" rel=\"nofollow\">\n\t\t\t\t\t\t\t\t\tS\u00e9lectionner les options\t\t\t\t\t\t\t\t<\/a>\n\t\t\t\t\t\t\t<\/div>\n\t\t\t\t\t\t\t\t\t\t\t<\/div>\n\t\t\t\t\t\t\t\t\t\t\t\t\t\t<div class=\"wd-image-hotspot hotspot-type-product elementor-repeater-item-2366d11\">\n\t\t\t\t\t\t<span class=\"hotspot-sonar\"><\/span>\n\t\t\t\t\t\t<div class=\"hotspot-btn wd-fill\"><\/div>\n\n\t\t\t\t\t\t\t\t\t\t\t\t\t<div class=\"hotspot-product hotspot-content wd-scroll hotspot-dropdown-top\">\n\t\t\t\t\t\t\t\t<div class=\"hotspot-content-image\">\n\t\t\t\t\t\t\t\t\t<a href=\"https:\/\/dev.beltafrajumar.com\/fr\/produit\/sedan-console-avec-tiroir\/\">\n\t\t\t\t\t\t\t\t\t\t<img decoding=\"async\" width=\"600\" height=\"600\" src=\"https:\/\/dev.beltafrajumar.com\/wp-content\/uploads\/2024\/04\/SEDAN-consola-con-cajon-600x600.png\" class=\"attachment-woocommerce_thumbnail size-woocommerce_thumbnail\" alt=\"Console SEDAN avec tiroir - Meubles Belt\u00e1 Frajumar\" srcset=\"https:\/\/dev.beltafrajumar.com\/wp-content\/uploads\/2024\/04\/SEDAN-consola-con-cajon-600x600.png 600w, https:\/\/dev.beltafrajumar.com\/wp-content\/uploads\/2024\/04\/SEDAN-consola-con-cajon-200x200.png 200w, https:\/\/dev.beltafrajumar.com\/wp-content\/uploads\/2024\/04\/SEDAN-consola-con-cajon-700x700.png 700w, https:\/\/dev.beltafrajumar.com\/wp-content\/uploads\/2024\/04\/SEDAN-consola-con-cajon-300x300.png 300w, https:\/\/dev.beltafrajumar.com\/wp-content\/uploads\/2024\/04\/SEDAN-consola-con-cajon-150x150.png 150w, https:\/\/dev.beltafrajumar.com\/wp-content\/uploads\/2024\/04\/SEDAN-consola-con-cajon-768x768.png 768w, https:\/\/dev.beltafrajumar.com\/wp-content\/uploads\/2024\/04\/SEDAN-consola-con-cajon.png 1080w\" sizes=\"(max-width: 600px) 100vw, 600px\" \/>\t\t\t\t\t\t\t\t\t<\/a>\n\t\t\t\t\t\t\t\t<\/div>\n\t\t\t\t\t\t\t\t\n\t\t\t\t\t\t\t\t<h4 class=\"wd-entities-title\">\n\t\t\t\t\t\t\t\t\t<a href=\"https:\/\/dev.beltafrajumar.com\/fr\/produit\/sedan-console-avec-tiroir\/\">\n\t\t\t\t\t\t\t\t\t\tSEDAN console avec tiroir\t\t\t\t\t\t\t\t\t<\/a>\n\t\t\t\t\t\t\t\t<\/h4>\n\t\t\t\t\t\t\t\t\n\t\t\t\t\t\t\t\t\t\t\t\t\t\t\t\t\t\t\t\t\t\t\t\t\t\t\t\t\t\t\t\t\t\n\t\t\t\t\t\t\t\t<div class=\"price\">\n\t\t\t\t\t\t\t\t\t<span class=\"woocommerce-Price-amount amount\"><bdi>938.96&nbsp;<span class=\"woocommerce-Price-currencySymbol\">&euro;<\/span><\/bdi><\/span>\t\t\t\t\t\t\t\t<\/div>\n\t\t\t\t\t\t\t\t\n\t\t\t\t\t\t\t\t<div class=\"hotspot-content-text wd-more-desc set-cont-mb-s reset-last-child\">\n\t\t\t\t\t\t\t\t\t<div class=\"wd-more-desc-inner\">\n\t\t\t\t\t\t\t\t\t\t<strong>SEDAN<\/strong> | est une console sans pieds qui peut \u00eatre ce que vous voulez. Cette pi\u00e8ce minimaliste montre l'amour du travail artisanal et respectueux de l'environnement. Elle est r\u00e9alis\u00e9e en bois de fr\u00eane massif, et propose diff\u00e9rentes finitions. Structure m\u00e9tallique sans consommer d'espace.\n\n\t\t\t\t\t\t\t\t\t<\/div>\n\t\t\t\t\t\t\t\t\t<a href=\"#\" rel=\"nofollow\" class=\"wd-more-desc-btn\"  aria-label=\"Read more description button\"><span><\/span><\/a>\n\t\t\t\t\t\t\t\t<\/div>\n\t\t\t\t\t\t\t\t\n\t\t\t\t\t\t\t\t<a href=\"https:\/\/dev.beltafrajumar.com\/fr\/produit\/sedan-console-avec-tiroir\/\" class=\"button product_type_simple add_to_cart_button\" data-product_id=\"24446\" rel=\"nofollow\">\n\t\t\t\t\t\t\t\t\tS\u00e9lectionner les options\t\t\t\t\t\t\t\t<\/a>\n\t\t\t\t\t\t\t<\/div>\n\t\t\t\t\t\t\t\t\t\t\t<\/div>\n\t\t\t\t\t\t\t<\/div>\n\t\t<\/div>\n\t\t\t\t\t\t<\/div>\n\t\t\t\t<\/div>\n\t\t\t\t\t<\/div>\n\t\t\t\t<\/div>\n\t\t\t\t<\/div>\n\t\t","protected":false},"excerpt":{"rendered":"<p><strong>SEDAN<\/strong> | est une console sans pieds qui peut \u00eatre ce que vous voulez. Cette pi\u00e8ce minimaliste montre l&rsquo;amour du travail artisanal et respectueux de l&rsquo;environnement. Elle est r\u00e9alis\u00e9e en bois de fr\u00eane massif, et propose diff\u00e9rentes finitions. Structure m\u00e9tallique sans consommer d&rsquo;espace.<\/p>\n[html_block id=\"5080\"]\n","protected":false},"featured_media":15709,"comment_status":"closed","ping_status":"closed","template":"","meta":{"_acf_changed":false},"product_brand":[],"product_cat":[926,871,924,2365],"product_tag":[2342,2349,1560,938],"class_list":{"0":"post-24446","1":"product","2":"type-product","3":"status-publish","4":"has-post-thumbnail","6":"product_cat-accessoires-maison","7":"product_cat-livraison-rapide","8":"product_cat-mobilier-maison","9":"product_cat-offre","10":"product_tag-consoles-fr","11":"product_tag-novembre","12":"product_tag-paolo-mauri-fr","13":"product_tag-ventes-en-ligne","14":"wcpa_has_options","16":"first","17":"instock","18":"taxable","19":"shipping-taxable","20":"purchasable","21":"product-type-simple"},"acf":[],"yoast_head":"<!-- This site is optimized with the Yoast SEO Premium plugin v24.2 (Yoast SEO v25.3.1) - https:\/\/yoast.com\/wordpress\/plugins\/seo\/ -->\n<title>SEDAN console avec tiroir | Console design sculpt\u00e9e en bois massif<\/title>\n<meta name=\"description\" content=\"Le meuble d&#039;entr\u00e9e Sedan rappelle la coque d&#039;un vieux navire. Une console design pour les cr\u00e9atifs et les amateurs de voyages. D\u00e9couvrez le!\" \/>\n<meta name=\"robots\" content=\"noindex, follow, max-snippet:-1, max-image-preview:large, max-video-preview:-1\" \/>\n<meta property=\"og:locale\" content=\"fr_FR\" \/>\n<meta property=\"og:type\" content=\"article\" \/>\n<meta property=\"og:title\" content=\"SEDAN console avec tiroir\" \/>\n<meta property=\"og:description\" content=\"Le meuble d&#039;entr\u00e9e Sedan rappelle la coque d&#039;un vieux navire. Une console design pour les cr\u00e9atifs et les amateurs de voyages. D\u00e9couvrez le!\" \/>\n<meta property=\"og:url\" content=\"https:\/\/dev.beltafrajumar.com\/fr\/produit\/sedan-console-avec-tiroir\/\" \/>\n<meta property=\"og:site_name\" content=\"Belt\u00e1 Frajumar\" \/>\n<meta property=\"article:modified_time\" content=\"2024-10-01T11:02:08+00:00\" \/>\n<meta property=\"og:image\" content=\"https:\/\/dev.beltafrajumar.com\/wp-content\/uploads\/2024\/04\/SEDAN-consola-con-cajon.png\" \/>\n\t<meta property=\"og:image:width\" content=\"1080\" \/>\n\t<meta property=\"og:image:height\" content=\"1080\" \/>\n\t<meta property=\"og:image:type\" content=\"image\/png\" \/>\n<meta name=\"twitter:card\" content=\"summary_large_image\" \/>\n<meta name=\"twitter:label1\" content=\"Dur\u00e9e de lecture estim\u00e9e\" \/>\n\t<meta name=\"twitter:data1\" content=\"1 minute\" \/>\n<script type=\"application\/ld+json\" class=\"yoast-schema-graph\">{\"@context\":\"https:\/\/schema.org\",\"@graph\":[{\"@type\":\"WebPage\",\"@id\":\"https:\/\/dev.beltafrajumar.com\/fr\/produit\/sedan-console-avec-tiroir\/\",\"url\":\"https:\/\/dev.beltafrajumar.com\/fr\/produit\/sedan-console-avec-tiroir\/\",\"name\":\"SEDAN console avec tiroir | Console design sculpt\u00e9e en bois massif\",\"isPartOf\":{\"@id\":\"https:\/\/dev.beltafrajumar.com\/fr\/#website\"},\"primaryImageOfPage\":{\"@id\":\"https:\/\/dev.beltafrajumar.com\/fr\/produit\/sedan-console-avec-tiroir\/#primaryimage\"},\"image\":{\"@id\":\"https:\/\/dev.beltafrajumar.com\/fr\/produit\/sedan-console-avec-tiroir\/#primaryimage\"},\"thumbnailUrl\":\"https:\/\/dev.beltafrajumar.com\/wp-content\/uploads\/2024\/04\/SEDAN-consola-con-cajon.png\",\"datePublished\":\"2024-04-04T14:47:10+00:00\",\"dateModified\":\"2024-10-01T11:02:08+00:00\",\"description\":\"Le meuble d'entr\u00e9e Sedan rappelle la coque d'un vieux navire. Une console design pour les cr\u00e9atifs et les amateurs de voyages. D\u00e9couvrez le!\",\"breadcrumb\":{\"@id\":\"https:\/\/dev.beltafrajumar.com\/fr\/produit\/sedan-console-avec-tiroir\/#breadcrumb\"},\"inLanguage\":\"fr-FR\",\"potentialAction\":[{\"@type\":\"ReadAction\",\"target\":[\"https:\/\/dev.beltafrajumar.com\/fr\/produit\/sedan-console-avec-tiroir\/\"]}]},{\"@type\":\"ImageObject\",\"inLanguage\":\"fr-FR\",\"@id\":\"https:\/\/dev.beltafrajumar.com\/fr\/produit\/sedan-console-avec-tiroir\/#primaryimage\",\"url\":\"https:\/\/dev.beltafrajumar.com\/wp-content\/uploads\/2024\/04\/SEDAN-consola-con-cajon.png\",\"contentUrl\":\"https:\/\/dev.beltafrajumar.com\/wp-content\/uploads\/2024\/04\/SEDAN-consola-con-cajon.png\",\"width\":1080,\"height\":1080,\"caption\":\"Console SEDAN avec tiroir - Meubles Belt\u00e1 Frajumar\"},{\"@type\":\"BreadcrumbList\",\"@id\":\"https:\/\/dev.beltafrajumar.com\/fr\/produit\/sedan-console-avec-tiroir\/#breadcrumb\",\"itemListElement\":[{\"@type\":\"ListItem\",\"position\":1,\"name\":\"Portada\",\"item\":\"https:\/\/dev.beltafrajumar.com\/fr\/\"},{\"@type\":\"ListItem\",\"position\":2,\"name\":\"Magasin de meubles sur mesure\",\"item\":\"https:\/\/dev.beltafrajumar.com\/tienda\/\"},{\"@type\":\"ListItem\",\"position\":3,\"name\":\"SEDAN console avec tiroir\"}]},{\"@type\":\"WebSite\",\"@id\":\"https:\/\/dev.beltafrajumar.com\/fr\/#website\",\"url\":\"https:\/\/dev.beltafrajumar.com\/fr\/\",\"name\":\"Belt\u00e1 Frajumar\",\"description\":\"Calidad, Dise\u00f1o y Decoraci\u00f3n de Interiores en Mobiliario Hospitality y Living\",\"publisher\":{\"@id\":\"https:\/\/dev.beltafrajumar.com\/fr\/#organization\"},\"alternateName\":\"Fabricante de mobiliario Hospitality y Living\",\"potentialAction\":[{\"@type\":\"SearchAction\",\"target\":{\"@type\":\"EntryPoint\",\"urlTemplate\":\"https:\/\/dev.beltafrajumar.com\/fr\/?s={search_term_string}\"},\"query-input\":{\"@type\":\"PropertyValueSpecification\",\"valueRequired\":true,\"valueName\":\"search_term_string\"}}],\"inLanguage\":\"fr-FR\"},{\"@type\":\"Organization\",\"@id\":\"https:\/\/dev.beltafrajumar.com\/fr\/#organization\",\"name\":\"Belt\u00e1 Frajumar\",\"alternateName\":\"Fabricant de meubles exclusif Belt\u00e1 Frajumar\",\"url\":\"https:\/\/dev.beltafrajumar.com\/fr\/\",\"logo\":{\"@type\":\"ImageObject\",\"inLanguage\":\"fr-FR\",\"@id\":\"https:\/\/dev.beltafrajumar.com\/fr\/#\/schema\/logo\/image\/\",\"url\":\"https:\/\/dev.beltafrajumar.com\/wp-content\/uploads\/2024\/10\/Logotipo-Belta-Frajumar-patrocinador-de-InterCIDEC-1.jpg\",\"contentUrl\":\"https:\/\/dev.beltafrajumar.com\/wp-content\/uploads\/2024\/10\/Logotipo-Belta-Frajumar-patrocinador-de-InterCIDEC-1.jpg\",\"width\":1080,\"height\":1080,\"caption\":\"Belt\u00e1 Frajumar\"},\"image\":{\"@id\":\"https:\/\/dev.beltafrajumar.com\/fr\/#\/schema\/logo\/image\/\"}}]}<\/script>\n<!-- \/ Yoast SEO Premium plugin. -->","yoast_head_json":{"title":"SEDAN console avec tiroir | Console design sculpt\u00e9e en bois massif","description":"Le meuble d'entr\u00e9e Sedan rappelle la coque d'un vieux navire. Une console design pour les cr\u00e9atifs et les amateurs de voyages. D\u00e9couvrez le!","robots":{"index":"noindex","follow":"follow","max-snippet":"max-snippet:-1","max-image-preview":"max-image-preview:large","max-video-preview":"max-video-preview:-1"},"og_locale":"fr_FR","og_type":"article","og_title":"SEDAN console avec tiroir","og_description":"Le meuble d'entr\u00e9e Sedan rappelle la coque d'un vieux navire. Une console design pour les cr\u00e9atifs et les amateurs de voyages. D\u00e9couvrez le!","og_url":"https:\/\/dev.beltafrajumar.com\/fr\/produit\/sedan-console-avec-tiroir\/","og_site_name":"Belt\u00e1 Frajumar","article_modified_time":"2024-10-01T11:02:08+00:00","og_image":[{"width":1080,"height":1080,"url":"https:\/\/dev.beltafrajumar.com\/wp-content\/uploads\/2024\/04\/SEDAN-consola-con-cajon.png","type":"image\/png"}],"twitter_card":"summary_large_image","twitter_misc":{"Dur\u00e9e de lecture estim\u00e9e":"1 minute"},"schema":{"@context":"https:\/\/schema.org","@graph":[{"@type":"WebPage","@id":"https:\/\/dev.beltafrajumar.com\/fr\/produit\/sedan-console-avec-tiroir\/","url":"https:\/\/dev.beltafrajumar.com\/fr\/produit\/sedan-console-avec-tiroir\/","name":"SEDAN console avec tiroir | Console design sculpt\u00e9e en bois massif","isPartOf":{"@id":"https:\/\/dev.beltafrajumar.com\/fr\/#website"},"primaryImageOfPage":{"@id":"https:\/\/dev.beltafrajumar.com\/fr\/produit\/sedan-console-avec-tiroir\/#primaryimage"},"image":{"@id":"https:\/\/dev.beltafrajumar.com\/fr\/produit\/sedan-console-avec-tiroir\/#primaryimage"},"thumbnailUrl":"https:\/\/dev.beltafrajumar.com\/wp-content\/uploads\/2024\/04\/SEDAN-consola-con-cajon.png","datePublished":"2024-04-04T14:47:10+00:00","dateModified":"2024-10-01T11:02:08+00:00","description":"Le meuble d'entr\u00e9e Sedan rappelle la coque d'un vieux navire. Une console design pour les cr\u00e9atifs et les amateurs de voyages. D\u00e9couvrez le!","breadcrumb":{"@id":"https:\/\/dev.beltafrajumar.com\/fr\/produit\/sedan-console-avec-tiroir\/#breadcrumb"},"inLanguage":"fr-FR","potentialAction":[{"@type":"ReadAction","target":["https:\/\/dev.beltafrajumar.com\/fr\/produit\/sedan-console-avec-tiroir\/"]}]},{"@type":"ImageObject","inLanguage":"fr-FR","@id":"https:\/\/dev.beltafrajumar.com\/fr\/produit\/sedan-console-avec-tiroir\/#primaryimage","url":"https:\/\/dev.beltafrajumar.com\/wp-content\/uploads\/2024\/04\/SEDAN-consola-con-cajon.png","contentUrl":"https:\/\/dev.beltafrajumar.com\/wp-content\/uploads\/2024\/04\/SEDAN-consola-con-cajon.png","width":1080,"height":1080,"caption":"Console SEDAN avec tiroir - Meubles Belt\u00e1 Frajumar"},{"@type":"BreadcrumbList","@id":"https:\/\/dev.beltafrajumar.com\/fr\/produit\/sedan-console-avec-tiroir\/#breadcrumb","itemListElement":[{"@type":"ListItem","position":1,"name":"Portada","item":"https:\/\/dev.beltafrajumar.com\/fr\/"},{"@type":"ListItem","position":2,"name":"Magasin de meubles sur mesure","item":"https:\/\/dev.beltafrajumar.com\/tienda\/"},{"@type":"ListItem","position":3,"name":"SEDAN console avec tiroir"}]},{"@type":"WebSite","@id":"https:\/\/dev.beltafrajumar.com\/fr\/#website","url":"https:\/\/dev.beltafrajumar.com\/fr\/","name":"Belt\u00e1 Frajumar","description":"Calidad, Dise\u00f1o y Decoraci\u00f3n de Interiores en Mobiliario Hospitality y Living","publisher":{"@id":"https:\/\/dev.beltafrajumar.com\/fr\/#organization"},"alternateName":"Fabricante de mobiliario Hospitality y Living","potentialAction":[{"@type":"SearchAction","target":{"@type":"EntryPoint","urlTemplate":"https:\/\/dev.beltafrajumar.com\/fr\/?s={search_term_string}"},"query-input":{"@type":"PropertyValueSpecification","valueRequired":true,"valueName":"search_term_string"}}],"inLanguage":"fr-FR"},{"@type":"Organization","@id":"https:\/\/dev.beltafrajumar.com\/fr\/#organization","name":"Belt\u00e1 Frajumar","alternateName":"Fabricant de meubles exclusif Belt\u00e1 Frajumar","url":"https:\/\/dev.beltafrajumar.com\/fr\/","logo":{"@type":"ImageObject","inLanguage":"fr-FR","@id":"https:\/\/dev.beltafrajumar.com\/fr\/#\/schema\/logo\/image\/","url":"https:\/\/dev.beltafrajumar.com\/wp-content\/uploads\/2024\/10\/Logotipo-Belta-Frajumar-patrocinador-de-InterCIDEC-1.jpg","contentUrl":"https:\/\/dev.beltafrajumar.com\/wp-content\/uploads\/2024\/10\/Logotipo-Belta-Frajumar-patrocinador-de-InterCIDEC-1.jpg","width":1080,"height":1080,"caption":"Belt\u00e1 Frajumar"},"image":{"@id":"https:\/\/dev.beltafrajumar.com\/fr\/#\/schema\/logo\/image\/"}}]}},"wcpa_form_fields":{"wcpaData":{"product":{"product_price":938.96,"price_html":"<span class=\"woocommerce-Price-amount amount\"><bdi>938.96&nbsp;<span class=\"woocommerce-Price-currencySymbol\">&euro;<\/span><\/bdi><\/span>","original_product_price":938.96,"price_including_tax":938.96,"price_excluding_tax":776,"product_id":{"parent":24446,"variation":false},"is_variable":false,"stock_status":"instock","stock_quantity":44,"parent_sku":"87814","product_attributes":{"pa_acabado-madera":{"is_variation":false,"values":["cerise","chene","fresno-fr","noyer","wenge"]}},"custom_fields":[],"is_taxable":true,"product_name":"SEDAN console avec tiroir","hasImage":false},"fields":{"sec_867174f9d79d57":{"extra":{"key":"sec_867174f9d79d57","section_id":"sec_867174f9d79d57","name":"Elige Acabado","status":1,"cl_rule":"show","enableCl":false,"relations":[],"toggle":true,"title_tag":"h3","show_title":false,"showPrice":"default","form_id":31616,"form_rules":{"exclude_from_discount":false,"fee_label":"Fee","disp_hide_options_price":true,"disp_show_section_price":false,"disp_show_field_price":false,"layout_option":"standard","pric_use_as_fee":false,"process_fee_as":"woo_fee"},"layout_option":"standard"},"fields":[[{"label":"Elige Tipo Consola","active":true,"required":true,"elementId":"image-group_967174f9d79d64","name":"image-group_967174f9d79d64","label_position":"default","desc_position":"default","enablePrice":true,"className":"","enableCl":false,"relations":false,"layOut":"inline","disp_size_img":{"width":"60","height":"60"},"enable_popup":"no","disp_type":"square","img_selection_type":"outline","multiple":false,"values":[{"label":"SED\u00c1N con caj\u00f3n 140cm","value":"SED\u00c4N con caj\u00f3n 140cm","selected":false,"image":"https:\/\/dev.beltafrajumar.com\/wp-content\/uploads\/2024\/12\/Consola-Sedan-con-cajon.jpg","thumb":"https:\/\/dev.beltafrajumar.com\/wp-content\/uploads\/2024\/12\/Consola-Sedan-con-cajon-150x150.jpg","tempId":"aco_635","image_id":34157,"price":"154","thumb_src":"https:\/\/dev.beltafrajumar.com\/wp-content\/uploads\/2024\/12\/Consola-Sedan-con-cajon-150x150.jpg","gt_translate_keys":["label"]},{"label":"SED\u00c1N sin caj\u00f3n 110cm","value":"SED\u00c1N 110cm","selected":false,"image":"https:\/\/dev.beltafrajumar.com\/wp-content\/uploads\/2024\/12\/Consola-Sedan-con-cajon-1.jpg","thumb":"https:\/\/dev.beltafrajumar.com\/wp-content\/uploads\/2024\/12\/Consola-Sedan-con-cajon-1-150x150.jpg","tempId":"aco_1351","image_id":34160,"price":"0","thumb_src":"https:\/\/dev.beltafrajumar.com\/wp-content\/uploads\/2024\/12\/Consola-Sedan-con-cajon-1-150x150.jpg","gt_translate_keys":["label"]}],"priceOptions":"different_for_all","pricingType":"fixed","price":"","cl_rule":"show","col":6,"type":"image-group","error":false,"img_preview":true,"img_preview_disable_mobile":false,"gt_translate_keys":["label"],"price_dependency":false,"cl_dependency":false,"value":""}],[{"label":"Elige Acabado Consola","active":true,"required":true,"elementId":"image-group-8971692114","name":"image-group-8971692114","label_position":"default","desc_position":"default","enablePrice":true,"className":"","enableCl":false,"relations":false,"layOut":"inline","disp_size_img":{"width":"60","height":"60"},"img_preview":true,"img_preview_disable_mobile":false,"enable_popup":"no","disp_type":"square","img_selection_type":"outline","multiple":false,"values":[{"label":"Nogal","value":"Nogal","selected":false,"image":"https:\/\/dev.beltafrajumar.com\/wp-content\/uploads\/2024\/10\/SEDAN-consola-Nogal-Mobiliario-Belta-Frajumar.jpg","thumb":"https:\/\/dev.beltafrajumar.com\/wp-content\/uploads\/2024\/10\/SEDAN-consola-Nogal-Mobiliario-Belta-Frajumar-150x150.jpg","tempId":"aco_635","image_id":31604,"price":"0","thumb_src":"https:\/\/dev.beltafrajumar.com\/wp-content\/uploads\/2024\/10\/SEDAN-consola-Nogal-Mobiliario-Belta-Frajumar-150x150.jpg","gt_translate_keys":["label"]},{"label":"Roble","value":"Roble","selected":false,"image":"https:\/\/dev.beltafrajumar.com\/wp-content\/uploads\/2024\/10\/SEDAN-consola-Roble-Mobiliario-Belta-Frajumar.jpg","thumb":"https:\/\/dev.beltafrajumar.com\/wp-content\/uploads\/2024\/10\/SEDAN-consola-Roble-Mobiliario-Belta-Frajumar-150x150.jpg","tempId":"aco_1351","image_id":31607,"price":"0","thumb_src":"https:\/\/dev.beltafrajumar.com\/wp-content\/uploads\/2024\/10\/SEDAN-consola-Roble-Mobiliario-Belta-Frajumar-150x150.jpg","gt_translate_keys":["label"]},{"label":"Fresno","value":"Fresno","selected":false,"image":"https:\/\/dev.beltafrajumar.com\/wp-content\/uploads\/2024\/10\/SEDAN-consola-Fresno-Mobiliario-Belta-Frajumar.jpg","thumb":"https:\/\/dev.beltafrajumar.com\/wp-content\/uploads\/2024\/10\/SEDAN-consola-Fresno-Mobiliario-Belta-Frajumar-150x150.jpg","tempId":"aco_636","image_id":31601,"price":"0","thumb_src":"https:\/\/dev.beltafrajumar.com\/wp-content\/uploads\/2024\/10\/SEDAN-consola-Fresno-Mobiliario-Belta-Frajumar-150x150.jpg","gt_translate_keys":["label"]},{"label":"Wengu\u00e9","value":"Wengu\u00e9","selected":false,"image":"https:\/\/dev.beltafrajumar.com\/wp-content\/uploads\/2024\/10\/Pata-Wengue.jpg","thumb":"https:\/\/dev.beltafrajumar.com\/wp-content\/uploads\/2024\/10\/Pata-Wengue-150x150.jpg","tempId":"aco_1193","image_id":30958,"price":"0","thumb_src":"https:\/\/dev.beltafrajumar.com\/wp-content\/uploads\/2024\/10\/Pata-Wengue-150x150.jpg","gt_translate_keys":["label"]},{"label":"Cerezo","value":"Cerezo","selected":false,"image":"https:\/\/dev.beltafrajumar.com\/wp-content\/uploads\/2024\/10\/Cerezo.jpg","thumb":"https:\/\/dev.beltafrajumar.com\/wp-content\/uploads\/2024\/10\/Cerezo-150x150.jpg","tempId":"aco_1337","image_id":31029,"price":"0","thumb_src":"https:\/\/dev.beltafrajumar.com\/wp-content\/uploads\/2024\/10\/Cerezo-150x150.jpg","gt_translate_keys":["label"]}],"priceOptions":"different_for_all","pricingType":"fixed","price":"","cl_rule":"show","col":6,"type":"image-group","error":false,"gt_translate_keys":["label"],"price_dependency":false,"cl_dependency":false,"value":""}]]}},"config":{"price_override":"","enable_recaptcha":false,"bind_quantity":false,"quantity_bind_formula":false,"disp_summ_show_option_price":true,"disp_summ_show_product_price":true,"disp_summ_show_total_price":true,"disp_summ_show_fee":false,"disp_summ_show_discount":false,"summary_title":"","options_total_label":"Opciones","total_label":"Total","options_product_label":"Precio","fee_label":"Fee","discount_label":"Discount","has_price":true,"has_quantity_formula":false},"mc_unit":1,"tax_rate":1.21,"tax_rate_real":0.21,"discount":{"percentage":0,"fixed":0},"design":{"conf":{"LabelPosition":"above","DescPosition":"above","UploadField":"custom_1","QuantityFieldStyle":"default"},"css":{"LeftLabelWidth":"120px"}},"formulas":[],"clones":false,"cartKey":false}},"_links":{"self":[{"href":"https:\/\/dev.beltafrajumar.com\/fr\/wp-json\/wp\/v2\/product\/24446","targetHints":{"allow":["GET"]}}],"collection":[{"href":"https:\/\/dev.beltafrajumar.com\/fr\/wp-json\/wp\/v2\/product"}],"about":[{"href":"https:\/\/dev.beltafrajumar.com\/fr\/wp-json\/wp\/v2\/types\/product"}],"replies":[{"embeddable":true,"href":"https:\/\/dev.beltafrajumar.com\/fr\/wp-json\/wp\/v2\/comments?post=24446"}],"version-history":[{"count":0,"href":"https:\/\/dev.beltafrajumar.com\/fr\/wp-json\/wp\/v2\/product\/24446\/revisions"}],"wp:featuredmedia":[{"embeddable":true,"href":"https:\/\/dev.beltafrajumar.com\/fr\/wp-json\/wp\/v2\/media\/15709"}],"wp:attachment":[{"href":"https:\/\/dev.beltafrajumar.com\/fr\/wp-json\/wp\/v2\/media?parent=24446"}],"wp:term":[{"taxonomy":"product_brand","embeddable":true,"href":"https:\/\/dev.beltafrajumar.com\/fr\/wp-json\/wp\/v2\/product_brand?post=24446"},{"taxonomy":"product_cat","embeddable":true,"href":"https:\/\/dev.beltafrajumar.com\/fr\/wp-json\/wp\/v2\/product_cat?post=24446"},{"taxonomy":"product_tag","embeddable":true,"href":"https:\/\/dev.beltafrajumar.com\/fr\/wp-json\/wp\/v2\/product_tag?post=24446"}],"curies":[{"name":"wp","href":"https:\/\/api.w.org\/{rel}","templated":true}]}}