{"id":23709,"date":"2024-04-04T16:48:00","date_gmt":"2024-04-04T14:48:00","guid":{"rendered":"https:\/\/dev.beltafrajumar.com\/producto\/tabouret-nude\/"},"modified":"2024-07-11T08:46:05","modified_gmt":"2024-07-11T06:46:05","slug":"tabouret-nude","status":"publish","type":"product","link":"https:\/\/dev.beltafrajumar.com\/fr\/produit\/tabouret-nude\/","title":{"rendered":"Tabouret NUDE"},"content":{"rendered":"\t\t<div data-elementor-type=\"product-post\" data-elementor-id=\"23709\" class=\"elementor elementor-23709 elementor-2587\" data-elementor-post-type=\"product\">\n\t\t\t\t<div data-particle_enable=\"false\" data-particle-mobile-disabled=\"false\" class=\"elementor-element elementor-element-f7865f9 e-flex e-con-boxed wd-section-disabled e-con e-parent\" data-id=\"f7865f9\" data-element_type=\"container\">\n\t\t\t\t\t<div class=\"e-con-inner\">\n\t\t\t\t<div class=\"elementor-element elementor-element-d55ca61 elementor-widget elementor-widget-wd_image_hotspot\" data-id=\"d55ca61\" data-element_type=\"widget\" data-widget_type=\"wd_image_hotspot.default\">\n\t\t\t\t<div class=\"elementor-widget-container\">\n\t\t\t\t\t\t\t<div class=\"wd-image-hotspot-wrapper hotspot-action-hover hotspot-icon-default color-scheme- wd-hotspot-static\">\n\t\t\t<div class=\"wd-image-hotspot-hotspots\">\n\t\t\t\t\t\t\t\t\t<img decoding=\"async\" class=\"wd-image-hotspot-img\" src=\"https:\/\/dev.beltafrajumar.com\/wp-content\/uploads\/2024\/04\/NUDE-taburete-4.jpg\" alt=\"Taburete NUDE - Mobiliario Belt\u00e1 Frajumar\" title=\"Taburete NUDE &#8211; Mobiliario Belt\u00e1 Frajumar\">\t\t\t\t\n\t\t\t\t\t\t\t\t\t\t\t\t\t\t<div class=\"wd-image-hotspot hotspot-type-product elementor-repeater-item-ad79d4a\">\n\t\t\t\t\t\t<span class=\"hotspot-sonar\"><\/span>\n\t\t\t\t\t\t<div class=\"hotspot-btn wd-fill\"><\/div>\n\n\t\t\t\t\t\t\t\t\t\t\t\t\t<div class=\"hotspot-product hotspot-content wd-scroll hotspot-dropdown-top\">\n\t\t\t\t\t\t\t\t<div class=\"hotspot-content-image\">\n\t\t\t\t\t\t\t\t\t<a href=\"https:\/\/dev.beltafrajumar.com\/fr\/produit\/tabouret-nude\/\">\n\t\t\t\t\t\t\t\t\t\t<img fetchpriority=\"high\" decoding=\"async\" width=\"600\" height=\"600\" src=\"https:\/\/dev.beltafrajumar.com\/wp-content\/uploads\/2024\/04\/Taburete-NUDE-600x600.jpg\" class=\"attachment-woocommerce_thumbnail size-woocommerce_thumbnail\" alt=\"Tabouret NUDE - Meubles Belt\u00e1 Frajumar\" srcset=\"https:\/\/dev.beltafrajumar.com\/wp-content\/uploads\/2024\/04\/Taburete-NUDE-600x600.jpg 600w, https:\/\/dev.beltafrajumar.com\/wp-content\/uploads\/2024\/04\/Taburete-NUDE-200x200.jpg 200w, https:\/\/dev.beltafrajumar.com\/wp-content\/uploads\/2024\/04\/Taburete-NUDE-700x700.jpg 700w, https:\/\/dev.beltafrajumar.com\/wp-content\/uploads\/2024\/04\/Taburete-NUDE-300x300.jpg 300w, https:\/\/dev.beltafrajumar.com\/wp-content\/uploads\/2024\/04\/Taburete-NUDE-150x150.jpg 150w, https:\/\/dev.beltafrajumar.com\/wp-content\/uploads\/2024\/04\/Taburete-NUDE-768x768.jpg 768w, https:\/\/dev.beltafrajumar.com\/wp-content\/uploads\/2024\/04\/Taburete-NUDE-1200x1200.jpg 1200w, https:\/\/dev.beltafrajumar.com\/wp-content\/uploads\/2024\/04\/Taburete-NUDE.jpg 1492w\" sizes=\"(max-width: 600px) 100vw, 600px\" \/>\t\t\t\t\t\t\t\t\t<\/a>\n\t\t\t\t\t\t\t\t<\/div>\n\t\t\t\t\t\t\t\t\n\t\t\t\t\t\t\t\t<h4 class=\"wd-entities-title\">\n\t\t\t\t\t\t\t\t\t<a href=\"https:\/\/dev.beltafrajumar.com\/fr\/produit\/tabouret-nude\/\">\n\t\t\t\t\t\t\t\t\t\tTabouret NUDE\t\t\t\t\t\t\t\t\t<\/a>\n\t\t\t\t\t\t\t\t<\/h4>\n\t\t\t\t\t\t\t\t\n\t\t\t\t\t\t\t\t\t\t\t\t\t\t\t\t\t\t\t\t\t\t\t\t\t\t\t\t\t\t\t\t\t\n\t\t\t\t\t\t\t\t<div class=\"price\">\n\t\t\t\t\t\t\t\t\t\t\t\t\t\t\t\t\t<\/div>\n\t\t\t\t\t\t\t\t\n\t\t\t\t\t\t\t\t<div class=\"hotspot-content-text wd-more-desc set-cont-mb-s reset-last-child\">\n\t\t\t\t\t\t\t\t\t<div class=\"wd-more-desc-inner\">\n\t\t\t\t\t\t\t\t\t\tD\u00e9couvrez l'essence du minimalisme avec notre tabouret au design impeccable. Fusionnant fonctionnalit\u00e9 et esth\u00e9tique moderne, ce tabouret est le choix parfait pour les bars et les \u00eelots de cuisine \u00e0 la recherche d'une touche de style contemporain.\t\t\t\t\t\t\t\t\t<\/div>\n\t\t\t\t\t\t\t\t\t<a href=\"#\" rel=\"nofollow\" class=\"wd-more-desc-btn\"  aria-label=\"Read more description button\"><span><\/span><\/a>\n\t\t\t\t\t\t\t\t<\/div>\n\t\t\t\t\t\t\t\t\n\t\t\t\t\t\t\t\t<a href=\"https:\/\/dev.beltafrajumar.com\/fr\/produit\/tabouret-nude\/\" class=\"button product_type_simple ajax_add_to_cart\" data-product_id=\"23709\" rel=\"nofollow\">\n\t\t\t\t\t\t\t\t\tLire la suite\t\t\t\t\t\t\t\t<\/a>\n\t\t\t\t\t\t\t<\/div>\n\t\t\t\t\t\t\t\t\t\t\t<\/div>\n\t\t\t\t\t\t\t\t\t\t\t\t\t\t<div class=\"wd-image-hotspot hotspot-type-text elementor-repeater-item-7f412cf\">\n\t\t\t\t\t\t<span class=\"hotspot-sonar\"><\/span>\n\t\t\t\t\t\t<div class=\"hotspot-btn wd-fill\"><\/div>\n\n\t\t\t\t\t\t\t\t\t\t\t\t\t<div class=\"hotspot-text hotspot-content hotspot-dropdown-top\">\n\t\t\t\t\t\t\t\t<div class=\"hotspot-content-image\">\n\t\t\t\t\t\t\t\t\t\t\t\t\t\t\t\t\t<\/div>\n\t\t\t\t\t\t\t\t\n\t\t\t\t\t\t\t\t<h4 class=\"wd-entities-title\">\n\t\t\t\t\t\t\t\t\tMobilier d&#039;accueil Belt\u00e1 Frajumar\t\t\t\t\t\t\t\t<\/h4>\n\t\t\t\t\t\t\t\t\n\t\t\t\t\t\t\t\t<div class=\"hotspot-content-text set-cont-mb-s reset-last-child\">\n\t\t\t\t\t\t\t\t\tLorem ipsum dolor sit amet, consectetur adipiscing elit, sed do eiusmod tempor incididunt ut labore et dolore magna aliqua.\t\t\t\t\t\t\t\t<\/div>\n\n\t\t\t\t\t\t\t\t\t\t\t\t\t\t\t\t\t<a class=\"btn btn-color-primary btn-size-small\"  href=\"https:\/\/dev.beltafrajumar.com\/categoria-producto\/mobiliario-contract\/\">\n\t\t\t\t\t\t\t\t\t\tPlus de produits\t\t\t\t\t\t\t\t\t<\/a>\n\t\t\t\t\t\t\t\t\t\t\t\t\t\t\t<\/div>\n\t\t\t\t\t\t\t\t\t\t\t<\/div>\n\t\t\t\t\t\t\t<\/div>\n\t\t<\/div>\n\t\t\t\t\t\t<\/div>\n\t\t\t\t<\/div>\n\t\t\t\t\t<\/div>\n\t\t\t\t<\/div>\n\t\t\t\t<\/div>\n\t\t","protected":false},"excerpt":{"rendered":"<p>D\u00e9couvrez l&rsquo;essence du minimalisme avec notre tabouret au design impeccable. Fusionnant fonctionnalit\u00e9 et esth\u00e9tique moderne, ce tabouret est le choix parfait pour les bars et les \u00eelots de cuisine \u00e0 la recherche d&rsquo;une touche de style contemporain.<\/p>\n","protected":false},"featured_media":15939,"comment_status":"closed","ping_status":"closed","template":"","meta":{"_acf_changed":false},"product_brand":[],"product_cat":[904,923],"product_tag":[2288],"class_list":{"0":"post-23709","1":"product","2":"type-product","3":"status-publish","4":"has-post-thumbnail","6":"product_cat-mobilier-hotel","7":"product_cat-tabourets-hotels","8":"product_tag-pas-de-vente-en-ligne","10":"first","11":"instock","12":"taxable","13":"shipping-taxable","14":"product-type-simple"},"acf":[],"yoast_head":"<!-- This site is optimized with the Yoast SEO Premium plugin v24.2 (Yoast SEO v25.3.1) - https:\/\/yoast.com\/wordpress\/plugins\/seo\/ -->\n<title>Tabouret NUDE | Con\u00e7u sur mesure, exclusif | Belt\u00e1 Frajumar<\/title>\n<meta name=\"description\" content=\"D\u00e9couvrez l&#039;essence du minimalisme avec le tabouret NUDE, id\u00e9al pour les bars et \u00eelots de cuisine \u00e0 la recherche d&#039;une touche de style contemporain.\" \/>\n<meta name=\"robots\" content=\"noindex, follow, max-snippet:-1, max-image-preview:large, max-video-preview:-1\" \/>\n<meta property=\"og:locale\" content=\"fr_FR\" \/>\n<meta property=\"og:type\" content=\"article\" \/>\n<meta property=\"og:title\" content=\"Tabouret NUDE\" \/>\n<meta property=\"og:description\" content=\"D\u00e9couvrez l&#039;essence du minimalisme avec le tabouret NUDE, id\u00e9al pour les bars et \u00eelots de cuisine \u00e0 la recherche d&#039;une touche de style contemporain.\" \/>\n<meta property=\"og:url\" content=\"https:\/\/dev.beltafrajumar.com\/fr\/produit\/tabouret-nude\/\" \/>\n<meta property=\"og:site_name\" content=\"Belt\u00e1 Frajumar\" \/>\n<meta property=\"article:modified_time\" content=\"2024-07-11T06:46:05+00:00\" \/>\n<meta property=\"og:image\" content=\"https:\/\/dev.beltafrajumar.com\/wp-content\/uploads\/2024\/04\/Taburete-NUDE.jpg\" \/>\n\t<meta property=\"og:image:width\" content=\"1492\" \/>\n\t<meta property=\"og:image:height\" content=\"1492\" \/>\n\t<meta property=\"og:image:type\" content=\"image\/jpeg\" \/>\n<meta name=\"twitter:card\" content=\"summary_large_image\" \/>\n<script type=\"application\/ld+json\" class=\"yoast-schema-graph\">{\"@context\":\"https:\/\/schema.org\",\"@graph\":[{\"@type\":\"WebPage\",\"@id\":\"https:\/\/dev.beltafrajumar.com\/fr\/produit\/tabouret-nude\/\",\"url\":\"https:\/\/dev.beltafrajumar.com\/fr\/produit\/tabouret-nude\/\",\"name\":\"Tabouret NUDE | Con\u00e7u sur mesure, exclusif | Belt\u00e1 Frajumar\",\"isPartOf\":{\"@id\":\"https:\/\/dev.beltafrajumar.com\/fr\/#website\"},\"primaryImageOfPage\":{\"@id\":\"https:\/\/dev.beltafrajumar.com\/fr\/produit\/tabouret-nude\/#primaryimage\"},\"image\":{\"@id\":\"https:\/\/dev.beltafrajumar.com\/fr\/produit\/tabouret-nude\/#primaryimage\"},\"thumbnailUrl\":\"https:\/\/dev.beltafrajumar.com\/wp-content\/uploads\/2024\/04\/Taburete-NUDE.jpg\",\"datePublished\":\"2024-04-04T14:48:00+00:00\",\"dateModified\":\"2024-07-11T06:46:05+00:00\",\"description\":\"D\u00e9couvrez l'essence du minimalisme avec le tabouret NUDE, id\u00e9al pour les bars et \u00eelots de cuisine \u00e0 la recherche d'une touche de style contemporain.\",\"breadcrumb\":{\"@id\":\"https:\/\/dev.beltafrajumar.com\/fr\/produit\/tabouret-nude\/#breadcrumb\"},\"inLanguage\":\"fr-FR\",\"potentialAction\":[{\"@type\":\"ReadAction\",\"target\":[\"https:\/\/dev.beltafrajumar.com\/fr\/produit\/tabouret-nude\/\"]}]},{\"@type\":\"ImageObject\",\"inLanguage\":\"fr-FR\",\"@id\":\"https:\/\/dev.beltafrajumar.com\/fr\/produit\/tabouret-nude\/#primaryimage\",\"url\":\"https:\/\/dev.beltafrajumar.com\/wp-content\/uploads\/2024\/04\/Taburete-NUDE.jpg\",\"contentUrl\":\"https:\/\/dev.beltafrajumar.com\/wp-content\/uploads\/2024\/04\/Taburete-NUDE.jpg\",\"width\":1492,\"height\":1492,\"caption\":\"Tabouret NUDE - Meubles Belt\u00e1 Frajumar\"},{\"@type\":\"BreadcrumbList\",\"@id\":\"https:\/\/dev.beltafrajumar.com\/fr\/produit\/tabouret-nude\/#breadcrumb\",\"itemListElement\":[{\"@type\":\"ListItem\",\"position\":1,\"name\":\"Portada\",\"item\":\"https:\/\/dev.beltafrajumar.com\/fr\/\"},{\"@type\":\"ListItem\",\"position\":2,\"name\":\"Magasin de meubles sur mesure\",\"item\":\"https:\/\/dev.beltafrajumar.com\/tienda\/\"},{\"@type\":\"ListItem\",\"position\":3,\"name\":\"Tabouret NUDE\"}]},{\"@type\":\"WebSite\",\"@id\":\"https:\/\/dev.beltafrajumar.com\/fr\/#website\",\"url\":\"https:\/\/dev.beltafrajumar.com\/fr\/\",\"name\":\"Belt\u00e1 Frajumar\",\"description\":\"Calidad, Dise\u00f1o y Decoraci\u00f3n de Interiores en Mobiliario Hospitality y Living\",\"publisher\":{\"@id\":\"https:\/\/dev.beltafrajumar.com\/fr\/#organization\"},\"alternateName\":\"Fabricante de mobiliario Hospitality y Living\",\"potentialAction\":[{\"@type\":\"SearchAction\",\"target\":{\"@type\":\"EntryPoint\",\"urlTemplate\":\"https:\/\/dev.beltafrajumar.com\/fr\/?s={search_term_string}\"},\"query-input\":{\"@type\":\"PropertyValueSpecification\",\"valueRequired\":true,\"valueName\":\"search_term_string\"}}],\"inLanguage\":\"fr-FR\"},{\"@type\":\"Organization\",\"@id\":\"https:\/\/dev.beltafrajumar.com\/fr\/#organization\",\"name\":\"Belt\u00e1 Frajumar\",\"alternateName\":\"Fabricant de meubles exclusif Belt\u00e1 Frajumar\",\"url\":\"https:\/\/dev.beltafrajumar.com\/fr\/\",\"logo\":{\"@type\":\"ImageObject\",\"inLanguage\":\"fr-FR\",\"@id\":\"https:\/\/dev.beltafrajumar.com\/fr\/#\/schema\/logo\/image\/\",\"url\":\"https:\/\/dev.beltafrajumar.com\/wp-content\/uploads\/2024\/10\/Logotipo-Belta-Frajumar-patrocinador-de-InterCIDEC-1.jpg\",\"contentUrl\":\"https:\/\/dev.beltafrajumar.com\/wp-content\/uploads\/2024\/10\/Logotipo-Belta-Frajumar-patrocinador-de-InterCIDEC-1.jpg\",\"width\":1080,\"height\":1080,\"caption\":\"Belt\u00e1 Frajumar\"},\"image\":{\"@id\":\"https:\/\/dev.beltafrajumar.com\/fr\/#\/schema\/logo\/image\/\"}}]}<\/script>\n<!-- \/ Yoast SEO Premium plugin. -->","yoast_head_json":{"title":"Tabouret NUDE | Con\u00e7u sur mesure, exclusif | Belt\u00e1 Frajumar","description":"D\u00e9couvrez l'essence du minimalisme avec le tabouret NUDE, id\u00e9al pour les bars et \u00eelots de cuisine \u00e0 la recherche d'une touche de style contemporain.","robots":{"index":"noindex","follow":"follow","max-snippet":"max-snippet:-1","max-image-preview":"max-image-preview:large","max-video-preview":"max-video-preview:-1"},"og_locale":"fr_FR","og_type":"article","og_title":"Tabouret NUDE","og_description":"D\u00e9couvrez l'essence du minimalisme avec le tabouret NUDE, id\u00e9al pour les bars et \u00eelots de cuisine \u00e0 la recherche d'une touche de style contemporain.","og_url":"https:\/\/dev.beltafrajumar.com\/fr\/produit\/tabouret-nude\/","og_site_name":"Belt\u00e1 Frajumar","article_modified_time":"2024-07-11T06:46:05+00:00","og_image":[{"width":1492,"height":1492,"url":"https:\/\/dev.beltafrajumar.com\/wp-content\/uploads\/2024\/04\/Taburete-NUDE.jpg","type":"image\/jpeg"}],"twitter_card":"summary_large_image","schema":{"@context":"https:\/\/schema.org","@graph":[{"@type":"WebPage","@id":"https:\/\/dev.beltafrajumar.com\/fr\/produit\/tabouret-nude\/","url":"https:\/\/dev.beltafrajumar.com\/fr\/produit\/tabouret-nude\/","name":"Tabouret NUDE | Con\u00e7u sur mesure, exclusif | Belt\u00e1 Frajumar","isPartOf":{"@id":"https:\/\/dev.beltafrajumar.com\/fr\/#website"},"primaryImageOfPage":{"@id":"https:\/\/dev.beltafrajumar.com\/fr\/produit\/tabouret-nude\/#primaryimage"},"image":{"@id":"https:\/\/dev.beltafrajumar.com\/fr\/produit\/tabouret-nude\/#primaryimage"},"thumbnailUrl":"https:\/\/dev.beltafrajumar.com\/wp-content\/uploads\/2024\/04\/Taburete-NUDE.jpg","datePublished":"2024-04-04T14:48:00+00:00","dateModified":"2024-07-11T06:46:05+00:00","description":"D\u00e9couvrez l'essence du minimalisme avec le tabouret NUDE, id\u00e9al pour les bars et \u00eelots de cuisine \u00e0 la recherche d'une touche de style contemporain.","breadcrumb":{"@id":"https:\/\/dev.beltafrajumar.com\/fr\/produit\/tabouret-nude\/#breadcrumb"},"inLanguage":"fr-FR","potentialAction":[{"@type":"ReadAction","target":["https:\/\/dev.beltafrajumar.com\/fr\/produit\/tabouret-nude\/"]}]},{"@type":"ImageObject","inLanguage":"fr-FR","@id":"https:\/\/dev.beltafrajumar.com\/fr\/produit\/tabouret-nude\/#primaryimage","url":"https:\/\/dev.beltafrajumar.com\/wp-content\/uploads\/2024\/04\/Taburete-NUDE.jpg","contentUrl":"https:\/\/dev.beltafrajumar.com\/wp-content\/uploads\/2024\/04\/Taburete-NUDE.jpg","width":1492,"height":1492,"caption":"Tabouret NUDE - Meubles Belt\u00e1 Frajumar"},{"@type":"BreadcrumbList","@id":"https:\/\/dev.beltafrajumar.com\/fr\/produit\/tabouret-nude\/#breadcrumb","itemListElement":[{"@type":"ListItem","position":1,"name":"Portada","item":"https:\/\/dev.beltafrajumar.com\/fr\/"},{"@type":"ListItem","position":2,"name":"Magasin de meubles sur mesure","item":"https:\/\/dev.beltafrajumar.com\/tienda\/"},{"@type":"ListItem","position":3,"name":"Tabouret NUDE"}]},{"@type":"WebSite","@id":"https:\/\/dev.beltafrajumar.com\/fr\/#website","url":"https:\/\/dev.beltafrajumar.com\/fr\/","name":"Belt\u00e1 Frajumar","description":"Calidad, Dise\u00f1o y Decoraci\u00f3n de Interiores en Mobiliario Hospitality y Living","publisher":{"@id":"https:\/\/dev.beltafrajumar.com\/fr\/#organization"},"alternateName":"Fabricante de mobiliario Hospitality y Living","potentialAction":[{"@type":"SearchAction","target":{"@type":"EntryPoint","urlTemplate":"https:\/\/dev.beltafrajumar.com\/fr\/?s={search_term_string}"},"query-input":{"@type":"PropertyValueSpecification","valueRequired":true,"valueName":"search_term_string"}}],"inLanguage":"fr-FR"},{"@type":"Organization","@id":"https:\/\/dev.beltafrajumar.com\/fr\/#organization","name":"Belt\u00e1 Frajumar","alternateName":"Fabricant de meubles exclusif Belt\u00e1 Frajumar","url":"https:\/\/dev.beltafrajumar.com\/fr\/","logo":{"@type":"ImageObject","inLanguage":"fr-FR","@id":"https:\/\/dev.beltafrajumar.com\/fr\/#\/schema\/logo\/image\/","url":"https:\/\/dev.beltafrajumar.com\/wp-content\/uploads\/2024\/10\/Logotipo-Belta-Frajumar-patrocinador-de-InterCIDEC-1.jpg","contentUrl":"https:\/\/dev.beltafrajumar.com\/wp-content\/uploads\/2024\/10\/Logotipo-Belta-Frajumar-patrocinador-de-InterCIDEC-1.jpg","width":1080,"height":1080,"caption":"Belt\u00e1 Frajumar"},"image":{"@id":"https:\/\/dev.beltafrajumar.com\/fr\/#\/schema\/logo\/image\/"}}]}},"wcpa_form_fields":null,"_links":{"self":[{"href":"https:\/\/dev.beltafrajumar.com\/fr\/wp-json\/wp\/v2\/product\/23709","targetHints":{"allow":["GET"]}}],"collection":[{"href":"https:\/\/dev.beltafrajumar.com\/fr\/wp-json\/wp\/v2\/product"}],"about":[{"href":"https:\/\/dev.beltafrajumar.com\/fr\/wp-json\/wp\/v2\/types\/product"}],"replies":[{"embeddable":true,"href":"https:\/\/dev.beltafrajumar.com\/fr\/wp-json\/wp\/v2\/comments?post=23709"}],"version-history":[{"count":0,"href":"https:\/\/dev.beltafrajumar.com\/fr\/wp-json\/wp\/v2\/product\/23709\/revisions"}],"wp:featuredmedia":[{"embeddable":true,"href":"https:\/\/dev.beltafrajumar.com\/fr\/wp-json\/wp\/v2\/media\/15939"}],"wp:attachment":[{"href":"https:\/\/dev.beltafrajumar.com\/fr\/wp-json\/wp\/v2\/media?parent=23709"}],"wp:term":[{"taxonomy":"product_brand","embeddable":true,"href":"https:\/\/dev.beltafrajumar.com\/fr\/wp-json\/wp\/v2\/product_brand?post=23709"},{"taxonomy":"product_cat","embeddable":true,"href":"https:\/\/dev.beltafrajumar.com\/fr\/wp-json\/wp\/v2\/product_cat?post=23709"},{"taxonomy":"product_tag","embeddable":true,"href":"https:\/\/dev.beltafrajumar.com\/fr\/wp-json\/wp\/v2\/product_tag?post=23709"}],"curies":[{"name":"wp","href":"https:\/\/api.w.org\/{rel}","templated":true}]}}