{"id":22961,"date":"2024-04-04T16:53:26","date_gmt":"2024-04-04T14:53:26","guid":{"rendered":"https:\/\/dev.beltafrajumar.com\/producto\/arbo-table-dappoint\/"},"modified":"2024-07-08T10:39:25","modified_gmt":"2024-07-08T08:39:25","slug":"arbo-table-dappoint","status":"publish","type":"product","link":"https:\/\/dev.beltafrajumar.com\/fr\/produit\/arbo-table-dappoint\/","title":{"rendered":"ARBO table d&rsquo;appoint"},"content":{"rendered":"","protected":false},"excerpt":{"rendered":"<p>La table d&rsquo;appoint ARBO est un meuble exclusif et luxueux con\u00e7u pour le secteur h\u00f4telier. Avec son design \u00e9l\u00e9gant et raffin\u00e9, ARBO ajoute une touche de sophistication \u00e0 n&rsquo;importe quel espace, alliant fonctionnalit\u00e9 et style incomparable. Fabriqu\u00e9e selon les normes de qualit\u00e9 les plus \u00e9lev\u00e9es, cette table d&rsquo;appoint est un choix parfait pour cr\u00e9er des environnements confortables et luxueux dans les h\u00f4tels et les espaces d&rsquo;accueil exclusifs.<\/p>\n","protected":false},"featured_media":13523,"comment_status":"closed","ping_status":"closed","template":"","meta":{"_acf_changed":false},"product_brand":[],"product_cat":[907,904,913],"product_tag":[1383,2288],"class_list":{"0":"post-22961","1":"product","2":"type-product","3":"status-publish","4":"has-post-thumbnail","6":"product_cat-fauteuils-hotels","7":"product_cat-mobilier-hotel","8":"product_cat-tables-dappoint-hotel","9":"product_tag-jose-miguel-andres-fr","10":"product_tag-pas-de-vente-en-ligne","12":"first","13":"instock","14":"taxable","15":"shipping-taxable","16":"product-type-simple"},"acf":[],"yoast_head":"<!-- This site is optimized with the Yoast SEO Premium plugin v24.2 (Yoast SEO v25.3.1) - https:\/\/yoast.com\/wordpress\/plugins\/seo\/ -->\n<title>ARBO table d&#039;appoint | Con\u00e7u sur mesure, exclusif | Belt\u00e1 Frajumar<\/title>\n<meta name=\"description\" content=\"Table d&#039;appoint ARBO, au design exclusif et luxueux, id\u00e9ale pour ajouter de la sophistication et de la fonctionnalit\u00e9 \u00e0 tout espace d&#039;accueil.\" \/>\n<meta name=\"robots\" content=\"noindex, follow, max-snippet:-1, max-image-preview:large, max-video-preview:-1\" \/>\n<meta property=\"og:locale\" content=\"fr_FR\" \/>\n<meta property=\"og:type\" content=\"article\" \/>\n<meta property=\"og:title\" content=\"ARBO table d&#039;appoint\" \/>\n<meta property=\"og:description\" content=\"Table d&#039;appoint ARBO, au design exclusif et luxueux, id\u00e9ale pour ajouter de la sophistication et de la fonctionnalit\u00e9 \u00e0 tout espace d&#039;accueil.\" \/>\n<meta property=\"og:url\" content=\"https:\/\/dev.beltafrajumar.com\/fr\/produit\/arbo-table-dappoint\/\" \/>\n<meta property=\"og:site_name\" content=\"Belt\u00e1 Frajumar\" \/>\n<meta property=\"article:modified_time\" content=\"2024-07-08T08:39:25+00:00\" \/>\n<meta property=\"og:image\" content=\"https:\/\/dev.beltafrajumar.com\/wp-content\/uploads\/2024\/04\/ARBO-mesa-auxiliar-para-hotel-Mobiliario-Hospitality-Contract-exclusivo-Belta-Frajumar.png\" \/>\n\t<meta property=\"og:image:width\" content=\"1080\" \/>\n\t<meta property=\"og:image:height\" content=\"1080\" \/>\n\t<meta property=\"og:image:type\" content=\"image\/png\" \/>\n<meta name=\"twitter:card\" content=\"summary_large_image\" \/>\n<script type=\"application\/ld+json\" class=\"yoast-schema-graph\">{\"@context\":\"https:\/\/schema.org\",\"@graph\":[{\"@type\":\"WebPage\",\"@id\":\"https:\/\/dev.beltafrajumar.com\/fr\/produit\/arbo-table-dappoint\/\",\"url\":\"https:\/\/dev.beltafrajumar.com\/fr\/produit\/arbo-table-dappoint\/\",\"name\":\"ARBO table d'appoint | Con\u00e7u sur mesure, exclusif | Belt\u00e1 Frajumar\",\"isPartOf\":{\"@id\":\"https:\/\/dev.beltafrajumar.com\/fr\/#website\"},\"primaryImageOfPage\":{\"@id\":\"https:\/\/dev.beltafrajumar.com\/fr\/produit\/arbo-table-dappoint\/#primaryimage\"},\"image\":{\"@id\":\"https:\/\/dev.beltafrajumar.com\/fr\/produit\/arbo-table-dappoint\/#primaryimage\"},\"thumbnailUrl\":\"https:\/\/dev.beltafrajumar.com\/wp-content\/uploads\/2024\/04\/ARBO-mesa-auxiliar-para-hotel-Mobiliario-Hospitality-Contract-exclusivo-Belta-Frajumar.png\",\"datePublished\":\"2024-04-04T14:53:26+00:00\",\"dateModified\":\"2024-07-08T08:39:25+00:00\",\"description\":\"Table d'appoint ARBO, au design exclusif et luxueux, id\u00e9ale pour ajouter de la sophistication et de la fonctionnalit\u00e9 \u00e0 tout espace d'accueil.\",\"breadcrumb\":{\"@id\":\"https:\/\/dev.beltafrajumar.com\/fr\/produit\/arbo-table-dappoint\/#breadcrumb\"},\"inLanguage\":\"fr-FR\",\"potentialAction\":[{\"@type\":\"ReadAction\",\"target\":[\"https:\/\/dev.beltafrajumar.com\/fr\/produit\/arbo-table-dappoint\/\"]}]},{\"@type\":\"ImageObject\",\"inLanguage\":\"fr-FR\",\"@id\":\"https:\/\/dev.beltafrajumar.com\/fr\/produit\/arbo-table-dappoint\/#primaryimage\",\"url\":\"https:\/\/dev.beltafrajumar.com\/wp-content\/uploads\/2024\/04\/ARBO-mesa-auxiliar-para-hotel-Mobiliario-Hospitality-Contract-exclusivo-Belta-Frajumar.png\",\"contentUrl\":\"https:\/\/dev.beltafrajumar.com\/wp-content\/uploads\/2024\/04\/ARBO-mesa-auxiliar-para-hotel-Mobiliario-Hospitality-Contract-exclusivo-Belta-Frajumar.png\",\"width\":1080,\"height\":1080,\"caption\":\"Table d'appoint ARBO pour h\u00f4tel Hospitality Contract Furniture exclusive Belta Frajumar\"},{\"@type\":\"BreadcrumbList\",\"@id\":\"https:\/\/dev.beltafrajumar.com\/fr\/produit\/arbo-table-dappoint\/#breadcrumb\",\"itemListElement\":[{\"@type\":\"ListItem\",\"position\":1,\"name\":\"Portada\",\"item\":\"https:\/\/dev.beltafrajumar.com\/fr\/\"},{\"@type\":\"ListItem\",\"position\":2,\"name\":\"Magasin de meubles sur mesure\",\"item\":\"https:\/\/dev.beltafrajumar.com\/tienda\/\"},{\"@type\":\"ListItem\",\"position\":3,\"name\":\"ARBO table d&rsquo;appoint\"}]},{\"@type\":\"WebSite\",\"@id\":\"https:\/\/dev.beltafrajumar.com\/fr\/#website\",\"url\":\"https:\/\/dev.beltafrajumar.com\/fr\/\",\"name\":\"Belt\u00e1 Frajumar\",\"description\":\"Calidad, Dise\u00f1o y Decoraci\u00f3n de Interiores en Mobiliario Hospitality y Living\",\"publisher\":{\"@id\":\"https:\/\/dev.beltafrajumar.com\/fr\/#organization\"},\"alternateName\":\"Fabricante de mobiliario Hospitality y Living\",\"potentialAction\":[{\"@type\":\"SearchAction\",\"target\":{\"@type\":\"EntryPoint\",\"urlTemplate\":\"https:\/\/dev.beltafrajumar.com\/fr\/?s={search_term_string}\"},\"query-input\":{\"@type\":\"PropertyValueSpecification\",\"valueRequired\":true,\"valueName\":\"search_term_string\"}}],\"inLanguage\":\"fr-FR\"},{\"@type\":\"Organization\",\"@id\":\"https:\/\/dev.beltafrajumar.com\/fr\/#organization\",\"name\":\"Belt\u00e1 Frajumar\",\"alternateName\":\"Fabricant de meubles exclusif Belt\u00e1 Frajumar\",\"url\":\"https:\/\/dev.beltafrajumar.com\/fr\/\",\"logo\":{\"@type\":\"ImageObject\",\"inLanguage\":\"fr-FR\",\"@id\":\"https:\/\/dev.beltafrajumar.com\/fr\/#\/schema\/logo\/image\/\",\"url\":\"https:\/\/dev.beltafrajumar.com\/wp-content\/uploads\/2024\/10\/Logotipo-Belta-Frajumar-patrocinador-de-InterCIDEC-1.jpg\",\"contentUrl\":\"https:\/\/dev.beltafrajumar.com\/wp-content\/uploads\/2024\/10\/Logotipo-Belta-Frajumar-patrocinador-de-InterCIDEC-1.jpg\",\"width\":1080,\"height\":1080,\"caption\":\"Belt\u00e1 Frajumar\"},\"image\":{\"@id\":\"https:\/\/dev.beltafrajumar.com\/fr\/#\/schema\/logo\/image\/\"}}]}<\/script>\n<!-- \/ Yoast SEO Premium plugin. -->","yoast_head_json":{"title":"ARBO table d'appoint | Con\u00e7u sur mesure, exclusif | Belt\u00e1 Frajumar","description":"Table d'appoint ARBO, au design exclusif et luxueux, id\u00e9ale pour ajouter de la sophistication et de la fonctionnalit\u00e9 \u00e0 tout espace d'accueil.","robots":{"index":"noindex","follow":"follow","max-snippet":"max-snippet:-1","max-image-preview":"max-image-preview:large","max-video-preview":"max-video-preview:-1"},"og_locale":"fr_FR","og_type":"article","og_title":"ARBO table d'appoint","og_description":"Table d'appoint ARBO, au design exclusif et luxueux, id\u00e9ale pour ajouter de la sophistication et de la fonctionnalit\u00e9 \u00e0 tout espace d'accueil.","og_url":"https:\/\/dev.beltafrajumar.com\/fr\/produit\/arbo-table-dappoint\/","og_site_name":"Belt\u00e1 Frajumar","article_modified_time":"2024-07-08T08:39:25+00:00","og_image":[{"width":1080,"height":1080,"url":"https:\/\/dev.beltafrajumar.com\/wp-content\/uploads\/2024\/04\/ARBO-mesa-auxiliar-para-hotel-Mobiliario-Hospitality-Contract-exclusivo-Belta-Frajumar.png","type":"image\/png"}],"twitter_card":"summary_large_image","schema":{"@context":"https:\/\/schema.org","@graph":[{"@type":"WebPage","@id":"https:\/\/dev.beltafrajumar.com\/fr\/produit\/arbo-table-dappoint\/","url":"https:\/\/dev.beltafrajumar.com\/fr\/produit\/arbo-table-dappoint\/","name":"ARBO table d'appoint | Con\u00e7u sur mesure, exclusif | Belt\u00e1 Frajumar","isPartOf":{"@id":"https:\/\/dev.beltafrajumar.com\/fr\/#website"},"primaryImageOfPage":{"@id":"https:\/\/dev.beltafrajumar.com\/fr\/produit\/arbo-table-dappoint\/#primaryimage"},"image":{"@id":"https:\/\/dev.beltafrajumar.com\/fr\/produit\/arbo-table-dappoint\/#primaryimage"},"thumbnailUrl":"https:\/\/dev.beltafrajumar.com\/wp-content\/uploads\/2024\/04\/ARBO-mesa-auxiliar-para-hotel-Mobiliario-Hospitality-Contract-exclusivo-Belta-Frajumar.png","datePublished":"2024-04-04T14:53:26+00:00","dateModified":"2024-07-08T08:39:25+00:00","description":"Table d'appoint ARBO, au design exclusif et luxueux, id\u00e9ale pour ajouter de la sophistication et de la fonctionnalit\u00e9 \u00e0 tout espace d'accueil.","breadcrumb":{"@id":"https:\/\/dev.beltafrajumar.com\/fr\/produit\/arbo-table-dappoint\/#breadcrumb"},"inLanguage":"fr-FR","potentialAction":[{"@type":"ReadAction","target":["https:\/\/dev.beltafrajumar.com\/fr\/produit\/arbo-table-dappoint\/"]}]},{"@type":"ImageObject","inLanguage":"fr-FR","@id":"https:\/\/dev.beltafrajumar.com\/fr\/produit\/arbo-table-dappoint\/#primaryimage","url":"https:\/\/dev.beltafrajumar.com\/wp-content\/uploads\/2024\/04\/ARBO-mesa-auxiliar-para-hotel-Mobiliario-Hospitality-Contract-exclusivo-Belta-Frajumar.png","contentUrl":"https:\/\/dev.beltafrajumar.com\/wp-content\/uploads\/2024\/04\/ARBO-mesa-auxiliar-para-hotel-Mobiliario-Hospitality-Contract-exclusivo-Belta-Frajumar.png","width":1080,"height":1080,"caption":"Table d'appoint ARBO pour h\u00f4tel Hospitality Contract Furniture exclusive Belta Frajumar"},{"@type":"BreadcrumbList","@id":"https:\/\/dev.beltafrajumar.com\/fr\/produit\/arbo-table-dappoint\/#breadcrumb","itemListElement":[{"@type":"ListItem","position":1,"name":"Portada","item":"https:\/\/dev.beltafrajumar.com\/fr\/"},{"@type":"ListItem","position":2,"name":"Magasin de meubles sur mesure","item":"https:\/\/dev.beltafrajumar.com\/tienda\/"},{"@type":"ListItem","position":3,"name":"ARBO table d&rsquo;appoint"}]},{"@type":"WebSite","@id":"https:\/\/dev.beltafrajumar.com\/fr\/#website","url":"https:\/\/dev.beltafrajumar.com\/fr\/","name":"Belt\u00e1 Frajumar","description":"Calidad, Dise\u00f1o y Decoraci\u00f3n de Interiores en Mobiliario Hospitality y Living","publisher":{"@id":"https:\/\/dev.beltafrajumar.com\/fr\/#organization"},"alternateName":"Fabricante de mobiliario Hospitality y Living","potentialAction":[{"@type":"SearchAction","target":{"@type":"EntryPoint","urlTemplate":"https:\/\/dev.beltafrajumar.com\/fr\/?s={search_term_string}"},"query-input":{"@type":"PropertyValueSpecification","valueRequired":true,"valueName":"search_term_string"}}],"inLanguage":"fr-FR"},{"@type":"Organization","@id":"https:\/\/dev.beltafrajumar.com\/fr\/#organization","name":"Belt\u00e1 Frajumar","alternateName":"Fabricant de meubles exclusif Belt\u00e1 Frajumar","url":"https:\/\/dev.beltafrajumar.com\/fr\/","logo":{"@type":"ImageObject","inLanguage":"fr-FR","@id":"https:\/\/dev.beltafrajumar.com\/fr\/#\/schema\/logo\/image\/","url":"https:\/\/dev.beltafrajumar.com\/wp-content\/uploads\/2024\/10\/Logotipo-Belta-Frajumar-patrocinador-de-InterCIDEC-1.jpg","contentUrl":"https:\/\/dev.beltafrajumar.com\/wp-content\/uploads\/2024\/10\/Logotipo-Belta-Frajumar-patrocinador-de-InterCIDEC-1.jpg","width":1080,"height":1080,"caption":"Belt\u00e1 Frajumar"},"image":{"@id":"https:\/\/dev.beltafrajumar.com\/fr\/#\/schema\/logo\/image\/"}}]}},"wcpa_form_fields":null,"_links":{"self":[{"href":"https:\/\/dev.beltafrajumar.com\/fr\/wp-json\/wp\/v2\/product\/22961","targetHints":{"allow":["GET"]}}],"collection":[{"href":"https:\/\/dev.beltafrajumar.com\/fr\/wp-json\/wp\/v2\/product"}],"about":[{"href":"https:\/\/dev.beltafrajumar.com\/fr\/wp-json\/wp\/v2\/types\/product"}],"replies":[{"embeddable":true,"href":"https:\/\/dev.beltafrajumar.com\/fr\/wp-json\/wp\/v2\/comments?post=22961"}],"version-history":[{"count":0,"href":"https:\/\/dev.beltafrajumar.com\/fr\/wp-json\/wp\/v2\/product\/22961\/revisions"}],"wp:featuredmedia":[{"embeddable":true,"href":"https:\/\/dev.beltafrajumar.com\/fr\/wp-json\/wp\/v2\/media\/13523"}],"wp:attachment":[{"href":"https:\/\/dev.beltafrajumar.com\/fr\/wp-json\/wp\/v2\/media?parent=22961"}],"wp:term":[{"taxonomy":"product_brand","embeddable":true,"href":"https:\/\/dev.beltafrajumar.com\/fr\/wp-json\/wp\/v2\/product_brand?post=22961"},{"taxonomy":"product_cat","embeddable":true,"href":"https:\/\/dev.beltafrajumar.com\/fr\/wp-json\/wp\/v2\/product_cat?post=22961"},{"taxonomy":"product_tag","embeddable":true,"href":"https:\/\/dev.beltafrajumar.com\/fr\/wp-json\/wp\/v2\/product_tag?post=22961"}],"curies":[{"name":"wp","href":"https:\/\/api.w.org\/{rel}","templated":true}]}}