{"id":25291,"date":"2024-07-17T11:25:17","date_gmt":"2024-07-17T09:25:17","guid":{"rendered":"https:\/\/dev.beltafrajumar.com\/politique-de-confidentialite\/"},"modified":"2024-07-17T11:25:17","modified_gmt":"2024-07-17T09:25:17","slug":"politique-de-confidentialite","status":"publish","type":"page","link":"https:\/\/dev.beltafrajumar.com\/fr\/politique-de-confidentialite\/","title":{"rendered":"Politique de confidentialit\u00e9"},"content":{"rendered":"<h5><strong>POLITIQUE DE CONFIDENTIALIT\u00c9 DU SITE WEB <\/strong><\/h5>\n<p>www.beltafrajumar.com<br \/>\nCette politique de confidentialit\u00e9 d\u00e9crit la mani\u00e8re dont nous collectons les informations, \u00e0 quelles fins nous les utilisons et comment nous les g\u00e9rons. Votre vie priv\u00e9e est importante pour nous et nous y attachons une grande importance, c&rsquo;est pourquoi nous souhaitons exprimer le maximum d&rsquo;engagement envers la protection des donn\u00e9es personnelles de nos utilisateurs. Nous avons mis en \u0153uvre les mesures techniques et organisationnelles n\u00e9cessaires indiqu\u00e9es par la r\u00e9glementation sur la protection des donn\u00e9es pour assurer la confidentialit\u00e9 de vos donn\u00e9es, conform\u00e9ment au R\u00e8glement g\u00e9n\u00e9ral sur la protection des donn\u00e9es approuv\u00e9 par l&rsquo;Union europ\u00e9enne (RGPD) et \u00e0 la loi organique 3\/2018 du 5 d\u00e9cembre (LOPDGDD). ). Toutefois, nous ne pouvons assumer aucune responsabilit\u00e9 pour les dommages r\u00e9sultant d&rsquo;alt\u00e9rations que des tiers pourraient apporter aux syst\u00e8mes informatiques, aux documents ou fichiers \u00e9lectroniques de l&rsquo;Utilisateur.<\/p>\n<p>&nbsp;<\/p>\n<h5><strong>QUI EST RESPONSABLE DU TRAITEMENT ?<\/strong><\/h5>\n<p>Nom de l\u2019entreprise : Frajumar, S.L. (ci-apr\u00e8s, la \u00ab Soci\u00e9t\u00e9 \u00bb ou le \u00ab Responsable \u00bb).<br \/>\nCIF: B30035380<br \/>\nAdresse : C\/. Poeta Francisco Antonio Jimenez, 33 Yecla 30510 Murcia ES<br \/>\nT\u00e9l\u00e9phone: +34 968 71 91 11<br \/>\nE-mail pour les communications concernant la protection des donn\u00e9es : info@beltafrajumar.com<\/p>\n<p>&nbsp;<\/p>\n<h5><strong>QUELS SONT LES OBJECTIFS DU TRAITEMENT ?<\/strong><\/h5>\n<ol>\n<li>Pour acc\u00e9der \u00e0 certains de nos services, et afin de r\u00e9pondre \u00e0 vos questions ou de vous adresser des informations relatives \u00e0 votre demande, il peut \u00eatre n\u00e9cessaire que nous obtenions des informations de votre part, auquel cas nous vous demanderons de nous les fournir express\u00e9ment et volontairement. . Vous ne devez nous transmettre les donn\u00e9es dont vous \u00eates propri\u00e9taire, ou celles de tiers, que si vous \u00eates leur repr\u00e9sentant l\u00e9gal ou si vous avez obtenu leur consentement sans \u00e9quivoque.<\/li>\n<li>Respecter nos obligations contractuelles dans le cas o\u00f9 vous d\u00e9cidez d&rsquo;acheter l&rsquo;un de nos produits et\/ou services, ainsi qu&rsquo;effectuer la gestion administrative, fiscale et comptable d\u00e9riv\u00e9e du travail que nous avons r\u00e9alis\u00e9.<\/li>\n<li>Chaque fois que vous le souhaitez, nous pouvons vous envoyer p\u00e9riodiquement des informations commerciales sur nos produits et\/ou services, y compris des newsletters, ou des informations provenant de tiers avec lesquels nous entretenons des collaborations commerciales. Si vous avez entretenu une relation contractuelle avec nous, nous pouvons \u00e9galement vous envoyer des communications commerciales.<\/li>\n<li>Gestion des publications sur les r\u00e9seaux sociaux et notre site Internet, dans le cas o\u00f9 vous d\u00e9cidez de devenir follower sur nos pages de r\u00e9seaux sociaux, ou avez donn\u00e9 votre consentement pour que vos donn\u00e9es soient publi\u00e9es sur celles-ci ou sur notre site Internet. Vous consentez \u00e0 ce que vos donn\u00e9es personnelles soient trait\u00e9es de la mani\u00e8re que chacun de ces r\u00e9seaux sociaux permet en fonction de leur technique, ainsi que de leurs propres termes et conditions, et ne soient pas utilis\u00e9es \u00e0 des fins autres que celles pr\u00e9vues par ces r\u00e9seaux sociaux. et au sein de leur plateforme et\/ou environnement. Dans les liens suivants, vous pouvez obtenir plus d&rsquo;informations :<\/li>\n<\/ol>\n<ul>\n<li>Facebook: <a href=\"http:\/\/www.facebook.com\/policy.php?ref=pf\">http:\/\/www.facebook.com\/policy.php?ref=pf<\/a><\/li>\n<li>Instagram: <a href=\"https:\/\/help.instagram.com\/155833707900388\">https:\/\/help.instagram.com\/155833707900388<\/a><\/li>\n<li>YouTube: <a href=\"https:\/\/www.google.es\/intl\/es\/policies\/privacy\">https:\/\/www.google.es\/intl\/es\/policies\/privacy<\/a><\/li>\n<li>LinkedIn: <a href=\"http:\/\/www.linkedin.com\/legal\/privacy-policy\">http:\/\/www.linkedin.com\/legal\/privacy-policy<\/a><\/li>\n<li>Instagram: <a href=\"http:\/\/instagram.com\/about\/legal\/privacy\/\">http:\/\/instagram.com\/about\/legal\/privacy\/#<\/a><\/li>\n<\/ul>\n<p>Vous consentez \u00e9galement \u00e0 ce que nous acc\u00e9dions aux donn\u00e9es contenues dans votre profil, \u00e0 ce que nous puissions vous envoyer des communications commerciales via la messagerie interne du r\u00e9seau social et \u00e0 ce qu&rsquo;un \u00e9v\u00e9nement cr\u00e9\u00e9 par nos soins apparaisse publi\u00e9 sur votre mur (dans le cas de Facebook ) ou dans d&rsquo;autres sections principales d&rsquo;autres r\u00e9seaux sociaux. Vous pouvez cesser de nous suivre sur nos r\u00e9seaux sociaux en utilisant les outils qu&rsquo;ils mettent \u00e0 disposition. Nous informons toute personne int\u00e9ress\u00e9e dont les donn\u00e9es personnelles peuvent appara\u00eetre sur les r\u00e9seaux sociaux dont nous avons ouvert le profil, de la possibilit\u00e9 d&rsquo;exercer ses droits comme pr\u00e9cis\u00e9 dans la section DROITS DES PARTIES INT\u00c9RESS\u00c9ES.<\/p>\n<ol start=\"5\">\n<li>Participez aux \u00e9ventuels processus de s\u00e9lection du personnel que nous pourrions r\u00e9aliser dans le cas o\u00f9 vous nous faites parvenir votre curriculum vitae.<\/li>\n<\/ol>\n<p>&nbsp;<\/p>\n<h5><strong>QUELLE EST LA L\u00c9GITIMATION DU TRAITEMENT ?<\/strong><\/h5>\n<ol>\n<li>Consentement de l&rsquo;int\u00e9ress\u00e9 pour la finalit\u00e9 n\u00b01 (r\u00e9pondre \u00e0 vos questions ou vous envoyer des informations relatives \u00e0 votre demande), que vous nous accordez au moment o\u00f9 vous nous adressez une requ\u00eate.<\/li>\n<li>Ex\u00e9cution du contrat sign\u00e9 dans le but n\u00b02 (obligations contractuelles pour l&rsquo;acquisition de produits et\/ou services), dans les conditions indiqu\u00e9es dans le contrat que nous pourrions formaliser, ainsi que le respect des obligations fiscales l\u00e9gales d\u00e9riv\u00e9es du contrat.<\/li>\n<li>Consentement de l&rsquo;int\u00e9ress\u00e9 dans la finalit\u00e9 n\u00b03 (information commerciale p\u00e9riodique), que vous nous accordez au moment o\u00f9 vous acceptez l&rsquo;envoi de communications commerciales, ou int\u00e9r\u00eat l\u00e9gitime dans le cas o\u00f9 vous avez entretenu une relation contractuelle avec nous.<\/li>\n<li>Consentement de l&rsquo;int\u00e9ress\u00e9 dans la finalit\u00e9 n\u00b04 (publications sur les r\u00e9seaux sociaux et notre site Internet), que vous nous accordez au moment d&rsquo;accepter la politique de confidentialit\u00e9 de ce site Internet, ou lorsque vous devenez abonn\u00e9 \u00e0 l&rsquo;une de nos pages de r\u00e9seaux sociaux, ou ou si nous obtenons votre consentement sp\u00e9cifiquement lorsque vous nous autorisez \u00e0 publier vos donn\u00e9es.<\/li>\n<li>Consentement de l&rsquo;int\u00e9ress\u00e9 dans le but n\u00b05 (processus de s\u00e9lection du personnel), que vous nous accordez au moment o\u00f9 vous nous envoyez votre curriculum vitae, soit par le biais de formulaires papier, soit par voie \u00e9lectronique o\u00f9 vous donnez sp\u00e9cifiquement votre consentement. Si vous nous envoyez votre CV par e-mail, nous consid\u00e9rons que vous nous autorisez \u00e0 le traiter, donc si nous estimons opportun de le conserver, nous vous r\u00e9pondrons par ce m\u00eame moyen avec notre politique de protection des donn\u00e9es.<\/li>\n<\/ol>\n<p>&nbsp;<\/p>\n<h5><strong>QUELS SONT LES CRIT\u00c8RES DE CONSERVATION DES DONN\u00c9ES ?<\/strong><\/h5>\n<p>Conservaremos los datos durante el periodo de prescripci\u00f3n de las obligaciones legales, y entretanto contin\u00fae existiendo inter\u00e9s en mantener las relaciones por ambas partes, de manera que procederemos a la supresi\u00f3n de los mismos cuando ya no sea necesario alcanzar las finalidades que hubieran justificado el tratamiento de les m\u00eames. Les CV re\u00e7us seront d\u00e9truits s&rsquo;ils sont \u00e9cart\u00e9s des \u00e9ventuels processus de s\u00e9lection que nous pourrions r\u00e9aliser, en les conservant pendant une dur\u00e9e maximale d&rsquo;un an.<\/p>\n<p>Dur\u00e9e de conservation de vos donn\u00e9es pour l&rsquo;envoi de communications commerciales :<\/p>\n<ul>\n<li>Si vous nous avez express\u00e9ment autoris\u00e9, nous conserverons vos donn\u00e9es jusqu&rsquo;\u00e0 ce que vous d\u00e9cidiez de retirer votre consentement.<\/li>\n<li>Si vous avez entretenu une relation contractuelle avec nous et que nous vous envoyons des communications commerciales, nous conserverons vos donn\u00e9es jusqu&rsquo;\u00e0 ce que vous d\u00e9cidiez de vous opposer \u00e0 un tel traitement.<\/li>\n<\/ul>\n<p>&nbsp;<\/p>\n<h5><strong>COMMENT DOIS-JE METTRE \u00c0 JOUR MES DONN\u00c9ES PERSONNELLES ?<\/strong><\/h5>\n<p>L&rsquo;Utilisateur garantit que les donn\u00e9es personnelles qui nous sont fournies via ce site Web sont vraies, correctes, actuelles et compl\u00e8tes. L&rsquo;Utilisateur doit nous informer de toute modification ou mise \u00e0 jour de celui-ci, en envoyant une communication aux adresses postales ou \u00e9lectroniques indiqu\u00e9es dans la rubrique O\u00f9 exercer vos droits ?<\/p>\n<p>&nbsp;<\/p>\n<h5><strong>QUI SONT LES DESTINATAIRES DES INFORMATIONS ?<\/strong><\/h5>\n<p>Nous ne transf\u00e9rerons pas d&rsquo;informations \u00e0 des tiers sauf en cas d&rsquo;obligation l\u00e9gale et celles n\u00e9cessaires \u00e0 la fourniture des services, ou dans le cas o\u00f9 vous donnez votre consentement expr\u00e8s et sans \u00e9quivoque.<\/p>\n<p>&nbsp;<\/p>\n<h5><strong>EXISTE-T-IL DES TRANSFERTS INTERNATIONAUX DE DONN\u00c9ES ?<\/strong><\/h5>\n<p>Nous vous informons que lors de l&rsquo;utilisation des services de certains r\u00e9seaux sociaux, tels que Facebook, YouTube, LinkedIn ou Instagram, des transferts internationaux de donn\u00e9es peuvent avoir lieu en dehors de l&rsquo;UE dans des pays comme les \u00c9tats-Unis, qui ne disposent pas d&rsquo;un niveau de donn\u00e9es ad\u00e9quat. protection, m\u00eame si ces soci\u00e9t\u00e9s sont toutefois incluses dans le cadre du Privacy Shield qui leur permet de traiter les donn\u00e9es des citoyens europ\u00e9ens. Ces r\u00e9seaux sociaux et leurs partenaires op\u00e8rent \u00e0 l&rsquo;\u00e9chelle mondiale et utilisent des cookies \u00e0 des fins de statistiques, de personnalisation et de publicit\u00e9, entre autres.<\/p>\n<ul>\n<li>Facebook et Instagram adh\u00e8rent au cadre Privacy Shield : Plus d&rsquo;informations : https:\/\/www.facebook.com\/about\/privacyshield<\/li>\n<li>Instagram adh\u00e8re au cadre Privacy Shield : Plus d&rsquo;informations : Instagram : <a href=\"https:\/\/help.instagram.com\/155833707900388\">https:\/\/help.instagram.com\/155833707900388<\/a><\/li>\n<li>YouTube adh\u00e8re au cadre Privacy Shield : Plus d&rsquo;informations : <a href=\"https:\/\/policies.google.com\/privacy\/frameworks?hl=es&amp;gl=es\">https:\/\/policies.google.com\/privacy\/frameworks?hl=es&amp;gl=es<\/a><\/li>\n<li>LinkedIn adh\u00e8re au cadre Privacy Shield : Plus d&rsquo;informations <a href=\"https:\/\/www.linkedin.cn\/help\/linkedin\/answer\/62539\/transferencias-de-datos-en-la-ue-el-eee-y-suiza?lang=es\">https:\/\/www.linkedin.cn\/help\/linkedin\/answer\/62539\/transferencias-de-datos-en-la-ue-el-eee-y-suiza?lang = oui<\/a><\/li>\n<\/ul>\n<p>Veuillez prendre en compte ces informations si vous nous autorisez \u00e0 publier certaines de vos donn\u00e9es sur les r\u00e9seaux sociaux sur lesquels nous avons un profil ouvert.<\/p>\n<p>&nbsp;<\/p>\n<h5><strong>QUELS DROITS ONT LES PARTIES INT\u00c9RESS\u00c9ES ?<\/strong><\/h5>\n<p>Toute personne a le droit d\u2019obtenir la confirmation si nous traitons ou non des donn\u00e9es personnelles la concernant. Les personnes int\u00e9ress\u00e9es ont le droit d&rsquo;acc\u00e9der \u00e0 leurs donn\u00e9es personnelles, ainsi que de demander la rectification de donn\u00e9es inexactes ou, le cas \u00e9ch\u00e9ant, de demander leur suppression lorsque, entre autres raisons, les donn\u00e9es ne sont plus n\u00e9cessaires aux fins pour lesquelles elles ont \u00e9t\u00e9 collect\u00e9es. .<\/p>\n<p>Dans certaines circonstances et pour des raisons li\u00e9es \u00e0 leur situation particuli\u00e8re, les int\u00e9ress\u00e9s peuvent s&rsquo;opposer au traitement de leurs donn\u00e9es. Dans ce cas, nous cesserons de traiter les donn\u00e9es, sauf pour des raisons l\u00e9gitimes et imp\u00e9rieuses, ou pour l&rsquo;exercice ou la d\u00e9fense d&rsquo;\u00e9ventuelles r\u00e9clamations. Dans ce cas, nous cesserons de traiter les donn\u00e9es, sauf pour des raisons l\u00e9gitimes et imp\u00e9rieuses, ou pour l&rsquo;exercice ou la d\u00e9fense d&rsquo;\u00e9ventuelles r\u00e9clamations. Ils auront \u00e9galement le droit de retirer leur consentement au traitement de leurs donn\u00e9es \u00e0 tout moment lorsque la base l\u00e9gitime d&rsquo;un tel consentement est l&rsquo;obtention du propre consentement de l&rsquo;int\u00e9ress\u00e9.<\/p>\n<p>Ils peuvent d\u00e9poser une r\u00e9clamation aupr\u00e8s de l&rsquo;autorit\u00e9 comp\u00e9tente de contr\u00f4le de la protection des donn\u00e9es, telle que l&rsquo;Agence espagnole de protection des donn\u00e9es, notamment lorsqu&rsquo;ils n&rsquo;ont pas obtenu satisfaction dans l&rsquo;exercice de leurs droits ou estiment que le traitement des donn\u00e9es n&rsquo;est pas conforme \u00e0 la l\u00e9galit\u00e9 en vigueur.<\/p>\n<p>&nbsp;<\/p>\n<h5><strong>O\u00d9 POUVEZ-VOUS EXERCER LES DROITS ?<\/strong><\/h5>\n<p>Par communication \u00e9crite adress\u00e9e \u00e0 Frajumar, S.L., C\/. Poeta Francisco Antonio Jimenez, 33 Yecla 30510 Murcia ES ou en envoyant un e-mail \u00e0 l&rsquo;adresse info@beltafrajumar.com, en vous identifiant et en pr\u00e9cisant votre demande en fournissant une photocopie de votre DNI ou document \u00e9quivalent.<\/p>\n<p>Dans les communications commerciales, y compris les newsletters, vous pouvez r\u00e9voquer le consentement accord\u00e9 en envoyant un e-mail \u00e0 notre adresse <a href=\"mailto:info@beltafrajumar.com\">info@beltafrajumar.com<\/a> en indiquant dans le message la phrase \u00ab Se d\u00e9sabonner du service de communication \u00bb, ou en cliquant sur le lien de d\u00e9sinscription s&rsquo;il s&rsquo;agit d&rsquo;un lien. indiqu\u00e9 dans le message \u00e9lectronique. Frajumar, S.L. peut utiliser des cookies lors de la fourniture des services du site Web (voir notre <a href=\"\/politica-de-cookies\/\">\/politique-de-cookies\/<\/a>).<\/p>\n<p>&nbsp;<\/p>\n<h5><strong>MESURE DE S\u00c9CURIT\u00c9<\/strong><\/h5>\n<p>Que conform\u00e9ment aux dispositions de la r\u00e9glementation en vigueur sur la protection des donn\u00e9es personnelles, le RESPONSABLE respecte toutes les dispositions du R\u00c8GLEMENT G\u00c9N\u00c9RAL SUR LA PROTECTION DES DONN\u00c9ES (RGPD) pour le traitement des donn\u00e9es personnelles sous sa responsabilit\u00e9, et manifestement aux principes d\u00e9crits dans l&rsquo;article 5, par lequel ils sont trait\u00e9s de mani\u00e8re licite, \u00e9quitable et transparente par rapport \u00e0 l&rsquo;int\u00e9ress\u00e9 et ad\u00e9quate, pertinente et limit\u00e9e \u00e0 ce qui est n\u00e9cessaire par rapport aux finalit\u00e9s pour lesquelles ils sont trait\u00e9s. Le RESPONSABLE garantit avoir mis en \u0153uvre des politiques techniques et organisationnelles appropri\u00e9es pour appliquer les mesures de s\u00e9curit\u00e9 \u00e9tablies par le RGPD afin de prot\u00e9ger les droits et libert\u00e9s des Utilisateurs et leur avoir communiqu\u00e9 les informations appropri\u00e9es afin qu&rsquo;ils puissent les exercer.<\/p>\n<p>&nbsp;<\/p>\n<h5><strong>ACCEPTATION ET CONSENTEMENT<\/strong><\/h5>\n<p>L&rsquo;utilisateur d\u00e9clare avoir \u00e9t\u00e9 inform\u00e9 de notre politique de protection des donn\u00e9es et consentir \u00e0 leur traitement pour les finalit\u00e9s exprim\u00e9es ci-dessus. Veuillez noter que certains des services fournis sur le Site peuvent \u00eatre soumis \u00e0 des conditions particuli\u00e8res, auquel cas les utilisateurs en seront d\u00fbment inform\u00e9s.<\/p>\n","protected":false},"excerpt":{"rendered":"<p>POLITIQUE DE CONFIDENTIALIT\u00c9 DU SITE WEB www.beltafrajumar.com Cette politique de confidentialit\u00e9 d\u00e9crit la mani\u00e8re dont nous collectons les informations, \u00e0<\/p>\n","protected":false},"author":1,"featured_media":0,"parent":0,"menu_order":0,"comment_status":"closed","ping_status":"closed","template":"","meta":{"_acf_changed":false,"footnotes":""},"class_list":["post-25291","page","type-page","status-publish","hentry"],"acf":[],"yoast_head":"<!-- This site is optimized with the Yoast SEO Premium plugin v24.2 (Yoast SEO v25.3.1) - https:\/\/yoast.com\/wordpress\/plugins\/seo\/ -->\n<title>Politique de confidentialit\u00e9 | Belt\u00e1 Frajumar<\/title>\n<meta name=\"robots\" content=\"noindex, nofollow\" \/>\n<meta property=\"og:locale\" content=\"fr_FR\" \/>\n<meta property=\"og:type\" content=\"article\" \/>\n<meta property=\"og:title\" content=\"Politique de confidentialit\u00e9\" \/>\n<meta property=\"og:description\" content=\"POLITIQUE DE CONFIDENTIALIT\u00c9 DU SITE WEB www.beltafrajumar.com Cette politique de confidentialit\u00e9 d\u00e9crit la mani\u00e8re dont nous collectons les informations, \u00e0\" \/>\n<meta property=\"og:url\" content=\"https:\/\/dev.beltafrajumar.com\/fr\/politique-de-confidentialite\/\" \/>\n<meta property=\"og:site_name\" content=\"Belt\u00e1 Frajumar\" \/>\n<meta property=\"og:image\" content=\"https:\/\/dev.beltafrajumar.com\/wp-content\/uploads\/2024\/04\/Sofa-GUES-Mobiliario-Living-Belta-Frajumar-1.jpg\" \/>\n\t<meta property=\"og:image:width\" content=\"1748\" \/>\n\t<meta property=\"og:image:height\" content=\"1240\" \/>\n\t<meta property=\"og:image:type\" content=\"image\/jpeg\" \/>\n<meta name=\"twitter:card\" content=\"summary_large_image\" \/>\n<meta name=\"twitter:label1\" content=\"Dur\u00e9e de lecture estim\u00e9e\" \/>\n\t<meta name=\"twitter:data1\" content=\"10 minutes\" \/>\n<script type=\"application\/ld+json\" class=\"yoast-schema-graph\">{\"@context\":\"https:\/\/schema.org\",\"@graph\":[{\"@type\":\"WebPage\",\"@id\":\"https:\/\/dev.beltafrajumar.com\/fr\/politique-de-confidentialite\/\",\"url\":\"https:\/\/dev.beltafrajumar.com\/fr\/politique-de-confidentialite\/\",\"name\":\"Politique de confidentialit\u00e9 | Belt\u00e1 Frajumar\",\"isPartOf\":{\"@id\":\"https:\/\/dev.beltafrajumar.com\/fr\/#website\"},\"datePublished\":\"2024-07-17T09:25:17+00:00\",\"breadcrumb\":{\"@id\":\"https:\/\/dev.beltafrajumar.com\/fr\/politique-de-confidentialite\/#breadcrumb\"},\"inLanguage\":\"fr-FR\",\"potentialAction\":[{\"@type\":\"ReadAction\",\"target\":[\"https:\/\/dev.beltafrajumar.com\/fr\/politique-de-confidentialite\/\"]}]},{\"@type\":\"BreadcrumbList\",\"@id\":\"https:\/\/dev.beltafrajumar.com\/fr\/politique-de-confidentialite\/#breadcrumb\",\"itemListElement\":[{\"@type\":\"ListItem\",\"position\":1,\"name\":\"Portada\",\"item\":\"https:\/\/dev.beltafrajumar.com\/fr\/\"},{\"@type\":\"ListItem\",\"position\":2,\"name\":\"Politique de confidentialit\u00e9\"}]},{\"@type\":\"WebSite\",\"@id\":\"https:\/\/dev.beltafrajumar.com\/fr\/#website\",\"url\":\"https:\/\/dev.beltafrajumar.com\/fr\/\",\"name\":\"Belt\u00e1 Frajumar\",\"description\":\"Calidad, Dise\u00f1o y Decoraci\u00f3n de Interiores en Mobiliario Hospitality y Living\",\"publisher\":{\"@id\":\"https:\/\/dev.beltafrajumar.com\/fr\/#organization\"},\"alternateName\":\"Fabricante de mobiliario Hospitality y Living\",\"potentialAction\":[{\"@type\":\"SearchAction\",\"target\":{\"@type\":\"EntryPoint\",\"urlTemplate\":\"https:\/\/dev.beltafrajumar.com\/fr\/?s={search_term_string}\"},\"query-input\":{\"@type\":\"PropertyValueSpecification\",\"valueRequired\":true,\"valueName\":\"search_term_string\"}}],\"inLanguage\":\"fr-FR\"},{\"@type\":\"Organization\",\"@id\":\"https:\/\/dev.beltafrajumar.com\/fr\/#organization\",\"name\":\"Belt\u00e1 Frajumar\",\"alternateName\":\"Fabricant de meubles exclusif Belt\u00e1 Frajumar\",\"url\":\"https:\/\/dev.beltafrajumar.com\/fr\/\",\"logo\":{\"@type\":\"ImageObject\",\"inLanguage\":\"fr-FR\",\"@id\":\"https:\/\/dev.beltafrajumar.com\/fr\/#\/schema\/logo\/image\/\",\"url\":\"https:\/\/dev.beltafrajumar.com\/wp-content\/uploads\/2024\/10\/Logotipo-Belta-Frajumar-patrocinador-de-InterCIDEC-1.jpg\",\"contentUrl\":\"https:\/\/dev.beltafrajumar.com\/wp-content\/uploads\/2024\/10\/Logotipo-Belta-Frajumar-patrocinador-de-InterCIDEC-1.jpg\",\"width\":1080,\"height\":1080,\"caption\":\"Belt\u00e1 Frajumar\"},\"image\":{\"@id\":\"https:\/\/dev.beltafrajumar.com\/fr\/#\/schema\/logo\/image\/\"}}]}<\/script>\n<!-- \/ Yoast SEO Premium plugin. -->","yoast_head_json":{"title":"Politique de confidentialit\u00e9 | Belt\u00e1 Frajumar","robots":{"index":"noindex","follow":"nofollow"},"og_locale":"fr_FR","og_type":"article","og_title":"Politique de confidentialit\u00e9","og_description":"POLITIQUE DE CONFIDENTIALIT\u00c9 DU SITE WEB www.beltafrajumar.com Cette politique de confidentialit\u00e9 d\u00e9crit la mani\u00e8re dont nous collectons les informations, \u00e0","og_url":"https:\/\/dev.beltafrajumar.com\/fr\/politique-de-confidentialite\/","og_site_name":"Belt\u00e1 Frajumar","og_image":[{"width":1748,"height":1240,"url":"https:\/\/dev.beltafrajumar.com\/wp-content\/uploads\/2024\/04\/Sofa-GUES-Mobiliario-Living-Belta-Frajumar-1.jpg","type":"image\/jpeg"}],"twitter_card":"summary_large_image","twitter_misc":{"Dur\u00e9e de lecture estim\u00e9e":"10 minutes"},"schema":{"@context":"https:\/\/schema.org","@graph":[{"@type":"WebPage","@id":"https:\/\/dev.beltafrajumar.com\/fr\/politique-de-confidentialite\/","url":"https:\/\/dev.beltafrajumar.com\/fr\/politique-de-confidentialite\/","name":"Politique de confidentialit\u00e9 | Belt\u00e1 Frajumar","isPartOf":{"@id":"https:\/\/dev.beltafrajumar.com\/fr\/#website"},"datePublished":"2024-07-17T09:25:17+00:00","breadcrumb":{"@id":"https:\/\/dev.beltafrajumar.com\/fr\/politique-de-confidentialite\/#breadcrumb"},"inLanguage":"fr-FR","potentialAction":[{"@type":"ReadAction","target":["https:\/\/dev.beltafrajumar.com\/fr\/politique-de-confidentialite\/"]}]},{"@type":"BreadcrumbList","@id":"https:\/\/dev.beltafrajumar.com\/fr\/politique-de-confidentialite\/#breadcrumb","itemListElement":[{"@type":"ListItem","position":1,"name":"Portada","item":"https:\/\/dev.beltafrajumar.com\/fr\/"},{"@type":"ListItem","position":2,"name":"Politique de confidentialit\u00e9"}]},{"@type":"WebSite","@id":"https:\/\/dev.beltafrajumar.com\/fr\/#website","url":"https:\/\/dev.beltafrajumar.com\/fr\/","name":"Belt\u00e1 Frajumar","description":"Calidad, Dise\u00f1o y Decoraci\u00f3n de Interiores en Mobiliario Hospitality y Living","publisher":{"@id":"https:\/\/dev.beltafrajumar.com\/fr\/#organization"},"alternateName":"Fabricante de mobiliario Hospitality y Living","potentialAction":[{"@type":"SearchAction","target":{"@type":"EntryPoint","urlTemplate":"https:\/\/dev.beltafrajumar.com\/fr\/?s={search_term_string}"},"query-input":{"@type":"PropertyValueSpecification","valueRequired":true,"valueName":"search_term_string"}}],"inLanguage":"fr-FR"},{"@type":"Organization","@id":"https:\/\/dev.beltafrajumar.com\/fr\/#organization","name":"Belt\u00e1 Frajumar","alternateName":"Fabricant de meubles exclusif Belt\u00e1 Frajumar","url":"https:\/\/dev.beltafrajumar.com\/fr\/","logo":{"@type":"ImageObject","inLanguage":"fr-FR","@id":"https:\/\/dev.beltafrajumar.com\/fr\/#\/schema\/logo\/image\/","url":"https:\/\/dev.beltafrajumar.com\/wp-content\/uploads\/2024\/10\/Logotipo-Belta-Frajumar-patrocinador-de-InterCIDEC-1.jpg","contentUrl":"https:\/\/dev.beltafrajumar.com\/wp-content\/uploads\/2024\/10\/Logotipo-Belta-Frajumar-patrocinador-de-InterCIDEC-1.jpg","width":1080,"height":1080,"caption":"Belt\u00e1 Frajumar"},"image":{"@id":"https:\/\/dev.beltafrajumar.com\/fr\/#\/schema\/logo\/image\/"}}]}},"_links":{"self":[{"href":"https:\/\/dev.beltafrajumar.com\/fr\/wp-json\/wp\/v2\/pages\/25291","targetHints":{"allow":["GET"]}}],"collection":[{"href":"https:\/\/dev.beltafrajumar.com\/fr\/wp-json\/wp\/v2\/pages"}],"about":[{"href":"https:\/\/dev.beltafrajumar.com\/fr\/wp-json\/wp\/v2\/types\/page"}],"author":[{"embeddable":true,"href":"https:\/\/dev.beltafrajumar.com\/fr\/wp-json\/wp\/v2\/users\/1"}],"replies":[{"embeddable":true,"href":"https:\/\/dev.beltafrajumar.com\/fr\/wp-json\/wp\/v2\/comments?post=25291"}],"version-history":[{"count":0,"href":"https:\/\/dev.beltafrajumar.com\/fr\/wp-json\/wp\/v2\/pages\/25291\/revisions"}],"wp:attachment":[{"href":"https:\/\/dev.beltafrajumar.com\/fr\/wp-json\/wp\/v2\/media?parent=25291"}],"curies":[{"name":"wp","href":"https:\/\/api.w.org\/{rel}","templated":true}]}}