{"id":25112,"date":"2024-06-25T09:21:16","date_gmt":"2024-06-25T07:21:16","guid":{"rendered":"https:\/\/dev.beltafrajumar.com\/createurs\/concepteur-muka-design-lab\/"},"modified":"2025-01-30T15:10:17","modified_gmt":"2025-01-30T14:10:17","slug":"concepteur-muka-design-lab","status":"publish","type":"page","link":"https:\/\/dev.beltafrajumar.com\/fr\/createurs\/concepteur-muka-design-lab\/","title":{"rendered":"Concepteur Muka Design Lab"},"content":{"rendered":"\t\t<div data-elementor-type=\"wp-page\" data-elementor-id=\"25112\" class=\"elementor elementor-25112 elementor-21151\" data-elementor-post-type=\"page\">\n\t\t\t\t<div data-particle_enable=\"false\" data-particle-mobile-disabled=\"false\" class=\"elementor-element elementor-element-05244c4 e-flex e-con-boxed wd-section-disabled e-con e-parent\" data-id=\"05244c4\" data-element_type=\"container\">\n\t\t\t\t\t<div class=\"e-con-inner\">\n\t\t\t\t<div class=\"elementor-element elementor-element-019ea50 color-scheme-inherit text-left elementor-widget elementor-widget-text-editor\" data-id=\"019ea50\" data-element_type=\"widget\" data-widget_type=\"text-editor.default\">\n\t\t\t\t<div class=\"elementor-widget-container\">\n\t\t\t\t\t\t\t\t\t<p>\t\t\t<link rel=\"stylesheet\" id=\"elementor-post-23151-css\" href=\"https:\/\/dev.beltafrajumar.com\/wp-content\/uploads\/elementor\/css\/post-23151.css?ver=1759929950\" type=\"text\/css\" media=\"all\">\n\t\t\t\t\t<div data-elementor-type=\"wp-post\" data-elementor-id=\"23151\" class=\"elementor elementor-23151 elementor-21142\" data-elementor-post-type=\"cms_block\">\n\t\t\t\t<div data-particle_enable=\"false\" data-particle-mobile-disabled=\"false\" class=\"elementor-element elementor-element-34dfecd e-flex e-con-boxed wd-section-disabled e-con e-parent\" data-id=\"34dfecd\" data-element_type=\"container\">\n\t\t\t\t\t<div class=\"e-con-inner\">\n\t\t<div data-particle_enable=\"false\" data-particle-mobile-disabled=\"false\" class=\"elementor-element elementor-element-d68629a e-con-full e-flex wd-section-disabled e-con e-child\" data-id=\"d68629a\" data-element_type=\"container\">\n\t\t\t\t<div class=\"elementor-element elementor-element-8a1d051 elementor-widget elementor-widget-heading\" data-id=\"8a1d051\" data-element_type=\"widget\" data-widget_type=\"heading.default\">\n\t\t\t\t<div class=\"elementor-widget-container\">\n\t\t\t\t\t<h1 class=\"elementor-heading-title elementor-size-default\">Muka Design Lab<\/h1>\t\t\t\t<\/div>\n\t\t\t\t<\/div>\n\t\t\t\t<div class=\"elementor-element elementor-element-4e35a30 elementor-widget-divider--view-line elementor-widget elementor-widget-divider\" data-id=\"4e35a30\" data-element_type=\"widget\" data-widget_type=\"divider.default\">\n\t\t\t\t<div class=\"elementor-widget-container\">\n\t\t\t\t\t\t\t<div class=\"elementor-divider\">\n\t\t\t<span class=\"elementor-divider-separator\">\n\t\t\t\t\t\t<\/span>\n\t\t<\/div>\n\t\t\t\t\t\t<\/div>\n\t\t\t\t<\/div>\n\t\t\t\t<div class=\"elementor-element elementor-element-fef3007 elementor-widget elementor-widget-heading\" data-id=\"fef3007\" data-element_type=\"widget\" data-widget_type=\"heading.default\">\n\t\t\t\t<div class=\"elementor-widget-container\">\n\t\t\t\t\t<h4 class=\"elementor-heading-title elementor-size-default\">Concepteur<\/h4>\t\t\t\t<\/div>\n\t\t\t\t<\/div>\n\t\t\t\t<div class=\"elementor-element elementor-element-77ea298 color-scheme-inherit text-left elementor-widget elementor-widget-text-editor\" data-id=\"77ea298\" data-element_type=\"widget\" data-widget_type=\"text-editor.default\">\n\t\t\t\t<div class=\"elementor-widget-container\">\n\t\t\t\t\t\t\t\t\t<p><span class=\"syno-mc-highlight\">Muka<\/span> Design Lab est un studio de design industriel et de produits, sp\u00e9cialis\u00e9 dans la conception de meubles et de luminaires. Ils cr\u00e9ent des meubles et des accessoires pour la maison depuis 2011. Pour leur travail, ils ont re\u00e7u diff\u00e9rents prix internationaux comme un Red Dot Design Award ou un German Design Award en 2020.<\/p>\n<p>Ils ont travaill\u00e9 avec des marques nationales et internationales et ont expos\u00e9 dans diff\u00e9rentes expositions internationales de design \u00e0 Milan, Paris, Los Angeles et San Francisco.<\/p>\n<p>Ses cr\u00e9ations ont \u00e9t\u00e9 pr\u00e9sent\u00e9es dans des m\u00e9dias tels que AD Architectural Digest, Dise\u00f1o Interior, Fast Company, Dezeen ou El Pa\u00eds.<\/p>\n\t\t\t\t\t\t\t\t<\/div>\n\t\t\t\t<\/div>\n\t\t\t\t<\/div>\n\t\t<div data-particle_enable=\"false\" data-particle-mobile-disabled=\"false\" class=\"elementor-element elementor-element-97dc643 e-con-full e-flex wd-section-disabled e-con e-child\" data-id=\"97dc643\" data-element_type=\"container\">\n\t\t\t\t<div class=\"elementor-element elementor-element-3ebb89b elementor-widget elementor-widget-image\" data-id=\"3ebb89b\" data-element_type=\"widget\" data-widget_type=\"image.default\">\n\t\t\t\t<div class=\"elementor-widget-container\">\n\t\t\t\t\t\t\t\t\t\t\t\t\t\t\t<img fetchpriority=\"high\" decoding=\"async\" width=\"1500\" height=\"1500\" src=\"https:\/\/dev.beltafrajumar.com\/wp-content\/uploads\/2024\/06\/Muka-Design-Lab-Belta-Frajumar.jpg\" class=\"attachment-full size-full wp-image-21145\" alt=\"Disenador Muka Design Lab - Belt\u00e1 Frajumar\" srcset=\"https:\/\/dev.beltafrajumar.com\/wp-content\/uploads\/2024\/06\/Muka-Design-Lab-Belta-Frajumar.jpg 1500w, https:\/\/dev.beltafrajumar.com\/wp-content\/uploads\/2024\/06\/Muka-Design-Lab-Belta-Frajumar-600x600.jpg 600w, https:\/\/dev.beltafrajumar.com\/wp-content\/uploads\/2024\/06\/Muka-Design-Lab-Belta-Frajumar-200x200.jpg 200w, https:\/\/dev.beltafrajumar.com\/wp-content\/uploads\/2024\/06\/Muka-Design-Lab-Belta-Frajumar-700x700.jpg 700w, https:\/\/dev.beltafrajumar.com\/wp-content\/uploads\/2024\/06\/Muka-Design-Lab-Belta-Frajumar-300x300.jpg 300w, https:\/\/dev.beltafrajumar.com\/wp-content\/uploads\/2024\/06\/Muka-Design-Lab-Belta-Frajumar-150x150.jpg 150w, https:\/\/dev.beltafrajumar.com\/wp-content\/uploads\/2024\/06\/Muka-Design-Lab-Belta-Frajumar-768x768.jpg 768w, https:\/\/dev.beltafrajumar.com\/wp-content\/uploads\/2024\/06\/Muka-Design-Lab-Belta-Frajumar-1200x1200.jpg 1200w\" sizes=\"(max-width: 1500px) 100vw, 1500px\" \/>\t\t\t\t\t\t\t\t\t\t\t\t\t\t\t<\/div>\n\t\t\t\t<\/div>\n\t\t\t\t<\/div>\n\t\t\t\t\t<\/div>\n\t\t\t\t<\/div>\n\t\t\t\t<\/div>\n\t\t<\/p>\n\t\t\t\t\t\t\t\t<\/div>\n\t\t\t\t<\/div>\n\t\t\t\t<div class=\"elementor-element elementor-element-f22c70b elementor-widget elementor-widget-wd_title\" data-id=\"f22c70b\" data-element_type=\"widget\" data-widget_type=\"wd_title.default\">\n\t\t\t\t<div class=\"elementor-widget-container\">\n\t\t\t\t\t\t\t<div class=\"title-wrapper set-mb-s reset-last-child wd-title-color-default wd-title-style-default wd-title-size-medium text-left\">\n\n\t\t\t\n\t\t\t<div class=\"liner-continer\">\n\t\t\t\t<h4 class=\"woodmart-title-container title wd-fontsize-xl\">PRODUITS CON\u00c7US<\/h4> \n\t\t\t\t\t\t\t<\/div>\n\n\t\t\t\t\t<\/div>\n\t\t\t\t\t\t<\/div>\n\t\t\t\t<\/div>\n\t\t\t\t<div class=\"elementor-element elementor-element-f6148d6 elementor-widget elementor-widget-wd_products\" data-id=\"f6148d6\" data-element_type=\"widget\" data-widget_type=\"wd_products.default\">\n\t\t\t\t<div class=\"elementor-widget-container\">\n\t\t\t\t\t\t\t\t\t\t<div class=\"wd-products-element\">\n\n\t\t\t\n\t\t\t\n\t\t\t\n\t\t\t<div class=\"products elements-grid row wd-products-holder pagination- wd-spacing-20 grid-columns-3 wd-stretch-cont-lg wd-stretch-cont-md wd-stretch-cont-sm align-items-start\" data-paged=\"1\" data-atts=\"{&quot;element_title&quot;:&quot;&quot;,&quot;title_alignment&quot;:&quot;left&quot;,&quot;query_post_type&quot;:&quot;product&quot;,&quot;post_type&quot;:&quot;product&quot;,&quot;include&quot;:null,&quot;taxonomies&quot;:[&quot;2302&quot;],&quot;offset&quot;:&quot;&quot;,&quot;orderby&quot;:&quot;&quot;,&quot;query_type&quot;:&quot;OR&quot;,&quot;order&quot;:null,&quot;meta_key&quot;:null,&quot;exclude&quot;:&quot;&quot;,&quot;shop_tools&quot;:null,&quot;hide_out_of_stock&quot;:&quot;no&quot;,&quot;ajax_recently_viewed&quot;:null,&quot;speed&quot;:null,&quot;slides_per_view&quot;:null,&quot;slides_per_view_tablet&quot;:{&quot;size&quot;:&quot;&quot;},&quot;slides_per_view_mobile&quot;:{&quot;size&quot;:&quot;&quot;},&quot;wrap&quot;:null,&quot;autoplay&quot;:null,&quot;center_mode&quot;:null,&quot;hide_pagination_control&quot;:null,&quot;hide_prev_next_buttons&quot;:null,&quot;scroll_per_page&quot;:null,&quot;layout&quot;:&quot;grid&quot;,&quot;pagination&quot;:&quot;&quot;,&quot;items_per_page&quot;:48,&quot;spacing&quot;:&quot;20&quot;,&quot;columns&quot;:{&quot;unit&quot;:&quot;px&quot;,&quot;size&quot;:3,&quot;sizes&quot;:[]},&quot;columns_tablet&quot;:{&quot;size&quot;:&quot;&quot;},&quot;columns_mobile&quot;:{&quot;size&quot;:&quot;&quot;},&quot;products_masonry&quot;:&quot;&quot;,&quot;products_different_sizes&quot;:&quot;&quot;,&quot;product_quantity&quot;:&quot;&quot;,&quot;product_hover&quot;:&quot;inherit&quot;,&quot;sale_countdown&quot;:&quot;0&quot;,&quot;stretch_product&quot;:null,&quot;stretch_product_tablet&quot;:0,&quot;stretch_product_mobile&quot;:0,&quot;stock_progress_bar&quot;:&quot;0&quot;,&quot;highlighted_products&quot;:&quot;0&quot;,&quot;products_bordered_grid&quot;:&quot;0&quot;,&quot;products_bordered_grid_style&quot;:null,&quot;products_with_background&quot;:&quot;0&quot;,&quot;products_shadow&quot;:&quot;0&quot;,&quot;products_color_scheme&quot;:&quot;default&quot;,&quot;img_size&quot;:&quot;large&quot;,&quot;img_size_custom&quot;:null,&quot;grid_gallery&quot;:&quot;&quot;,&quot;grid_gallery_control&quot;:null,&quot;grid_gallery_enable_arrows&quot;:null,&quot;ajax_page&quot;:&quot;&quot;,&quot;force_not_ajax&quot;:&quot;no&quot;,&quot;lazy_loading&quot;:&quot;no&quot;,&quot;scroll_carousel_init&quot;:null,&quot;custom_sizes&quot;:false,&quot;elementor&quot;:true}\" data-source=\"shortcode\" data-columns=\"3\" data-grid-gallery=\"\">\n\t\t\n\t\t\n\t\t\t\t\t\t\t\t<div class=\"product-grid-item product wd-hover-buttons-on-hover  col-lg-4 col-md-4 col-12 first  wcpa_has_options type-product post-30076 status-publish instock product_cat-fauteuils-hotels product_cat-fauteuils-maison product_cat-nouveautes product_tag-actualites product_tag-muka-labs-fr product_tag-ventes-en-ligne has-post-thumbnail taxable shipping-taxable purchasable product-type-simple\" data-loop=\"1\" data-id=\"30076\">\n\t\n\t\n<div class=\"product-wrapper\">\n\t<div class=\"product-element-top wd-quick-shop\">\n\t\t<a href=\"https:\/\/dev.beltafrajumar.com\/fr\/produit\/fauteuil-lotu\/\" class=\"product-image-link\">\n\t\t\t<img decoding=\"async\" width=\"1080\" height=\"1080\" src=\"https:\/\/dev.beltafrajumar.com\/wp-content\/uploads\/2024\/06\/LOTU-butaca-Mobiliario-Belta-Frajumar-4.jpg\" class=\"attachment-large size-large\" alt=\"LOTU butaca - Mobiliario Belt\u00e1 Frajumar\" srcset=\"https:\/\/dev.beltafrajumar.com\/wp-content\/uploads\/2024\/06\/LOTU-butaca-Mobiliario-Belta-Frajumar-4.jpg 1080w, https:\/\/dev.beltafrajumar.com\/wp-content\/uploads\/2024\/06\/LOTU-butaca-Mobiliario-Belta-Frajumar-4-600x600.jpg 600w, https:\/\/dev.beltafrajumar.com\/wp-content\/uploads\/2024\/06\/LOTU-butaca-Mobiliario-Belta-Frajumar-4-200x200.jpg 200w, https:\/\/dev.beltafrajumar.com\/wp-content\/uploads\/2024\/06\/LOTU-butaca-Mobiliario-Belta-Frajumar-4-700x700.jpg 700w, https:\/\/dev.beltafrajumar.com\/wp-content\/uploads\/2024\/06\/LOTU-butaca-Mobiliario-Belta-Frajumar-4-300x300.jpg 300w, https:\/\/dev.beltafrajumar.com\/wp-content\/uploads\/2024\/06\/LOTU-butaca-Mobiliario-Belta-Frajumar-4-150x150.jpg 150w, https:\/\/dev.beltafrajumar.com\/wp-content\/uploads\/2024\/06\/LOTU-butaca-Mobiliario-Belta-Frajumar-4-768x768.jpg 768w\" sizes=\"(max-width: 1080px) 100vw, 1080px\" \/>\t\t<\/a>\n\n\t\t\t\t\t<div class=\"hover-img\">\n\t\t\t\t<a href=\"https:\/\/dev.beltafrajumar.com\/fr\/produit\/fauteuil-lotu\/\">\n\t\t\t\t\t<img decoding=\"async\" width=\"1200\" height=\"800\" src=\"https:\/\/dev.beltafrajumar.com\/wp-content\/uploads\/2024\/06\/LOTU-butaca-Mobiliario-Belta-Frajumar-3.jpg\" class=\"attachment-large size-large\" alt=\"Fauteuil LOTU - Meubles Belt\u00e1 Frajumar\" srcset=\"https:\/\/dev.beltafrajumar.com\/wp-content\/uploads\/2024\/06\/LOTU-butaca-Mobiliario-Belta-Frajumar-3.jpg 1200w, https:\/\/dev.beltafrajumar.com\/wp-content\/uploads\/2024\/06\/LOTU-butaca-Mobiliario-Belta-Frajumar-3-200x133.jpg 200w, https:\/\/dev.beltafrajumar.com\/wp-content\/uploads\/2024\/06\/LOTU-butaca-Mobiliario-Belta-Frajumar-3-700x467.jpg 700w, https:\/\/dev.beltafrajumar.com\/wp-content\/uploads\/2024\/06\/LOTU-butaca-Mobiliario-Belta-Frajumar-3-300x200.jpg 300w, https:\/\/dev.beltafrajumar.com\/wp-content\/uploads\/2024\/06\/LOTU-butaca-Mobiliario-Belta-Frajumar-3-768x512.jpg 768w\" sizes=\"(max-width: 1200px) 100vw, 1200px\" \/>\t\t\t\t<\/a>\n\t\t\t<\/div>\n\t\t\t\n\t\t<div class=\"wd-buttons wd-pos-r-t\">\n\t\t\t\t\t\t<div class=\"wd-wishlist-btn wd-action-btn wd-style-icon wd-wishlist-icon\">\n\t\t\t\t<a class=\"\" href=\"https:\/\/dev.beltafrajumar.com\/fr\/wishlist\/\" data-key=\"336b157ab8\" data-product-id=\"21160\" rel=\"nofollow\" data-added-text=\"Browse Wishlist\">\n\t\t\t\t\t<span>Add to wishlist<\/span>\n\t\t\t\t<\/a>\n\t\t\t<\/div>\n\t\t\t\t<\/div>\n\t<\/div>\n\n\t<div class=\"product-element-bottom\">\n\n\t\t<div class=\"wd-product-header\">\n\t\t\t<h3 class=\"wd-entities-title\"><a href=\"https:\/\/dev.beltafrajumar.com\/fr\/produit\/fauteuil-lotu\/\">Fauteuil LOTU<\/a><\/h3>\n\t\t\t\t\t<\/div>\n\n\t\t\n\t\t\n\t\t\n\t\t<div class=\"wrap-price\">\n\t\t\t\n\t<span class=\"price\"><span class=\"woocommerce-Price-amount amount\"><bdi>1,309.22&nbsp;<span class=\"woocommerce-Price-currencySymbol\">&euro;<\/span><\/bdi><\/span><\/span>\n      \n\t\t\t\t\t<\/div>\n\n\t\t\n\t\t\n\t\t\n\t\t\n\t\t<div class=\"wd-product-footer\">\n\t\t\t<div class=\"wd-add-btn wd-add-btn-replace\">\n\t\t\t\t<a href=\"https:\/\/dev.beltafrajumar.com\/fr\/produit\/fauteuil-lotu\/\" data-quantity=\"1\" class=\"button product_type_simple add_to_cart_button wcpa_add_to_cart_button add-to-cart-loop\" data-product_id=\"30076\" data-product_sku=\"243BU\" aria-label=\"Ajouter au panier\u00a0: &ldquo;Fauteuil LOTU&rdquo;\" rel=\"nofollow\" data-success_message=\"\u00ab\u00a0Fauteuil LOTU\u00a0\u00bb a \u00e9t\u00e9 ajout\u00e9 \u00e0 votre panier\"><span>S\u00e9lectionner les options<\/span><\/a>\t\t\t<\/div>\n\t\t\t<div class=\"wd-action-buttons\">\n\t\t\t\t\t\t\t\t\t\t\t<\/div>\n\t\t<\/div>\n\t<\/div>\n<\/div>\n<\/div>\n\t\t\n\t\t\t\t<\/div>\n\t\n\t\t\n\t\t\n\t\t\t\t\t<\/div>\n\t\t\n\t\t\t\t\t\t<\/div>\n\t\t\t\t<\/div>\n\t\t\t\t\t<\/div>\n\t\t\t\t<\/div>\n\t\t\t\t<\/div>\n\t\t","protected":false},"excerpt":{"rendered":"<p>PRODUITS CON\u00c7US A\u00f1adir a lista de deseos LOTU butaca Leer m\u00e1s<\/p>\n","protected":false},"author":3,"featured_media":35186,"parent":25069,"menu_order":0,"comment_status":"closed","ping_status":"closed","template":"","meta":{"_acf_changed":false,"footnotes":""},"class_list":["post-25112","page","type-page","status-publish","has-post-thumbnail","hentry"],"acf":[],"yoast_head":"<!-- This site is optimized with the Yoast SEO Premium plugin v24.2 (Yoast SEO v25.3.1) - https:\/\/yoast.com\/wordpress\/plugins\/seo\/ -->\n<title>Concepteur Muka Design Lab | Belt\u00e1 Frajumar<\/title>\n<meta name=\"description\" content=\"D\u00e9couvrez la cr\u00e9ativit\u00e9 de Muka Design Lab dans la cr\u00e9ation de meubles contemporains et fonctionnels au style unique.\" \/>\n<meta name=\"robots\" content=\"noindex, follow, max-snippet:-1, max-image-preview:large, max-video-preview:-1\" \/>\n<meta property=\"og:locale\" content=\"fr_FR\" \/>\n<meta property=\"og:type\" content=\"article\" \/>\n<meta property=\"og:title\" content=\"Concepteur Muka Design Lab\" \/>\n<meta property=\"og:description\" content=\"D\u00e9couvrez la cr\u00e9ativit\u00e9 de Muka Design Lab dans la cr\u00e9ation de meubles contemporains et fonctionnels au style unique.\" \/>\n<meta property=\"og:url\" content=\"https:\/\/dev.beltafrajumar.com\/fr\/createurs\/concepteur-muka-design-lab\/\" \/>\n<meta property=\"og:site_name\" content=\"Belt\u00e1 Frajumar\" \/>\n<meta property=\"article:modified_time\" content=\"2025-01-30T14:10:17+00:00\" \/>\n<meta property=\"og:image\" content=\"https:\/\/dev.beltafrajumar.com\/wp-content\/uploads\/2024\/12\/Muka-Design-Lab-Belta-Frajumar.jpg\" \/>\n\t<meta property=\"og:image:width\" content=\"800\" \/>\n\t<meta property=\"og:image:height\" content=\"800\" \/>\n\t<meta property=\"og:image:type\" content=\"image\/jpeg\" \/>\n<meta name=\"twitter:card\" content=\"summary_large_image\" \/>\n<meta name=\"twitter:label1\" content=\"Dur\u00e9e de lecture estim\u00e9e\" \/>\n\t<meta name=\"twitter:data1\" content=\"1 minute\" \/>\n<script type=\"application\/ld+json\" class=\"yoast-schema-graph\">{\"@context\":\"https:\/\/schema.org\",\"@graph\":[{\"@type\":\"WebPage\",\"@id\":\"https:\/\/dev.beltafrajumar.com\/fr\/createurs\/concepteur-muka-design-lab\/\",\"url\":\"https:\/\/dev.beltafrajumar.com\/fr\/createurs\/concepteur-muka-design-lab\/\",\"name\":\"Concepteur Muka Design Lab | Belt\u00e1 Frajumar\",\"isPartOf\":{\"@id\":\"https:\/\/dev.beltafrajumar.com\/fr\/#website\"},\"primaryImageOfPage\":{\"@id\":\"https:\/\/dev.beltafrajumar.com\/fr\/createurs\/concepteur-muka-design-lab\/#primaryimage\"},\"image\":{\"@id\":\"https:\/\/dev.beltafrajumar.com\/fr\/createurs\/concepteur-muka-design-lab\/#primaryimage\"},\"thumbnailUrl\":\"https:\/\/dev.beltafrajumar.com\/wp-content\/uploads\/2024\/12\/Muka-Design-Lab-Belta-Frajumar.jpg\",\"datePublished\":\"2024-06-25T07:21:16+00:00\",\"dateModified\":\"2025-01-30T14:10:17+00:00\",\"description\":\"D\u00e9couvrez la cr\u00e9ativit\u00e9 de Muka Design Lab dans la cr\u00e9ation de meubles contemporains et fonctionnels au style unique.\",\"breadcrumb\":{\"@id\":\"https:\/\/dev.beltafrajumar.com\/fr\/createurs\/concepteur-muka-design-lab\/#breadcrumb\"},\"inLanguage\":\"fr-FR\",\"potentialAction\":[{\"@type\":\"ReadAction\",\"target\":[\"https:\/\/dev.beltafrajumar.com\/fr\/createurs\/concepteur-muka-design-lab\/\"]}]},{\"@type\":\"ImageObject\",\"inLanguage\":\"fr-FR\",\"@id\":\"https:\/\/dev.beltafrajumar.com\/fr\/createurs\/concepteur-muka-design-lab\/#primaryimage\",\"url\":\"https:\/\/dev.beltafrajumar.com\/wp-content\/uploads\/2024\/12\/Muka-Design-Lab-Belta-Frajumar.jpg\",\"contentUrl\":\"https:\/\/dev.beltafrajumar.com\/wp-content\/uploads\/2024\/12\/Muka-Design-Lab-Belta-Frajumar.jpg\",\"width\":800,\"height\":800,\"caption\":\"Muka-Design-Lab-Belta-Frajumar\"},{\"@type\":\"BreadcrumbList\",\"@id\":\"https:\/\/dev.beltafrajumar.com\/fr\/createurs\/concepteur-muka-design-lab\/#breadcrumb\",\"itemListElement\":[{\"@type\":\"ListItem\",\"position\":1,\"name\":\"Portada\",\"item\":\"https:\/\/dev.beltafrajumar.com\/fr\/\"},{\"@type\":\"ListItem\",\"position\":2,\"name\":\"Concepteur\",\"item\":\"https:\/\/dev.beltafrajumar.com\/fr\/disenadores\/\"},{\"@type\":\"ListItem\",\"position\":3,\"name\":\"Concepteur Muka Design Lab\"}]},{\"@type\":\"WebSite\",\"@id\":\"https:\/\/dev.beltafrajumar.com\/fr\/#website\",\"url\":\"https:\/\/dev.beltafrajumar.com\/fr\/\",\"name\":\"Belt\u00e1 Frajumar\",\"description\":\"Calidad, Dise\u00f1o y Decoraci\u00f3n de Interiores en Mobiliario Hospitality y Living\",\"publisher\":{\"@id\":\"https:\/\/dev.beltafrajumar.com\/fr\/#organization\"},\"alternateName\":\"Fabricante de mobiliario Hospitality y Living\",\"potentialAction\":[{\"@type\":\"SearchAction\",\"target\":{\"@type\":\"EntryPoint\",\"urlTemplate\":\"https:\/\/dev.beltafrajumar.com\/fr\/?s={search_term_string}\"},\"query-input\":{\"@type\":\"PropertyValueSpecification\",\"valueRequired\":true,\"valueName\":\"search_term_string\"}}],\"inLanguage\":\"fr-FR\"},{\"@type\":\"Organization\",\"@id\":\"https:\/\/dev.beltafrajumar.com\/fr\/#organization\",\"name\":\"Belt\u00e1 Frajumar\",\"alternateName\":\"Fabricant de meubles exclusif Belt\u00e1 Frajumar\",\"url\":\"https:\/\/dev.beltafrajumar.com\/fr\/\",\"logo\":{\"@type\":\"ImageObject\",\"inLanguage\":\"fr-FR\",\"@id\":\"https:\/\/dev.beltafrajumar.com\/fr\/#\/schema\/logo\/image\/\",\"url\":\"https:\/\/dev.beltafrajumar.com\/wp-content\/uploads\/2024\/10\/Logotipo-Belta-Frajumar-patrocinador-de-InterCIDEC-1.jpg\",\"contentUrl\":\"https:\/\/dev.beltafrajumar.com\/wp-content\/uploads\/2024\/10\/Logotipo-Belta-Frajumar-patrocinador-de-InterCIDEC-1.jpg\",\"width\":1080,\"height\":1080,\"caption\":\"Belt\u00e1 Frajumar\"},\"image\":{\"@id\":\"https:\/\/dev.beltafrajumar.com\/fr\/#\/schema\/logo\/image\/\"}}]}<\/script>\n<!-- \/ Yoast SEO Premium plugin. -->","yoast_head_json":{"title":"Concepteur Muka Design Lab | Belt\u00e1 Frajumar","description":"D\u00e9couvrez la cr\u00e9ativit\u00e9 de Muka Design Lab dans la cr\u00e9ation de meubles contemporains et fonctionnels au style unique.","robots":{"index":"noindex","follow":"follow","max-snippet":"max-snippet:-1","max-image-preview":"max-image-preview:large","max-video-preview":"max-video-preview:-1"},"og_locale":"fr_FR","og_type":"article","og_title":"Concepteur Muka Design Lab","og_description":"D\u00e9couvrez la cr\u00e9ativit\u00e9 de Muka Design Lab dans la cr\u00e9ation de meubles contemporains et fonctionnels au style unique.","og_url":"https:\/\/dev.beltafrajumar.com\/fr\/createurs\/concepteur-muka-design-lab\/","og_site_name":"Belt\u00e1 Frajumar","article_modified_time":"2025-01-30T14:10:17+00:00","og_image":[{"width":800,"height":800,"url":"https:\/\/dev.beltafrajumar.com\/wp-content\/uploads\/2024\/12\/Muka-Design-Lab-Belta-Frajumar.jpg","type":"image\/jpeg"}],"twitter_card":"summary_large_image","twitter_misc":{"Dur\u00e9e de lecture estim\u00e9e":"1 minute"},"schema":{"@context":"https:\/\/schema.org","@graph":[{"@type":"WebPage","@id":"https:\/\/dev.beltafrajumar.com\/fr\/createurs\/concepteur-muka-design-lab\/","url":"https:\/\/dev.beltafrajumar.com\/fr\/createurs\/concepteur-muka-design-lab\/","name":"Concepteur Muka Design Lab | Belt\u00e1 Frajumar","isPartOf":{"@id":"https:\/\/dev.beltafrajumar.com\/fr\/#website"},"primaryImageOfPage":{"@id":"https:\/\/dev.beltafrajumar.com\/fr\/createurs\/concepteur-muka-design-lab\/#primaryimage"},"image":{"@id":"https:\/\/dev.beltafrajumar.com\/fr\/createurs\/concepteur-muka-design-lab\/#primaryimage"},"thumbnailUrl":"https:\/\/dev.beltafrajumar.com\/wp-content\/uploads\/2024\/12\/Muka-Design-Lab-Belta-Frajumar.jpg","datePublished":"2024-06-25T07:21:16+00:00","dateModified":"2025-01-30T14:10:17+00:00","description":"D\u00e9couvrez la cr\u00e9ativit\u00e9 de Muka Design Lab dans la cr\u00e9ation de meubles contemporains et fonctionnels au style unique.","breadcrumb":{"@id":"https:\/\/dev.beltafrajumar.com\/fr\/createurs\/concepteur-muka-design-lab\/#breadcrumb"},"inLanguage":"fr-FR","potentialAction":[{"@type":"ReadAction","target":["https:\/\/dev.beltafrajumar.com\/fr\/createurs\/concepteur-muka-design-lab\/"]}]},{"@type":"ImageObject","inLanguage":"fr-FR","@id":"https:\/\/dev.beltafrajumar.com\/fr\/createurs\/concepteur-muka-design-lab\/#primaryimage","url":"https:\/\/dev.beltafrajumar.com\/wp-content\/uploads\/2024\/12\/Muka-Design-Lab-Belta-Frajumar.jpg","contentUrl":"https:\/\/dev.beltafrajumar.com\/wp-content\/uploads\/2024\/12\/Muka-Design-Lab-Belta-Frajumar.jpg","width":800,"height":800,"caption":"Muka-Design-Lab-Belta-Frajumar"},{"@type":"BreadcrumbList","@id":"https:\/\/dev.beltafrajumar.com\/fr\/createurs\/concepteur-muka-design-lab\/#breadcrumb","itemListElement":[{"@type":"ListItem","position":1,"name":"Portada","item":"https:\/\/dev.beltafrajumar.com\/fr\/"},{"@type":"ListItem","position":2,"name":"Concepteur","item":"https:\/\/dev.beltafrajumar.com\/fr\/disenadores\/"},{"@type":"ListItem","position":3,"name":"Concepteur Muka Design Lab"}]},{"@type":"WebSite","@id":"https:\/\/dev.beltafrajumar.com\/fr\/#website","url":"https:\/\/dev.beltafrajumar.com\/fr\/","name":"Belt\u00e1 Frajumar","description":"Calidad, Dise\u00f1o y Decoraci\u00f3n de Interiores en Mobiliario Hospitality y Living","publisher":{"@id":"https:\/\/dev.beltafrajumar.com\/fr\/#organization"},"alternateName":"Fabricante de mobiliario Hospitality y Living","potentialAction":[{"@type":"SearchAction","target":{"@type":"EntryPoint","urlTemplate":"https:\/\/dev.beltafrajumar.com\/fr\/?s={search_term_string}"},"query-input":{"@type":"PropertyValueSpecification","valueRequired":true,"valueName":"search_term_string"}}],"inLanguage":"fr-FR"},{"@type":"Organization","@id":"https:\/\/dev.beltafrajumar.com\/fr\/#organization","name":"Belt\u00e1 Frajumar","alternateName":"Fabricant de meubles exclusif Belt\u00e1 Frajumar","url":"https:\/\/dev.beltafrajumar.com\/fr\/","logo":{"@type":"ImageObject","inLanguage":"fr-FR","@id":"https:\/\/dev.beltafrajumar.com\/fr\/#\/schema\/logo\/image\/","url":"https:\/\/dev.beltafrajumar.com\/wp-content\/uploads\/2024\/10\/Logotipo-Belta-Frajumar-patrocinador-de-InterCIDEC-1.jpg","contentUrl":"https:\/\/dev.beltafrajumar.com\/wp-content\/uploads\/2024\/10\/Logotipo-Belta-Frajumar-patrocinador-de-InterCIDEC-1.jpg","width":1080,"height":1080,"caption":"Belt\u00e1 Frajumar"},"image":{"@id":"https:\/\/dev.beltafrajumar.com\/fr\/#\/schema\/logo\/image\/"}}]}},"_links":{"self":[{"href":"https:\/\/dev.beltafrajumar.com\/fr\/wp-json\/wp\/v2\/pages\/25112","targetHints":{"allow":["GET"]}}],"collection":[{"href":"https:\/\/dev.beltafrajumar.com\/fr\/wp-json\/wp\/v2\/pages"}],"about":[{"href":"https:\/\/dev.beltafrajumar.com\/fr\/wp-json\/wp\/v2\/types\/page"}],"author":[{"embeddable":true,"href":"https:\/\/dev.beltafrajumar.com\/fr\/wp-json\/wp\/v2\/users\/3"}],"replies":[{"embeddable":true,"href":"https:\/\/dev.beltafrajumar.com\/fr\/wp-json\/wp\/v2\/comments?post=25112"}],"version-history":[{"count":0,"href":"https:\/\/dev.beltafrajumar.com\/fr\/wp-json\/wp\/v2\/pages\/25112\/revisions"}],"up":[{"embeddable":true,"href":"https:\/\/dev.beltafrajumar.com\/fr\/wp-json\/wp\/v2\/pages\/25069"}],"wp:featuredmedia":[{"embeddable":true,"href":"https:\/\/dev.beltafrajumar.com\/fr\/wp-json\/wp\/v2\/media\/35186"}],"wp:attachment":[{"href":"https:\/\/dev.beltafrajumar.com\/fr\/wp-json\/wp\/v2\/media?parent=25112"}],"curies":[{"name":"wp","href":"https:\/\/api.w.org\/{rel}","templated":true}]}}