{"id":25098,"date":"2024-06-18T13:49:54","date_gmt":"2024-06-18T11:49:54","guid":{"rendered":"https:\/\/dev.beltafrajumar.com\/createurs\/concepteur-jacob-pringers\/"},"modified":"2025-01-30T15:09:43","modified_gmt":"2025-01-30T14:09:43","slug":"concepteur-jacob-pringers","status":"publish","type":"page","link":"https:\/\/dev.beltafrajumar.com\/fr\/createurs\/concepteur-jacob-pringers\/","title":{"rendered":"Concepteur Jacob Pringers"},"content":{"rendered":"\t\t<div data-elementor-type=\"wp-page\" data-elementor-id=\"25098\" class=\"elementor elementor-25098 elementor-19242\" data-elementor-post-type=\"page\">\n\t\t\t\t<div data-particle_enable=\"false\" data-particle-mobile-disabled=\"false\" class=\"elementor-element elementor-element-05244c4 e-flex e-con-boxed wd-section-disabled e-con e-parent\" data-id=\"05244c4\" data-element_type=\"container\">\n\t\t\t\t\t<div class=\"e-con-inner\">\n\t\t\t\t<div class=\"elementor-element elementor-element-019ea50 color-scheme-inherit text-left elementor-widget elementor-widget-text-editor\" data-id=\"019ea50\" data-element_type=\"widget\" data-widget_type=\"text-editor.default\">\n\t\t\t\t<div class=\"elementor-widget-container\">\n\t\t\t\t\t\t\t\t\t<p>\t\t\t<link rel=\"stylesheet\" id=\"elementor-post-18951-css\" href=\"https:\/\/dev.beltafrajumar.com\/wp-content\/uploads\/elementor\/css\/post-18951.css?ver=1752141956\" type=\"text\/css\" media=\"all\">\n\t\t\t\t\t<div data-elementor-type=\"wp-post\" data-elementor-id=\"18951\" class=\"elementor elementor-18951 elementor-4000\" data-elementor-post-type=\"cms_block\">\n\t\t\t\t<div data-particle_enable=\"false\" data-particle-mobile-disabled=\"false\" class=\"elementor-element elementor-element-f4d0edd e-flex e-con-boxed wd-section-disabled e-con e-parent\" data-id=\"f4d0edd\" data-element_type=\"container\">\n\t\t\t\t\t<div class=\"e-con-inner\">\n\t\t<div data-particle_enable=\"false\" data-particle-mobile-disabled=\"false\" class=\"elementor-element elementor-element-e810fdc e-con-full e-flex wd-section-disabled e-con e-child\" data-id=\"e810fdc\" data-element_type=\"container\">\n\t\t\t\t<div class=\"elementor-element elementor-element-5bcec08 elementor-widget elementor-widget-heading\" data-id=\"5bcec08\" data-element_type=\"widget\" data-widget_type=\"heading.default\">\n\t\t\t\t<div class=\"elementor-widget-container\">\n\t\t\t\t\t<h1 class=\"elementor-heading-title elementor-size-default\">Jacob Pringiers<\/h1>\t\t\t\t<\/div>\n\t\t\t\t<\/div>\n\t\t\t\t<div class=\"elementor-element elementor-element-f6a7b48 elementor-widget-divider--view-line elementor-widget elementor-widget-divider\" data-id=\"f6a7b48\" data-element_type=\"widget\" data-widget_type=\"divider.default\">\n\t\t\t\t<div class=\"elementor-widget-container\">\n\t\t\t\t\t\t\t<div class=\"elementor-divider\">\n\t\t\t<span class=\"elementor-divider-separator\">\n\t\t\t\t\t\t<\/span>\n\t\t<\/div>\n\t\t\t\t\t\t<\/div>\n\t\t\t\t<\/div>\n\t\t\t\t<div class=\"elementor-element elementor-element-64d7b99 elementor-widget elementor-widget-heading\" data-id=\"64d7b99\" data-element_type=\"widget\" data-widget_type=\"heading.default\">\n\t\t\t\t<div class=\"elementor-widget-container\">\n\t\t\t\t\t<h4 class=\"elementor-heading-title elementor-size-default\">Concepteurs<\/h4>\t\t\t\t<\/div>\n\t\t\t\t<\/div>\n\t\t\t\t<div class=\"elementor-element elementor-element-934f360 color-scheme-inherit text-left elementor-widget elementor-widget-text-editor\" data-id=\"934f360\" data-element_type=\"widget\" data-widget_type=\"text-editor.default\">\n\t\t\t\t<div class=\"elementor-widget-container\">\n\t\t\t\t\t\t\t\t\t<p>Jacobs Pringiers, pour poursuivre sa passion pour le design, d\u00e9m\u00e9nage \u00e0 Milan, poursuit ses \u00e9tudes \u00e0 Vevey en Suisse et \u00e0 Pasadena en Californie, o\u00f9 il est accept\u00e9 au c\u00e9l\u00e8bre Art Center College of Design. Apr\u00e8s avoir obtenu son dipl\u00f4me, il retourne \u00e0 Milan et ouvre un studio de design avec Luca Casini. Il collabore avec succ\u00e8s \u00e0 divers projets de design pour Colgate, Luxottica, WMF, BIC, Nike, RIVA, Fiat&#8230; et remporte plusieurs prix industriels pour son travail, le plus r\u00e9cent \u00e9tant le prestigieux Trend Product Of The Year Award, 2011 \u00e0 Francfort avec le design \u00ab LULU \u00bb, une collection de vases en c\u00e9ramique. Il travaille \u00e9galement pour des entreprises telles que Desalto, BRF, eDepadova, Durlet. Il a \u00e9t\u00e9 invit\u00e9 \u00e0 enseigner la conception 3D \u00e0 l&rsquo;\u00c9cole polytechnique de Milan.<\/p>\n<p>Pringiers partage aujourd&rsquo;hui son temps entre Milan et Colombo, au Sri Lanka, o\u00f9 il est directeur artistique de l&rsquo;une des principales entreprises asiatiques de fabrication de bateaux, tout en continuant \u00e0 travailler sur divers projets internationaux. Ces derni\u00e8res ann\u00e9es, il a collabor\u00e9 avec deux grands architectes japonais, Tadao Ando et Shigeru Ban, ce qui a donn\u00e9 une nouvelle dimension \u00e0 son travail et \u00e0 ses projets futurs. Jacob a toujours con\u00e7u dans un but pr\u00e9cis : chaque projet a une fonction, qu&rsquo;elle soit esth\u00e9tique, fonctionnelle ou \u00e9motionnelle. L&rsquo;obligation des concepteurs est de remplir chacune de ces fonctions selon les normes les plus \u00e9lev\u00e9es, en trouvant l&rsquo;harmonie et l&rsquo;\u00e9quilibre entre les diff\u00e9rentes parties du projet.<\/p>\n\t\t\t\t\t\t\t\t<\/div>\n\t\t\t\t<\/div>\n\t\t\t\t<\/div>\n\t\t<div data-particle_enable=\"false\" data-particle-mobile-disabled=\"false\" class=\"elementor-element elementor-element-0c0865f e-con-full e-flex wd-section-disabled e-con e-child\" data-id=\"0c0865f\" data-element_type=\"container\">\n\t\t\t\t<div class=\"elementor-element elementor-element-08e8ffe elementor-widget elementor-widget-image\" data-id=\"08e8ffe\" data-element_type=\"widget\" data-widget_type=\"image.default\">\n\t\t\t\t<div class=\"elementor-widget-container\">\n\t\t\t\t\t\t\t\t\t\t\t\t\t\t\t<img fetchpriority=\"high\" decoding=\"async\" width=\"500\" height=\"500\" src=\"https:\/\/dev.beltafrajumar.com\/wp-content\/uploads\/2024\/04\/Disenador_jacob-pringiers.jpg\" class=\"attachment-full size-full wp-image-5651\" alt=\"Dise\u00f1ador_jacob-pringiers\" srcset=\"https:\/\/dev.beltafrajumar.com\/wp-content\/uploads\/2024\/04\/Disenador_jacob-pringiers.jpg 500w, https:\/\/dev.beltafrajumar.com\/wp-content\/uploads\/2024\/04\/Disenador_jacob-pringiers-200x200.jpg 200w, https:\/\/dev.beltafrajumar.com\/wp-content\/uploads\/2024\/04\/Disenador_jacob-pringiers-300x300.jpg 300w, https:\/\/dev.beltafrajumar.com\/wp-content\/uploads\/2024\/04\/Disenador_jacob-pringiers-150x150.jpg 150w\" sizes=\"(max-width: 500px) 100vw, 500px\" \/>\t\t\t\t\t\t\t\t\t\t\t\t\t\t\t<\/div>\n\t\t\t\t<\/div>\n\t\t\t\t<\/div>\n\t\t\t\t\t<\/div>\n\t\t\t\t<\/div>\n\t\t\t\t<\/div>\n\t\t<\/p>\n\t\t\t\t\t\t\t\t<\/div>\n\t\t\t\t<\/div>\n\t\t\t\t<div class=\"elementor-element elementor-element-f22c70b elementor-widget elementor-widget-wd_title\" data-id=\"f22c70b\" data-element_type=\"widget\" data-widget_type=\"wd_title.default\">\n\t\t\t\t<div class=\"elementor-widget-container\">\n\t\t\t\t\t\t\t<div class=\"title-wrapper set-mb-s reset-last-child wd-title-color-default wd-title-style-default wd-title-size-medium text-left\">\n\n\t\t\t\n\t\t\t<div class=\"liner-continer\">\n\t\t\t\t<h4 class=\"woodmart-title-container title wd-fontsize-xl\">PRODUITS CON\u00c7US<\/h4> \n\t\t\t\t\t\t\t<\/div>\n\n\t\t\t\t\t<\/div>\n\t\t\t\t\t\t<\/div>\n\t\t\t\t<\/div>\n\t\t\t\t<div class=\"elementor-element elementor-element-f6148d6 elementor-widget elementor-widget-wd_products\" data-id=\"f6148d6\" data-element_type=\"widget\" data-widget_type=\"wd_products.default\">\n\t\t\t\t<div class=\"elementor-widget-container\">\n\t\t\t\t\t\t\t\t\t\t<div class=\"wd-products-element\">\n\n\t\t\t\n\t\t\t\n\t\t\t\n\t\t\t<div class=\"products elements-grid row wd-products-holder pagination- wd-spacing-20 grid-columns-3 wd-stretch-cont-lg wd-stretch-cont-md wd-stretch-cont-sm align-items-start\" data-paged=\"1\" data-atts=\"{&quot;element_title&quot;:&quot;&quot;,&quot;title_alignment&quot;:&quot;left&quot;,&quot;query_post_type&quot;:&quot;product&quot;,&quot;post_type&quot;:&quot;product&quot;,&quot;include&quot;:null,&quot;taxonomies&quot;:[&quot;1325&quot;],&quot;offset&quot;:&quot;&quot;,&quot;orderby&quot;:&quot;&quot;,&quot;query_type&quot;:&quot;OR&quot;,&quot;order&quot;:null,&quot;meta_key&quot;:null,&quot;exclude&quot;:&quot;&quot;,&quot;shop_tools&quot;:null,&quot;hide_out_of_stock&quot;:&quot;no&quot;,&quot;ajax_recently_viewed&quot;:null,&quot;speed&quot;:null,&quot;slides_per_view&quot;:null,&quot;slides_per_view_tablet&quot;:{&quot;size&quot;:&quot;&quot;},&quot;slides_per_view_mobile&quot;:{&quot;size&quot;:&quot;&quot;},&quot;wrap&quot;:null,&quot;autoplay&quot;:null,&quot;center_mode&quot;:null,&quot;hide_pagination_control&quot;:null,&quot;hide_prev_next_buttons&quot;:null,&quot;scroll_per_page&quot;:null,&quot;layout&quot;:&quot;grid&quot;,&quot;pagination&quot;:&quot;&quot;,&quot;items_per_page&quot;:24,&quot;spacing&quot;:&quot;20&quot;,&quot;columns&quot;:{&quot;unit&quot;:&quot;px&quot;,&quot;size&quot;:3,&quot;sizes&quot;:[]},&quot;columns_tablet&quot;:{&quot;size&quot;:&quot;&quot;},&quot;columns_mobile&quot;:{&quot;size&quot;:&quot;&quot;},&quot;products_masonry&quot;:&quot;&quot;,&quot;products_different_sizes&quot;:&quot;&quot;,&quot;product_quantity&quot;:&quot;&quot;,&quot;product_hover&quot;:&quot;inherit&quot;,&quot;sale_countdown&quot;:&quot;0&quot;,&quot;stretch_product&quot;:null,&quot;stretch_product_tablet&quot;:0,&quot;stretch_product_mobile&quot;:0,&quot;stock_progress_bar&quot;:&quot;0&quot;,&quot;highlighted_products&quot;:&quot;0&quot;,&quot;products_bordered_grid&quot;:&quot;0&quot;,&quot;products_bordered_grid_style&quot;:null,&quot;products_with_background&quot;:&quot;0&quot;,&quot;products_shadow&quot;:&quot;0&quot;,&quot;products_color_scheme&quot;:&quot;default&quot;,&quot;img_size&quot;:&quot;large&quot;,&quot;img_size_custom&quot;:null,&quot;grid_gallery&quot;:&quot;&quot;,&quot;grid_gallery_control&quot;:null,&quot;grid_gallery_enable_arrows&quot;:null,&quot;ajax_page&quot;:&quot;&quot;,&quot;force_not_ajax&quot;:&quot;no&quot;,&quot;lazy_loading&quot;:&quot;no&quot;,&quot;scroll_carousel_init&quot;:null,&quot;custom_sizes&quot;:false,&quot;elementor&quot;:true}\" data-source=\"shortcode\" data-columns=\"3\" data-grid-gallery=\"\">\n\t\t\n\t\t\n\t\t\t\t\t\t\t\t<div class=\"product-grid-item product wd-hover-buttons-on-hover  col-lg-4 col-md-4 col-12 first  type-product post-23631 status-publish instock product_cat-bancs-hotels product_cat-mobilier-hotel product_tag-jacob-pringiers-fr product_tag-pas-de-vente-en-ligne has-post-thumbnail taxable shipping-taxable product-type-simple\" data-loop=\"1\" data-id=\"23631\">\n\t\n\t\n<div class=\"product-wrapper\">\n\t<div class=\"product-element-top wd-quick-shop\">\n\t\t<a href=\"https:\/\/dev.beltafrajumar.com\/fr\/produit\/edge-banc\/\" class=\"product-image-link\">\n\t\t\t<img decoding=\"async\" width=\"1119\" height=\"1119\" src=\"https:\/\/dev.beltafrajumar.com\/wp-content\/uploads\/2024\/04\/EDGE-banco-Mobiliario-Belta-Frajumar.jpg\" class=\"attachment-large size-large\" alt=\"Banc EDGE - Mobilier Belt\u00e1 Frajumar\" srcset=\"https:\/\/dev.beltafrajumar.com\/wp-content\/uploads\/2024\/04\/EDGE-banco-Mobiliario-Belta-Frajumar.jpg 1119w, https:\/\/dev.beltafrajumar.com\/wp-content\/uploads\/2024\/04\/EDGE-banco-Mobiliario-Belta-Frajumar-600x600.jpg 600w, https:\/\/dev.beltafrajumar.com\/wp-content\/uploads\/2024\/04\/EDGE-banco-Mobiliario-Belta-Frajumar-200x200.jpg 200w, https:\/\/dev.beltafrajumar.com\/wp-content\/uploads\/2024\/04\/EDGE-banco-Mobiliario-Belta-Frajumar-700x700.jpg 700w, https:\/\/dev.beltafrajumar.com\/wp-content\/uploads\/2024\/04\/EDGE-banco-Mobiliario-Belta-Frajumar-300x300.jpg 300w, https:\/\/dev.beltafrajumar.com\/wp-content\/uploads\/2024\/04\/EDGE-banco-Mobiliario-Belta-Frajumar-150x150.jpg 150w, https:\/\/dev.beltafrajumar.com\/wp-content\/uploads\/2024\/04\/EDGE-banco-Mobiliario-Belta-Frajumar-768x768.jpg 768w\" sizes=\"(max-width: 1119px) 100vw, 1119px\" \/>\t\t<\/a>\n\n\t\t\t\t\t<div class=\"hover-img\">\n\t\t\t\t<a href=\"https:\/\/dev.beltafrajumar.com\/fr\/produit\/edge-banc\/\">\n\t\t\t\t\t<img decoding=\"async\" width=\"1200\" height=\"800\" src=\"https:\/\/dev.beltafrajumar.com\/wp-content\/uploads\/2024\/04\/EDGE-banco-5.jpg\" class=\"attachment-large size-large\" alt=\"Banc EDGE - Mobilier Belt\u00e1 Frajumar\" srcset=\"https:\/\/dev.beltafrajumar.com\/wp-content\/uploads\/2024\/04\/EDGE-banco-5.jpg 1200w, https:\/\/dev.beltafrajumar.com\/wp-content\/uploads\/2024\/04\/EDGE-banco-5-200x133.jpg 200w, https:\/\/dev.beltafrajumar.com\/wp-content\/uploads\/2024\/04\/EDGE-banco-5-700x467.jpg 700w, https:\/\/dev.beltafrajumar.com\/wp-content\/uploads\/2024\/04\/EDGE-banco-5-300x200.jpg 300w, https:\/\/dev.beltafrajumar.com\/wp-content\/uploads\/2024\/04\/EDGE-banco-5-768x512.jpg 768w\" sizes=\"(max-width: 1200px) 100vw, 1200px\" \/>\t\t\t\t<\/a>\n\t\t\t<\/div>\n\t\t\t\n\t\t<div class=\"wd-buttons wd-pos-r-t\">\n\t\t\t\t\t\t<div class=\"wd-wishlist-btn wd-action-btn wd-style-icon wd-wishlist-icon\">\n\t\t\t\t<a class=\"\" href=\"https:\/\/dev.beltafrajumar.com\/fr\/wishlist\/\" data-key=\"72aec3b37b\" data-product-id=\"2675\" rel=\"nofollow\" data-added-text=\"Browse Wishlist\">\n\t\t\t\t\t<span>Add to wishlist<\/span>\n\t\t\t\t<\/a>\n\t\t\t<\/div>\n\t\t\t\t<\/div>\n\t<\/div>\n\n\t<div class=\"product-element-bottom\">\n\n\t\t<div class=\"wd-product-header\">\n\t\t\t<h3 class=\"wd-entities-title\"><a href=\"https:\/\/dev.beltafrajumar.com\/fr\/produit\/edge-banc\/\">EDGE banc<\/a><\/h3>\n\t\t\t\t\t<\/div>\n\n\t\t\n\t\t\n\t\t\n\t\t<div class=\"wrap-price\">\n\t\t\t\n      \n\t\t\t\t\t<\/div>\n\n\t\t\n\t\t\n\t\t\n\t\t\n\t\t<div class=\"wd-product-footer\">\n\t\t\t<div class=\"wd-add-btn wd-add-btn-replace\">\n\t\t\t\t<a href=\"https:\/\/dev.beltafrajumar.com\/fr\/produit\/edge-banc\/\" data-quantity=\"1\" class=\"button product_type_simple add-to-cart-loop\" data-product_id=\"23631\" data-product_sku=\"975B12360\" aria-label=\"En savoir plus sur &ldquo;EDGE banc&rdquo;\" rel=\"nofollow\" data-success_message=\"\"><span>Lire la suite<\/span><\/a>\t\t\t<\/div>\n\t\t\t<div class=\"wd-action-buttons\">\n\t\t\t\t\t\t\t\t\t\t\t<\/div>\n\t\t<\/div>\n\t<\/div>\n<\/div>\n<\/div>\n\t\t\n\t\t\t\t<\/div>\n\t\n\t\t\n\t\t\n\t\t\t\t\t<\/div>\n\t\t\n\t\t\t\t\t\t<\/div>\n\t\t\t\t<\/div>\n\t\t\t\t\t<\/div>\n\t\t\t\t<\/div>\n\t\t\t\t<\/div>\n\t\t","protected":false},"excerpt":{"rendered":"<p>PRODUITS CON\u00c7US Add to wishlist EDGE bench Read more<\/p>\n","protected":false},"author":3,"featured_media":13609,"parent":25069,"menu_order":0,"comment_status":"closed","ping_status":"closed","template":"","meta":{"_acf_changed":false,"footnotes":""},"class_list":["post-25098","page","type-page","status-publish","has-post-thumbnail","hentry"],"acf":[],"yoast_head":"<!-- This site is optimized with the Yoast SEO Premium plugin v24.2 (Yoast SEO v25.3.1) - https:\/\/yoast.com\/wordpress\/plugins\/seo\/ -->\n<title>Concepteur Jacob Pringers | Belt\u00e1 Frajumar<\/title>\n<meta name=\"description\" content=\"D\u00e9couvrez le travail de Jacob Pringiers, cr\u00e9ateur de meubles uniques et avant-gardistes. D\u00e9couvrez les cr\u00e9ations d\u00e9velopp\u00e9es pour Belt\u00e1 Frajumar.\" \/>\n<meta name=\"robots\" content=\"noindex, follow, max-snippet:-1, max-image-preview:large, max-video-preview:-1\" \/>\n<meta property=\"og:locale\" content=\"fr_FR\" \/>\n<meta property=\"og:type\" content=\"article\" \/>\n<meta property=\"og:title\" content=\"Concepteur Jacob Pringers\" \/>\n<meta property=\"og:description\" content=\"D\u00e9couvrez le travail de Jacob Pringiers, cr\u00e9ateur de meubles uniques et avant-gardistes. D\u00e9couvrez les cr\u00e9ations d\u00e9velopp\u00e9es pour Belt\u00e1 Frajumar.\" \/>\n<meta property=\"og:url\" content=\"https:\/\/dev.beltafrajumar.com\/fr\/createurs\/concepteur-jacob-pringers\/\" \/>\n<meta property=\"og:site_name\" content=\"Belt\u00e1 Frajumar\" \/>\n<meta property=\"article:modified_time\" content=\"2025-01-30T14:09:43+00:00\" \/>\n<meta property=\"og:image\" content=\"https:\/\/dev.beltafrajumar.com\/wp-content\/uploads\/2024\/04\/Disenador_jacob-pringiers.jpg\" \/>\n\t<meta property=\"og:image:width\" content=\"500\" \/>\n\t<meta property=\"og:image:height\" content=\"500\" \/>\n\t<meta property=\"og:image:type\" content=\"image\/jpeg\" \/>\n<meta name=\"twitter:card\" content=\"summary_large_image\" \/>\n<meta name=\"twitter:label1\" content=\"Dur\u00e9e de lecture estim\u00e9e\" \/>\n\t<meta name=\"twitter:data1\" content=\"1 minute\" \/>\n<script type=\"application\/ld+json\" class=\"yoast-schema-graph\">{\"@context\":\"https:\/\/schema.org\",\"@graph\":[{\"@type\":\"WebPage\",\"@id\":\"https:\/\/dev.beltafrajumar.com\/fr\/createurs\/concepteur-jacob-pringers\/\",\"url\":\"https:\/\/dev.beltafrajumar.com\/fr\/createurs\/concepteur-jacob-pringers\/\",\"name\":\"Concepteur Jacob Pringers | Belt\u00e1 Frajumar\",\"isPartOf\":{\"@id\":\"https:\/\/dev.beltafrajumar.com\/fr\/#website\"},\"primaryImageOfPage\":{\"@id\":\"https:\/\/dev.beltafrajumar.com\/fr\/createurs\/concepteur-jacob-pringers\/#primaryimage\"},\"image\":{\"@id\":\"https:\/\/dev.beltafrajumar.com\/fr\/createurs\/concepteur-jacob-pringers\/#primaryimage\"},\"thumbnailUrl\":\"https:\/\/dev.beltafrajumar.com\/wp-content\/uploads\/2024\/04\/Disenador_jacob-pringiers.jpg\",\"datePublished\":\"2024-06-18T11:49:54+00:00\",\"dateModified\":\"2025-01-30T14:09:43+00:00\",\"description\":\"D\u00e9couvrez le travail de Jacob Pringiers, cr\u00e9ateur de meubles uniques et avant-gardistes. D\u00e9couvrez les cr\u00e9ations d\u00e9velopp\u00e9es pour Belt\u00e1 Frajumar.\",\"breadcrumb\":{\"@id\":\"https:\/\/dev.beltafrajumar.com\/fr\/createurs\/concepteur-jacob-pringers\/#breadcrumb\"},\"inLanguage\":\"fr-FR\",\"potentialAction\":[{\"@type\":\"ReadAction\",\"target\":[\"https:\/\/dev.beltafrajumar.com\/fr\/createurs\/concepteur-jacob-pringers\/\"]}]},{\"@type\":\"ImageObject\",\"inLanguage\":\"fr-FR\",\"@id\":\"https:\/\/dev.beltafrajumar.com\/fr\/createurs\/concepteur-jacob-pringers\/#primaryimage\",\"url\":\"https:\/\/dev.beltafrajumar.com\/wp-content\/uploads\/2024\/04\/Disenador_jacob-pringiers.jpg\",\"contentUrl\":\"https:\/\/dev.beltafrajumar.com\/wp-content\/uploads\/2024\/04\/Disenador_jacob-pringiers.jpg\",\"width\":500,\"height\":500,\"caption\":\"Disenador_jacob-pringiers\"},{\"@type\":\"BreadcrumbList\",\"@id\":\"https:\/\/dev.beltafrajumar.com\/fr\/createurs\/concepteur-jacob-pringers\/#breadcrumb\",\"itemListElement\":[{\"@type\":\"ListItem\",\"position\":1,\"name\":\"Portada\",\"item\":\"https:\/\/dev.beltafrajumar.com\/fr\/\"},{\"@type\":\"ListItem\",\"position\":2,\"name\":\"Concepteur\",\"item\":\"https:\/\/dev.beltafrajumar.com\/fr\/disenadores\/\"},{\"@type\":\"ListItem\",\"position\":3,\"name\":\"Concepteur Jacob Pringers\"}]},{\"@type\":\"WebSite\",\"@id\":\"https:\/\/dev.beltafrajumar.com\/fr\/#website\",\"url\":\"https:\/\/dev.beltafrajumar.com\/fr\/\",\"name\":\"Belt\u00e1 Frajumar\",\"description\":\"Calidad, Dise\u00f1o y Decoraci\u00f3n de Interiores en Mobiliario Hospitality y Living\",\"publisher\":{\"@id\":\"https:\/\/dev.beltafrajumar.com\/fr\/#organization\"},\"alternateName\":\"Fabricante de mobiliario Hospitality y Living\",\"potentialAction\":[{\"@type\":\"SearchAction\",\"target\":{\"@type\":\"EntryPoint\",\"urlTemplate\":\"https:\/\/dev.beltafrajumar.com\/fr\/?s={search_term_string}\"},\"query-input\":{\"@type\":\"PropertyValueSpecification\",\"valueRequired\":true,\"valueName\":\"search_term_string\"}}],\"inLanguage\":\"fr-FR\"},{\"@type\":\"Organization\",\"@id\":\"https:\/\/dev.beltafrajumar.com\/fr\/#organization\",\"name\":\"Belt\u00e1 Frajumar\",\"alternateName\":\"Fabricant de meubles exclusif Belt\u00e1 Frajumar\",\"url\":\"https:\/\/dev.beltafrajumar.com\/fr\/\",\"logo\":{\"@type\":\"ImageObject\",\"inLanguage\":\"fr-FR\",\"@id\":\"https:\/\/dev.beltafrajumar.com\/fr\/#\/schema\/logo\/image\/\",\"url\":\"https:\/\/dev.beltafrajumar.com\/wp-content\/uploads\/2024\/10\/Logotipo-Belta-Frajumar-patrocinador-de-InterCIDEC-1.jpg\",\"contentUrl\":\"https:\/\/dev.beltafrajumar.com\/wp-content\/uploads\/2024\/10\/Logotipo-Belta-Frajumar-patrocinador-de-InterCIDEC-1.jpg\",\"width\":1080,\"height\":1080,\"caption\":\"Belt\u00e1 Frajumar\"},\"image\":{\"@id\":\"https:\/\/dev.beltafrajumar.com\/fr\/#\/schema\/logo\/image\/\"}}]}<\/script>\n<!-- \/ Yoast SEO Premium plugin. -->","yoast_head_json":{"title":"Concepteur Jacob Pringers | Belt\u00e1 Frajumar","description":"D\u00e9couvrez le travail de Jacob Pringiers, cr\u00e9ateur de meubles uniques et avant-gardistes. D\u00e9couvrez les cr\u00e9ations d\u00e9velopp\u00e9es pour Belt\u00e1 Frajumar.","robots":{"index":"noindex","follow":"follow","max-snippet":"max-snippet:-1","max-image-preview":"max-image-preview:large","max-video-preview":"max-video-preview:-1"},"og_locale":"fr_FR","og_type":"article","og_title":"Concepteur Jacob Pringers","og_description":"D\u00e9couvrez le travail de Jacob Pringiers, cr\u00e9ateur de meubles uniques et avant-gardistes. D\u00e9couvrez les cr\u00e9ations d\u00e9velopp\u00e9es pour Belt\u00e1 Frajumar.","og_url":"https:\/\/dev.beltafrajumar.com\/fr\/createurs\/concepteur-jacob-pringers\/","og_site_name":"Belt\u00e1 Frajumar","article_modified_time":"2025-01-30T14:09:43+00:00","og_image":[{"width":500,"height":500,"url":"https:\/\/dev.beltafrajumar.com\/wp-content\/uploads\/2024\/04\/Disenador_jacob-pringiers.jpg","type":"image\/jpeg"}],"twitter_card":"summary_large_image","twitter_misc":{"Dur\u00e9e de lecture estim\u00e9e":"1 minute"},"schema":{"@context":"https:\/\/schema.org","@graph":[{"@type":"WebPage","@id":"https:\/\/dev.beltafrajumar.com\/fr\/createurs\/concepteur-jacob-pringers\/","url":"https:\/\/dev.beltafrajumar.com\/fr\/createurs\/concepteur-jacob-pringers\/","name":"Concepteur Jacob Pringers | Belt\u00e1 Frajumar","isPartOf":{"@id":"https:\/\/dev.beltafrajumar.com\/fr\/#website"},"primaryImageOfPage":{"@id":"https:\/\/dev.beltafrajumar.com\/fr\/createurs\/concepteur-jacob-pringers\/#primaryimage"},"image":{"@id":"https:\/\/dev.beltafrajumar.com\/fr\/createurs\/concepteur-jacob-pringers\/#primaryimage"},"thumbnailUrl":"https:\/\/dev.beltafrajumar.com\/wp-content\/uploads\/2024\/04\/Disenador_jacob-pringiers.jpg","datePublished":"2024-06-18T11:49:54+00:00","dateModified":"2025-01-30T14:09:43+00:00","description":"D\u00e9couvrez le travail de Jacob Pringiers, cr\u00e9ateur de meubles uniques et avant-gardistes. D\u00e9couvrez les cr\u00e9ations d\u00e9velopp\u00e9es pour Belt\u00e1 Frajumar.","breadcrumb":{"@id":"https:\/\/dev.beltafrajumar.com\/fr\/createurs\/concepteur-jacob-pringers\/#breadcrumb"},"inLanguage":"fr-FR","potentialAction":[{"@type":"ReadAction","target":["https:\/\/dev.beltafrajumar.com\/fr\/createurs\/concepteur-jacob-pringers\/"]}]},{"@type":"ImageObject","inLanguage":"fr-FR","@id":"https:\/\/dev.beltafrajumar.com\/fr\/createurs\/concepteur-jacob-pringers\/#primaryimage","url":"https:\/\/dev.beltafrajumar.com\/wp-content\/uploads\/2024\/04\/Disenador_jacob-pringiers.jpg","contentUrl":"https:\/\/dev.beltafrajumar.com\/wp-content\/uploads\/2024\/04\/Disenador_jacob-pringiers.jpg","width":500,"height":500,"caption":"Disenador_jacob-pringiers"},{"@type":"BreadcrumbList","@id":"https:\/\/dev.beltafrajumar.com\/fr\/createurs\/concepteur-jacob-pringers\/#breadcrumb","itemListElement":[{"@type":"ListItem","position":1,"name":"Portada","item":"https:\/\/dev.beltafrajumar.com\/fr\/"},{"@type":"ListItem","position":2,"name":"Concepteur","item":"https:\/\/dev.beltafrajumar.com\/fr\/disenadores\/"},{"@type":"ListItem","position":3,"name":"Concepteur Jacob Pringers"}]},{"@type":"WebSite","@id":"https:\/\/dev.beltafrajumar.com\/fr\/#website","url":"https:\/\/dev.beltafrajumar.com\/fr\/","name":"Belt\u00e1 Frajumar","description":"Calidad, Dise\u00f1o y Decoraci\u00f3n de Interiores en Mobiliario Hospitality y Living","publisher":{"@id":"https:\/\/dev.beltafrajumar.com\/fr\/#organization"},"alternateName":"Fabricante de mobiliario Hospitality y Living","potentialAction":[{"@type":"SearchAction","target":{"@type":"EntryPoint","urlTemplate":"https:\/\/dev.beltafrajumar.com\/fr\/?s={search_term_string}"},"query-input":{"@type":"PropertyValueSpecification","valueRequired":true,"valueName":"search_term_string"}}],"inLanguage":"fr-FR"},{"@type":"Organization","@id":"https:\/\/dev.beltafrajumar.com\/fr\/#organization","name":"Belt\u00e1 Frajumar","alternateName":"Fabricant de meubles exclusif Belt\u00e1 Frajumar","url":"https:\/\/dev.beltafrajumar.com\/fr\/","logo":{"@type":"ImageObject","inLanguage":"fr-FR","@id":"https:\/\/dev.beltafrajumar.com\/fr\/#\/schema\/logo\/image\/","url":"https:\/\/dev.beltafrajumar.com\/wp-content\/uploads\/2024\/10\/Logotipo-Belta-Frajumar-patrocinador-de-InterCIDEC-1.jpg","contentUrl":"https:\/\/dev.beltafrajumar.com\/wp-content\/uploads\/2024\/10\/Logotipo-Belta-Frajumar-patrocinador-de-InterCIDEC-1.jpg","width":1080,"height":1080,"caption":"Belt\u00e1 Frajumar"},"image":{"@id":"https:\/\/dev.beltafrajumar.com\/fr\/#\/schema\/logo\/image\/"}}]}},"_links":{"self":[{"href":"https:\/\/dev.beltafrajumar.com\/fr\/wp-json\/wp\/v2\/pages\/25098","targetHints":{"allow":["GET"]}}],"collection":[{"href":"https:\/\/dev.beltafrajumar.com\/fr\/wp-json\/wp\/v2\/pages"}],"about":[{"href":"https:\/\/dev.beltafrajumar.com\/fr\/wp-json\/wp\/v2\/types\/page"}],"author":[{"embeddable":true,"href":"https:\/\/dev.beltafrajumar.com\/fr\/wp-json\/wp\/v2\/users\/3"}],"replies":[{"embeddable":true,"href":"https:\/\/dev.beltafrajumar.com\/fr\/wp-json\/wp\/v2\/comments?post=25098"}],"version-history":[{"count":0,"href":"https:\/\/dev.beltafrajumar.com\/fr\/wp-json\/wp\/v2\/pages\/25098\/revisions"}],"up":[{"embeddable":true,"href":"https:\/\/dev.beltafrajumar.com\/fr\/wp-json\/wp\/v2\/pages\/25069"}],"wp:featuredmedia":[{"embeddable":true,"href":"https:\/\/dev.beltafrajumar.com\/fr\/wp-json\/wp\/v2\/media\/13609"}],"wp:attachment":[{"href":"https:\/\/dev.beltafrajumar.com\/fr\/wp-json\/wp\/v2\/media?parent=25098"}],"curies":[{"name":"wp","href":"https:\/\/api.w.org\/{rel}","templated":true}]}}