{"id":24987,"date":"2024-06-25T13:21:08","date_gmt":"2024-06-25T11:21:08","guid":{"rendered":"https:\/\/dev.beltafrajumar.com\/certifications\/"},"modified":"2024-07-19T08:42:37","modified_gmt":"2024-07-19T06:42:37","slug":"certifications","status":"publish","type":"page","link":"https:\/\/dev.beltafrajumar.com\/fr\/certifications\/","title":{"rendered":"Certifications"},"content":{"rendered":"\t\t<div data-elementor-type=\"wp-page\" data-elementor-id=\"24987\" class=\"elementor elementor-24987 elementor-21283\" data-elementor-post-type=\"page\">\n\t\t\t\t<div data-particle_enable=\"false\" data-particle-mobile-disabled=\"false\" class=\"elementor-element elementor-element-0ae3d3d e-flex e-con-boxed wd-section-disabled e-con e-parent\" data-id=\"0ae3d3d\" data-element_type=\"container\">\n\t\t\t\t\t<div class=\"e-con-inner\">\n\t\t\t\t<div class=\"elementor-element elementor-element-5d4c58a elementor-widget elementor-widget-image-carousel\" data-id=\"5d4c58a\" data-element_type=\"widget\" data-settings=\"{&quot;slides_to_show&quot;:&quot;1&quot;,&quot;navigation&quot;:&quot;none&quot;,&quot;autoplay&quot;:&quot;yes&quot;,&quot;pause_on_hover&quot;:&quot;yes&quot;,&quot;pause_on_interaction&quot;:&quot;yes&quot;,&quot;autoplay_speed&quot;:5000,&quot;infinite&quot;:&quot;yes&quot;,&quot;effect&quot;:&quot;slide&quot;,&quot;speed&quot;:500}\" data-widget_type=\"image-carousel.default\">\n\t\t\t\t<div class=\"elementor-widget-container\">\n\t\t\t\t\t\t\t<div class=\"elementor-image-carousel-wrapper swiper\" role=\"region\" aria-roledescription=\"carousel\" aria-label=\"Carrousel d\u2019images\" dir=\"ltr\">\n\t\t\t<div class=\"elementor-image-carousel swiper-wrapper\" aria-live=\"off\">\n\t\t\t\t\t\t\t\t<div class=\"swiper-slide\" role=\"group\" aria-roledescription=\"slide\" aria-label=\"1 sur 7\"><figure class=\"swiper-slide-inner\"><img decoding=\"async\" class=\"swiper-slide-image\" src=\"https:\/\/dev.beltafrajumar.com\/wp-content\/uploads\/2024\/06\/inicio-header-12r.jpg\" alt=\"inicio-header-12r\" \/><\/figure><\/div><div class=\"swiper-slide\" role=\"group\" aria-roledescription=\"slide\" aria-label=\"2 sur 7\"><figure class=\"swiper-slide-inner\"><img decoding=\"async\" class=\"swiper-slide-image\" src=\"https:\/\/dev.beltafrajumar.com\/wp-content\/uploads\/2024\/06\/inicio-header-11r.jpg\" alt=\"inicio-header-11r\" \/><\/figure><\/div><div class=\"swiper-slide\" role=\"group\" aria-roledescription=\"slide\" aria-label=\"3 sur 7\"><figure class=\"swiper-slide-inner\"><img decoding=\"async\" class=\"swiper-slide-image\" src=\"https:\/\/dev.beltafrajumar.com\/wp-content\/uploads\/2024\/06\/inicio-header-17r.jpg\" alt=\"inicio-header-17r\" \/><\/figure><\/div><div class=\"swiper-slide\" role=\"group\" aria-roledescription=\"slide\" aria-label=\"4 sur 7\"><figure class=\"swiper-slide-inner\"><img decoding=\"async\" class=\"swiper-slide-image\" src=\"https:\/\/dev.beltafrajumar.com\/wp-content\/uploads\/2024\/06\/inicio-header-20r.jpg\" alt=\"inicio-header-20r\" \/><\/figure><\/div><div class=\"swiper-slide\" role=\"group\" aria-roledescription=\"slide\" aria-label=\"5 sur 7\"><figure class=\"swiper-slide-inner\"><img decoding=\"async\" class=\"swiper-slide-image\" src=\"https:\/\/dev.beltafrajumar.com\/wp-content\/uploads\/2024\/06\/inicio-header-14r-1024x266-1.jpg\" alt=\"inicio-header-14r-1024x266\" \/><\/figure><\/div><div class=\"swiper-slide\" role=\"group\" aria-roledescription=\"slide\" aria-label=\"6 sur 7\"><figure class=\"swiper-slide-inner\"><img decoding=\"async\" class=\"swiper-slide-image\" src=\"https:\/\/dev.beltafrajumar.com\/wp-content\/uploads\/2024\/06\/inicio-header-10r.jpg\" alt=\"inicio-header-10r\" \/><\/figure><\/div><div class=\"swiper-slide\" role=\"group\" aria-roledescription=\"slide\" aria-label=\"7 sur 7\"><figure class=\"swiper-slide-inner\"><img decoding=\"async\" class=\"swiper-slide-image\" src=\"https:\/\/dev.beltafrajumar.com\/wp-content\/uploads\/2024\/06\/inicio-header-15r.jpg\" alt=\"inicio-header-15r\" \/><\/figure><\/div>\t\t\t<\/div>\n\t\t\t\t\t\t\t\n\t\t\t\t\t\t\t\t\t<\/div>\n\t\t\t\t\t\t<\/div>\n\t\t\t\t<\/div>\n\t\t\t\t\t<\/div>\n\t\t\t\t<\/div>\n\t\t<div data-particle_enable=\"false\" data-particle-mobile-disabled=\"false\" class=\"elementor-element elementor-element-35e5c6b e-flex e-con-boxed wd-section-disabled e-con e-parent\" data-id=\"35e5c6b\" data-element_type=\"container\">\n\t\t\t\t\t<div class=\"e-con-inner\">\n\t\t\t\t<div class=\"elementor-element elementor-element-056cd33 elementor-widget elementor-widget-heading\" data-id=\"056cd33\" data-element_type=\"widget\" data-widget_type=\"heading.default\">\n\t\t\t\t<div class=\"elementor-widget-container\">\n\t\t\t\t\t<h1 class=\"elementor-heading-title elementor-size-default\">Certificats<\/h1>\t\t\t\t<\/div>\n\t\t\t\t<\/div>\n\t\t\t\t\t<\/div>\n\t\t\t\t<\/div>\n\t\t<div data-particle_enable=\"false\" data-particle-mobile-disabled=\"false\" class=\"elementor-element elementor-element-9155183 e-flex e-con-boxed wd-section-disabled e-con e-parent\" data-id=\"9155183\" data-element_type=\"container\">\n\t\t\t\t\t<div class=\"e-con-inner\">\n\t\t<div data-particle_enable=\"false\" data-particle-mobile-disabled=\"false\" class=\"elementor-element elementor-element-5477269 e-con-full e-flex wd-section-disabled e-con e-child\" data-id=\"5477269\" data-element_type=\"container\">\n\t\t\t\t<div class=\"elementor-element elementor-element-4d617f1 elementor-widget elementor-widget-wd_text_block\" data-id=\"4d617f1\" data-element_type=\"widget\" data-widget_type=\"wd_text_block.default\">\n\t\t\t\t<div class=\"elementor-widget-container\">\n\t\t\t\t\t\t\t<div class=\"wd-text-block reset-last-child text-left\">\n\t\t\t\n\t\t\t<div class=\"wpb_column vc_column_container vc_col-sm-4\"><div class=\"vc_column-inner\"><div class=\"wpb_wrapper\"><div class=\"wpb_text_column wpb_content_element \"><div class=\"wpb_wrapper\"><p>Depuis sa cr\u00e9ation, <strong>BELT\u00c1 &amp; FRAJUMAR<\/strong>, d\u00e9di\u00e9e \u00e0 la conception, \u00e0 la fabrication et \u00e0 la commercialisation de meubles rembourr\u00e9s, d'accessoires et d'environnements d\u00e9coratifs pour la maison et le contract, a cherch\u00e9 \u00e0 obtenir les plus hauts niveaux de qualit\u00e9 et de service, au meilleur prix, dans ses produits et services pour atteindre la satisfaction de nos clients et le respect maximum de l'environnement.<\/p><p>\u00c0 cette fin, nous avons \u00e9tabli un <strong>SYST\u00c8ME DE GESTION DE LA QUALIT\u00c9<\/strong> <strong>ET DE L'ENVIRONNEMENT<\/strong> dans lequel nous nous engageons \u00e0 respecter et \u00e0 faire respecter les principes suivants.<\/p><ul><li><strong>G\u00e9rer tous les processus n\u00e9cessaires pour identifier les besoins et les attentes de nos clients<\/strong>, notamment (magasins, architectes, d\u00e9corateurs, agents, etc.) et \u00eatre en mesure de comprendre \u00e0 quelles exigences notre entreprise doit r\u00e9pondre, pour fournir un produit et un service qui les satisfait et couvre leurs attentes.<\/li><\/ul><\/div><\/div><\/div><\/div><\/div><div class=\"wpb_column vc_column_container vc_col-sm-4\"><div class=\"vc_column-inner\"><div class=\"wpb_wrapper\"><div class=\"wpb_text_column wpb_content_element \"><div class=\"wpb_wrapper\"><ul><li><strong>Fid\u00e9lisez vos clients<\/strong> et offrez un bon service apr\u00e8s-vente.<\/li><li><strong>Promouvoir la compr\u00e9hension et la diffusion de notre politique qualit\u00e9 et environnementale<\/strong> au sein de notre organisation, par la formation et la communication continue avec nos travailleurs et collaborateurs.<\/li><li><strong>Promouvoir la communication<\/strong> entre nos travailleurs comme instrument et exutoire de tout le potentiel cr\u00e9atif humain.<\/li><li><strong>Respecter la l\u00e9gislation environnementale<\/strong> applicable \u00e0 nos activit\u00e9s, ainsi que les autres engagements qui peuvent \u00eatre \u00e9tablis, en nous effor\u00e7ant de pr\u00e9venir la pollution et de minimiser, dans la mesure du possible, l'impact environnemental potentiel que nous g\u00e9n\u00e9rons.<\/li><\/ul><\/div><\/div><\/div><\/div><\/div>\n\t\t\t\t\t<\/div>\n\t\t\t\t\t\t<\/div>\n\t\t\t\t<\/div>\n\t\t\t\t<\/div>\n\t\t<div data-particle_enable=\"false\" data-particle-mobile-disabled=\"false\" class=\"elementor-element elementor-element-9771379 e-con-full e-flex wd-section-disabled e-con e-child\" data-id=\"9771379\" data-element_type=\"container\">\n\t\t\t\t<div class=\"elementor-element elementor-element-68491d1 elementor-widget elementor-widget-wd_text_block\" data-id=\"68491d1\" data-element_type=\"widget\" data-widget_type=\"wd_text_block.default\">\n\t\t\t\t<div class=\"elementor-widget-container\">\n\t\t\t\t\t\t\t<div class=\"wd-text-block reset-last-child text-left\">\n\t\t\t\n\t\t\t<ul><li>Fournir un cadre pour \u00e9tablir et r\u00e9viser les objectifs de qualit\u00e9 et les objectifs et buts environnementaux.<\/li><li>Maintenir notre engagement tant en termes de sant\u00e9 et s\u00e9curit\u00e9 au travail qu'en mati\u00e8re de gestion \u00e9thique et de responsabilit\u00e9 sociale dans l'exercice de nos activit\u00e9s.<\/li><li>La Direction s'engage \u00e0 diffuser et \u00e0 faire comprendre \u00e0 tout le personnel de BELT\u00c1 &amp; FRAJUMAR, \u00ab interne et externe \u00bb, cette politique, qui est de nature publique.<\/li><\/ul><p><strong>Frajumar, S.L. a r\u00e9alis\u00e9 un audit \u00e9nerg\u00e9tique de ses installations, dans le but d'identifier des am\u00e9liorations possibles pour r\u00e9duire la consommation d'\u00e9nergie, et dans lequel une \u00e9conomie potentielle de 19% de la consommation d'\u00e9nergie du centre a \u00e9t\u00e9 d\u00e9termin\u00e9e. Le projet a \u00e9t\u00e9 inclus dans le programme de subventions visant \u00e0 PROMOUVOIR L'EFFICACIT\u00c9 \u00c9NERG\u00c9TIQUE ET L'UTILISATION DES \u00c9NERGIES RENOUVELABLES par les entreprises, dans le cadre du PROGRAMME OP\u00c9RATIONNEL FEDER (Fonds Europ\u00e9en de D\u00e9veloppement R\u00e9gional) Murcie 2014\/2020, avec un investissement total de 5 400 \u20ac + TVA (1 134,00 \u20ac), dont 3 780,00 \u20ac ont \u00e9t\u00e9 financ\u00e9s par le programme op\u00e9rationnel FEDER et par le minist\u00e8re du D\u00e9veloppement \u00e9conomique, du Tourisme et de l'Emploi (plus d'informations sur <a href=\"http:\/\/www.carmeuropa.es\/\">www.carmeuropa.es<\/a> et <a href=\"http:\/\/www.dgfc.sgpg.meh.es\/\">www.dgfc.sgpg.meh.es<\/a>).<\/strong><\/p>\n\t\t\t\t\t<\/div>\n\t\t\t\t\t\t<\/div>\n\t\t\t\t<\/div>\n\t\t\t\t<\/div>\n\t\t\t\t\t<\/div>\n\t\t\t\t<\/div>\n\t\t<div data-particle_enable=\"false\" data-particle-mobile-disabled=\"false\" class=\"elementor-element elementor-element-51c4fc5 e-flex e-con-boxed wd-section-disabled e-con e-parent\" data-id=\"51c4fc5\" data-element_type=\"container\">\n\t\t\t\t\t<div class=\"e-con-inner\">\n\t\t\t\t<div class=\"elementor-element elementor-element-59c3372 elementor-widget elementor-widget-image\" data-id=\"59c3372\" data-element_type=\"widget\" data-widget_type=\"image.default\">\n\t\t\t\t<div class=\"elementor-widget-container\">\n\t\t\t\t\t\t\t\t\t\t\t\t\t\t\t<img fetchpriority=\"high\" decoding=\"async\" width=\"1100\" height=\"286\" src=\"https:\/\/dev.beltafrajumar.com\/wp-content\/uploads\/2024\/06\/inicio-header-13r.jpg\" class=\"attachment-full size-full wp-image-21307\" alt=\"\" srcset=\"https:\/\/dev.beltafrajumar.com\/wp-content\/uploads\/2024\/06\/inicio-header-13r.jpg 1100w, https:\/\/dev.beltafrajumar.com\/wp-content\/uploads\/2024\/06\/inicio-header-13r-200x52.jpg 200w, https:\/\/dev.beltafrajumar.com\/wp-content\/uploads\/2024\/06\/inicio-header-13r-700x182.jpg 700w, https:\/\/dev.beltafrajumar.com\/wp-content\/uploads\/2024\/06\/inicio-header-13r-300x78.jpg 300w, https:\/\/dev.beltafrajumar.com\/wp-content\/uploads\/2024\/06\/inicio-header-13r-768x200.jpg 768w\" sizes=\"(max-width: 1100px) 100vw, 1100px\" \/>\t\t\t\t\t\t\t\t\t\t\t\t\t\t\t<\/div>\n\t\t\t\t<\/div>\n\t\t\t\t\t<\/div>\n\t\t\t\t<\/div>\n\t\t\t\t<\/div>\n\t\t","protected":false},"excerpt":{"rendered":"<p>Certificats Depuis sa cr\u00e9ation, BELT\u00c1 &amp; FRAJUMAR, d\u00e9di\u00e9e \u00e0 la conception, \u00e0 la fabrication et \u00e0 la commercialisation de meubles<\/p>\n","protected":false},"author":3,"featured_media":0,"parent":0,"menu_order":0,"comment_status":"closed","ping_status":"closed","template":"","meta":{"_acf_changed":false,"footnotes":""},"class_list":["post-24987","page","type-page","status-publish","hentry"],"acf":[],"yoast_head":"<!-- This site is optimized with the Yoast SEO Premium plugin v24.2 (Yoast SEO v25.3.1) - https:\/\/yoast.com\/wordpress\/plugins\/seo\/ -->\n<title>Certifications | Belt\u00e1 Frajumar<\/title>\n<meta name=\"robots\" content=\"noindex, follow, max-snippet:-1, max-image-preview:large, max-video-preview:-1\" \/>\n<meta property=\"og:locale\" content=\"fr_FR\" \/>\n<meta property=\"og:type\" content=\"article\" \/>\n<meta property=\"og:title\" content=\"Certifications\" \/>\n<meta property=\"og:description\" content=\"Certificats Depuis sa cr\u00e9ation, BELT\u00c1 &amp; FRAJUMAR, d\u00e9di\u00e9e \u00e0 la conception, \u00e0 la fabrication et \u00e0 la commercialisation de meubles\" \/>\n<meta property=\"og:url\" content=\"https:\/\/dev.beltafrajumar.com\/fr\/certifications\/\" \/>\n<meta property=\"og:site_name\" content=\"Belt\u00e1 Frajumar\" \/>\n<meta property=\"article:modified_time\" content=\"2024-07-19T06:42:37+00:00\" \/>\n<meta property=\"og:image\" content=\"https:\/\/dev.beltafrajumar.com\/wp-content\/uploads\/2024\/06\/inicio-header-12r.jpg\" \/>\n<meta name=\"twitter:card\" content=\"summary_large_image\" \/>\n<meta name=\"twitter:label1\" content=\"Dur\u00e9e de lecture estim\u00e9e\" \/>\n\t<meta name=\"twitter:data1\" content=\"3 minutes\" \/>\n<script type=\"application\/ld+json\" class=\"yoast-schema-graph\">{\"@context\":\"https:\/\/schema.org\",\"@graph\":[{\"@type\":\"WebPage\",\"@id\":\"https:\/\/dev.beltafrajumar.com\/fr\/certifications\/\",\"url\":\"https:\/\/dev.beltafrajumar.com\/fr\/certifications\/\",\"name\":\"Certifications | Belt\u00e1 Frajumar\",\"isPartOf\":{\"@id\":\"https:\/\/dev.beltafrajumar.com\/fr\/#website\"},\"primaryImageOfPage\":{\"@id\":\"https:\/\/dev.beltafrajumar.com\/fr\/certifications\/#primaryimage\"},\"image\":{\"@id\":\"https:\/\/dev.beltafrajumar.com\/fr\/certifications\/#primaryimage\"},\"thumbnailUrl\":\"https:\/\/dev.beltafrajumar.com\/wp-content\/uploads\/2024\/06\/inicio-header-12r.jpg\",\"datePublished\":\"2024-06-25T11:21:08+00:00\",\"dateModified\":\"2024-07-19T06:42:37+00:00\",\"breadcrumb\":{\"@id\":\"https:\/\/dev.beltafrajumar.com\/fr\/certifications\/#breadcrumb\"},\"inLanguage\":\"fr-FR\",\"potentialAction\":[{\"@type\":\"ReadAction\",\"target\":[\"https:\/\/dev.beltafrajumar.com\/fr\/certifications\/\"]}]},{\"@type\":\"ImageObject\",\"inLanguage\":\"fr-FR\",\"@id\":\"https:\/\/dev.beltafrajumar.com\/fr\/certifications\/#primaryimage\",\"url\":\"https:\/\/dev.beltafrajumar.com\/wp-content\/uploads\/2024\/06\/inicio-header-12r.jpg\",\"contentUrl\":\"https:\/\/dev.beltafrajumar.com\/wp-content\/uploads\/2024\/06\/inicio-header-12r.jpg\"},{\"@type\":\"BreadcrumbList\",\"@id\":\"https:\/\/dev.beltafrajumar.com\/fr\/certifications\/#breadcrumb\",\"itemListElement\":[{\"@type\":\"ListItem\",\"position\":1,\"name\":\"Portada\",\"item\":\"https:\/\/dev.beltafrajumar.com\/fr\/\"},{\"@type\":\"ListItem\",\"position\":2,\"name\":\"Certifications\"}]},{\"@type\":\"WebSite\",\"@id\":\"https:\/\/dev.beltafrajumar.com\/fr\/#website\",\"url\":\"https:\/\/dev.beltafrajumar.com\/fr\/\",\"name\":\"Belt\u00e1 Frajumar\",\"description\":\"Calidad, Dise\u00f1o y Decoraci\u00f3n de Interiores en Mobiliario Hospitality y Living\",\"publisher\":{\"@id\":\"https:\/\/dev.beltafrajumar.com\/fr\/#organization\"},\"alternateName\":\"Fabricante de mobiliario Hospitality y Living\",\"potentialAction\":[{\"@type\":\"SearchAction\",\"target\":{\"@type\":\"EntryPoint\",\"urlTemplate\":\"https:\/\/dev.beltafrajumar.com\/fr\/?s={search_term_string}\"},\"query-input\":{\"@type\":\"PropertyValueSpecification\",\"valueRequired\":true,\"valueName\":\"search_term_string\"}}],\"inLanguage\":\"fr-FR\"},{\"@type\":\"Organization\",\"@id\":\"https:\/\/dev.beltafrajumar.com\/fr\/#organization\",\"name\":\"Belt\u00e1 Frajumar\",\"alternateName\":\"Fabricant de meubles exclusif Belt\u00e1 Frajumar\",\"url\":\"https:\/\/dev.beltafrajumar.com\/fr\/\",\"logo\":{\"@type\":\"ImageObject\",\"inLanguage\":\"fr-FR\",\"@id\":\"https:\/\/dev.beltafrajumar.com\/fr\/#\/schema\/logo\/image\/\",\"url\":\"https:\/\/dev.beltafrajumar.com\/wp-content\/uploads\/2024\/10\/Logotipo-Belta-Frajumar-patrocinador-de-InterCIDEC-1.jpg\",\"contentUrl\":\"https:\/\/dev.beltafrajumar.com\/wp-content\/uploads\/2024\/10\/Logotipo-Belta-Frajumar-patrocinador-de-InterCIDEC-1.jpg\",\"width\":1080,\"height\":1080,\"caption\":\"Belt\u00e1 Frajumar\"},\"image\":{\"@id\":\"https:\/\/dev.beltafrajumar.com\/fr\/#\/schema\/logo\/image\/\"}}]}<\/script>\n<!-- \/ Yoast SEO Premium plugin. -->","yoast_head_json":{"title":"Certifications | Belt\u00e1 Frajumar","robots":{"index":"noindex","follow":"follow","max-snippet":"max-snippet:-1","max-image-preview":"max-image-preview:large","max-video-preview":"max-video-preview:-1"},"og_locale":"fr_FR","og_type":"article","og_title":"Certifications","og_description":"Certificats Depuis sa cr\u00e9ation, BELT\u00c1 &amp; FRAJUMAR, d\u00e9di\u00e9e \u00e0 la conception, \u00e0 la fabrication et \u00e0 la commercialisation de meubles","og_url":"https:\/\/dev.beltafrajumar.com\/fr\/certifications\/","og_site_name":"Belt\u00e1 Frajumar","article_modified_time":"2024-07-19T06:42:37+00:00","og_image":[{"url":"https:\/\/dev.beltafrajumar.com\/wp-content\/uploads\/2024\/06\/inicio-header-12r.jpg","type":"","width":"","height":""}],"twitter_card":"summary_large_image","twitter_misc":{"Dur\u00e9e de lecture estim\u00e9e":"3 minutes"},"schema":{"@context":"https:\/\/schema.org","@graph":[{"@type":"WebPage","@id":"https:\/\/dev.beltafrajumar.com\/fr\/certifications\/","url":"https:\/\/dev.beltafrajumar.com\/fr\/certifications\/","name":"Certifications | Belt\u00e1 Frajumar","isPartOf":{"@id":"https:\/\/dev.beltafrajumar.com\/fr\/#website"},"primaryImageOfPage":{"@id":"https:\/\/dev.beltafrajumar.com\/fr\/certifications\/#primaryimage"},"image":{"@id":"https:\/\/dev.beltafrajumar.com\/fr\/certifications\/#primaryimage"},"thumbnailUrl":"https:\/\/dev.beltafrajumar.com\/wp-content\/uploads\/2024\/06\/inicio-header-12r.jpg","datePublished":"2024-06-25T11:21:08+00:00","dateModified":"2024-07-19T06:42:37+00:00","breadcrumb":{"@id":"https:\/\/dev.beltafrajumar.com\/fr\/certifications\/#breadcrumb"},"inLanguage":"fr-FR","potentialAction":[{"@type":"ReadAction","target":["https:\/\/dev.beltafrajumar.com\/fr\/certifications\/"]}]},{"@type":"ImageObject","inLanguage":"fr-FR","@id":"https:\/\/dev.beltafrajumar.com\/fr\/certifications\/#primaryimage","url":"https:\/\/dev.beltafrajumar.com\/wp-content\/uploads\/2024\/06\/inicio-header-12r.jpg","contentUrl":"https:\/\/dev.beltafrajumar.com\/wp-content\/uploads\/2024\/06\/inicio-header-12r.jpg"},{"@type":"BreadcrumbList","@id":"https:\/\/dev.beltafrajumar.com\/fr\/certifications\/#breadcrumb","itemListElement":[{"@type":"ListItem","position":1,"name":"Portada","item":"https:\/\/dev.beltafrajumar.com\/fr\/"},{"@type":"ListItem","position":2,"name":"Certifications"}]},{"@type":"WebSite","@id":"https:\/\/dev.beltafrajumar.com\/fr\/#website","url":"https:\/\/dev.beltafrajumar.com\/fr\/","name":"Belt\u00e1 Frajumar","description":"Calidad, Dise\u00f1o y Decoraci\u00f3n de Interiores en Mobiliario Hospitality y Living","publisher":{"@id":"https:\/\/dev.beltafrajumar.com\/fr\/#organization"},"alternateName":"Fabricante de mobiliario Hospitality y Living","potentialAction":[{"@type":"SearchAction","target":{"@type":"EntryPoint","urlTemplate":"https:\/\/dev.beltafrajumar.com\/fr\/?s={search_term_string}"},"query-input":{"@type":"PropertyValueSpecification","valueRequired":true,"valueName":"search_term_string"}}],"inLanguage":"fr-FR"},{"@type":"Organization","@id":"https:\/\/dev.beltafrajumar.com\/fr\/#organization","name":"Belt\u00e1 Frajumar","alternateName":"Fabricant de meubles exclusif Belt\u00e1 Frajumar","url":"https:\/\/dev.beltafrajumar.com\/fr\/","logo":{"@type":"ImageObject","inLanguage":"fr-FR","@id":"https:\/\/dev.beltafrajumar.com\/fr\/#\/schema\/logo\/image\/","url":"https:\/\/dev.beltafrajumar.com\/wp-content\/uploads\/2024\/10\/Logotipo-Belta-Frajumar-patrocinador-de-InterCIDEC-1.jpg","contentUrl":"https:\/\/dev.beltafrajumar.com\/wp-content\/uploads\/2024\/10\/Logotipo-Belta-Frajumar-patrocinador-de-InterCIDEC-1.jpg","width":1080,"height":1080,"caption":"Belt\u00e1 Frajumar"},"image":{"@id":"https:\/\/dev.beltafrajumar.com\/fr\/#\/schema\/logo\/image\/"}}]}},"_links":{"self":[{"href":"https:\/\/dev.beltafrajumar.com\/fr\/wp-json\/wp\/v2\/pages\/24987","targetHints":{"allow":["GET"]}}],"collection":[{"href":"https:\/\/dev.beltafrajumar.com\/fr\/wp-json\/wp\/v2\/pages"}],"about":[{"href":"https:\/\/dev.beltafrajumar.com\/fr\/wp-json\/wp\/v2\/types\/page"}],"author":[{"embeddable":true,"href":"https:\/\/dev.beltafrajumar.com\/fr\/wp-json\/wp\/v2\/users\/3"}],"replies":[{"embeddable":true,"href":"https:\/\/dev.beltafrajumar.com\/fr\/wp-json\/wp\/v2\/comments?post=24987"}],"version-history":[{"count":0,"href":"https:\/\/dev.beltafrajumar.com\/fr\/wp-json\/wp\/v2\/pages\/24987\/revisions"}],"wp:attachment":[{"href":"https:\/\/dev.beltafrajumar.com\/fr\/wp-json\/wp\/v2\/media?parent=24987"}],"curies":[{"name":"wp","href":"https:\/\/api.w.org\/{rel}","templated":true}]}}