{"id":24948,"date":"2024-07-17T10:30:48","date_gmt":"2024-07-17T08:30:48","guid":{"rendered":"https:\/\/dev.beltafrajumar.com\/avis-juridique\/"},"modified":"2024-07-22T09:19:13","modified_gmt":"2024-07-22T07:19:13","slug":"avis-juridique","status":"publish","type":"page","link":"https:\/\/dev.beltafrajumar.com\/fr\/avis-juridique\/","title":{"rendered":"Avis juridique"},"content":{"rendered":"<p>Afin de respecter l&rsquo;article 10 de la loi 34\/2002 sur les services de la soci\u00e9t\u00e9 de l&rsquo;information et le commerce \u00e9lectronique, nous informons l&rsquo;utilisateur de nos donn\u00e9es : Raison sociale : Frajumar, S.L. Nom commercial : Belt\u00e1 Frajumar Si\u00e8ge social : C\/. Po\u00e8te Francisco Antonio Jimenez, 33 Yecla 30510 Murcia ES NIF : B30035380 T\u00e9l\u00e9phone : +34 968 71 91 11 e-Mail : info@beltafrajumar.com Site Internet : www.beltafrajumar.com<\/p>\n<p>&nbsp;<\/p>\n<h5><strong>OBJET<\/strong><\/h5>\n<p>Le fournisseur, responsable du site Web, met ce document \u00e0 la disposition des utilisateurs avec lesquels il entend respecter les obligations \u00e9nonc\u00e9es dans la loi 34\/2002 sur les services de la soci\u00e9t\u00e9 de l&rsquo;information et le commerce \u00e9lectronique (LSSI-CE), ainsi que l&rsquo;information. tous les utilisateurs du site concernant les conditions d&rsquo;utilisation du site. Toute personne qui acc\u00e8de \u00e0 ce site Web assume le r\u00f4le d&rsquo;utilisateur, s&rsquo;engageant au strict respect et au respect des dispositions \u00e9nonc\u00e9es dans le pr\u00e9sent document, ainsi que de toute autre disposition l\u00e9gale applicable. Le fournisseur se r\u00e9serve le droit de modifier tout type d&rsquo;informations qui pourraient appara\u00eetre sur le site Internet, sans aucune obligation de notifier ou d&rsquo;informer les utilisateurs de ces obligations, la publication sur le site Internet du fournisseur \u00e9tant consid\u00e9r\u00e9e comme suffisante.<\/p>\n<p>&nbsp;<\/p>\n<h5><strong>RESPONSABILIT\u00c9<\/strong><\/h5>\n<p>Le fournisseur est exon\u00e9r\u00e9 de tout type de responsabilit\u00e9 d\u00e9coulant des informations publi\u00e9es sur son site Internet, \u00e0 condition que ces informations aient \u00e9t\u00e9 manipul\u00e9es ou introduites par un tiers qui ne lui est pas li\u00e9. Le site Internet du fournisseur peut utiliser des cookies (petits fichiers d&rsquo;informations que le serveur envoie \u00e0 l&rsquo;ordinateur de la personne acc\u00e9dant \u00e0 la page) pour r\u00e9aliser certaines fonctions consid\u00e9r\u00e9es comme essentielles au bon fonctionnement et \u00e0 l&rsquo;affichage du site. Les cookies utilis\u00e9s sur le site Internet sont, dans tous les cas, de nature temporaire dans le seul but de rendre plus efficace leur transmission ult\u00e9rieure et disparaissent \u00e0 la fin de la session utilisateur. En aucun cas les cookies ne seront utilis\u00e9s pour collecter des informations personnelles. Depuis le site Internet du client, vous pouvez \u00eatre redirig\u00e9 vers du contenu sur des sites Internet tiers. \u00c9tant donn\u00e9 que le fournisseur ne peut pas toujours contr\u00f4ler les contenus introduits par des tiers sur ses sites Web, il n&rsquo;assume aucune responsabilit\u00e9 quant \u00e0 ces contenus.<\/p>\n<p><strong>Le fournisseur n&rsquo;est pas responsable des informations et des contenus stock\u00e9s, \u00e0 titre d&rsquo;exemple mais sans s&rsquo;y limiter, dans les forums, chats, g\u00e9n\u00e9rateurs de blogs, commentaires, r\u00e9seaux sociaux ou tout autre moyen permettant \u00e0 des tiers de publier du contenu de mani\u00e8re ind\u00e9pendante sur le site Internet de. le fournisseur. Toutefois, et conform\u00e9ment aux dispositions de l&rsquo;art. 11 et 16 de la LSSI-CE, le prestataire se met \u00e0 la disposition de tous les utilisateurs, autorit\u00e9s et forces de s\u00e9curit\u00e9, et collabore activement au retrait ou, le cas \u00e9ch\u00e9ant, au blocage de tout contenu susceptible d&rsquo;affecter ou de contrevenir \u00e0 la l\u00e9gislation nationale ou internationale. , des droits des tiers ou des bonnes m\u0153urs et de l&rsquo;ordre public. Si l&rsquo;utilisateur estime qu&rsquo;il existe un contenu sur le site Web susceptible d&rsquo;\u00eatre soumis \u00e0 cette classification, il est pri\u00e9 d&rsquo;en informer imm\u00e9diatement l&rsquo;administrateur du site Web.  <\/strong><\/p>\n<p>Ce site Web a \u00e9t\u00e9 examin\u00e9 et test\u00e9 pour fonctionner correctement. En principe, le bon fonctionnement peut \u00eatre garanti 365 jours par an, 24 heures sur 24. Cependant, le fournisseur n&rsquo;exclut pas la possibilit\u00e9 que certaines erreurs de programmation se produisent, ou que des cas de force majeure, des catastrophes naturelles, des gr\u00e8ves ou des circonstances similaires puissent survenir rendant impossible l&rsquo;acc\u00e8s au site Web.  <\/p>\n<p>&nbsp;<\/p>\n<h5><strong>PROPRI\u00c9T\u00c9 INTELLECTUELLE ET INDUSTRIE<\/strong><\/h5>\n<p>Le site Internet, y compris mais sans s&rsquo;y limiter, sa programmation, son \u00e9dition, sa compilation et autres \u00e9l\u00e9ments n\u00e9cessaires \u00e0 son fonctionnement, les designs, logos, textes et\/ou graphismes sont la propri\u00e9t\u00e9 du prestataire ou, le cas \u00e9ch\u00e9ant, disposent d&rsquo;une licence ou autorisation expresse de une partie des auteurs. Tous les contenus du site Web sont d\u00fbment prot\u00e9g\u00e9s par la r\u00e9glementation en mati\u00e8re de propri\u00e9t\u00e9 intellectuelle et industrielle, ainsi que enregistr\u00e9s dans les registres publics correspondants. Quelle que soit la finalit\u00e9 pour laquelle ils sont destin\u00e9s, la reproduction totale ou partielle, l&rsquo;utilisation, l&rsquo;exploitation, la distribution et la commercialisation n\u00e9cessitent dans tous les cas l&rsquo;autorisation \u00e9crite pr\u00e9alable du fournisseur. Toute utilisation non pr\u00e9alablement autoris\u00e9e par le prestataire sera consid\u00e9r\u00e9e comme une violation grave des droits de propri\u00e9t\u00e9 intellectuelle ou industrielle de l&rsquo;auteur. Les dessins, logos, textes et\/ou graphiques autres que ceux du fournisseur et susceptibles d&rsquo;appara\u00eetre sur le site appartiennent \u00e0 leurs propri\u00e9taires respectifs, qui sont responsables de toute \u00e9ventuelle controverse qui pourrait surgir \u00e0 leur sujet. En tout \u00e9tat de cause, le prestataire dispose de l&rsquo;autorisation expresse et pr\u00e9alable de leur part. Le fournisseur N&rsquo;AUTORISE PAS express\u00e9ment que des tiers puissent rediriger directement vers le contenu sp\u00e9cifique du site Web et doivent en aucun cas rediriger vers le site Web principal du fournisseur. El prestador reconoce a favor de sus titulares los correspondientes derechos de propiedad industrial e intelectual, no implicando su sola menci\u00f3n o aparici\u00f3n en el sitio web la existencia de derechos o responsabilidad alguna del prestador sobre los mismos, como tampoco respaldo, patrocinio o recomendaci\u00f3n por parte du m\u00eame. <\/p>\n<p>Pour faire tout type d&rsquo;observation concernant d&rsquo;\u00e9ventuelles violations des droits de propri\u00e9t\u00e9 intellectuelle ou industrielle, ainsi que sur tout contenu du site Web, vous pouvez le faire via l&rsquo;e-mail suivant.<\/p>\n<p><strong>V\u00e9racit\u00e9 des informations.<\/strong><\/p>\n<p>Toutes les informations fournies par l&rsquo;Utilisateur doivent \u00eatre vraies. A ces fins, l&rsquo;Utilisateur garantit l&rsquo;authenticit\u00e9 des donn\u00e9es communiqu\u00e9es au travers des formulaires de souscription aux Services. Il sera de la responsabilit\u00e9 de l&rsquo;Utilisateur de maintenir \u00e0 jour en permanence toutes les informations fournies \u00e0 <strong>Belt\u00e1 Frajumar<\/strong> afin qu&rsquo;elles r\u00e9pondent, \u00e0 tout moment, \u00e0 sa situation r\u00e9elle. Dans tous les cas, l&rsquo;Utilisateur sera seul responsable des d\u00e9clarations fausses ou inexactes faites et de tout dommage caus\u00e9 au prestataire ou \u00e0 des tiers.   <\/p>\n<p><strong>Mineurs.<\/strong><\/p>\n<p>Pour utiliser les services, les mineurs doivent toujours obtenir le consentement pr\u00e9alable des parents, tuteurs ou repr\u00e9sentants l\u00e9gaux, qui sont en dernier ressort responsables de tous les actes accomplis par les mineurs dont ils ont la garde. La responsabilit\u00e9 de d\u00e9terminer les contenus sp\u00e9cifiques auxquels acc\u00e8dent les mineurs leur incombe, c&rsquo;est pourquoi s&rsquo;ils acc\u00e8dent \u00e0 des contenus inappropri\u00e9s sur Internet, des m\u00e9canismes devront \u00eatre mis en place sur leurs ordinateurs, notamment des programmes informatiques, des filtres et des blocages, qu&rsquo;ils vous permettent pour limiter le contenu disponible et, bien qu&rsquo;ils ne soient pas infaillibles, ils sont particuli\u00e8rement utiles pour contr\u00f4ler et restreindre les mat\u00e9riels auxquels les mineurs peuvent acc\u00e9der. <\/p>\n<p><strong>Obligation de faire un usage correct du Web.<\/strong><\/p>\n<p>L&rsquo;Utilisateur s&rsquo;engage \u00e0 utiliser le Site Internet conform\u00e9ment \u00e0 la Loi et aux pr\u00e9sentes Mentions L\u00e9gales, ainsi qu&rsquo;aux bonnes m\u0153urs et bons usages. \u00c0 cette fin, l&rsquo;Utilisateur s&rsquo;abstiendra d&rsquo;utiliser la page \u00e0 des fins ill\u00e9gales ou interdites, pr\u00e9judiciables aux droits et int\u00e9r\u00eats de tiers, ou qui pourraient de quelque mani\u00e8re que ce soit endommager, d\u00e9sactiver, surcharger, d\u00e9t\u00e9riorer ou emp\u00eacher l&rsquo;utilisation normale de l&rsquo;\u00e9quipement informatique ou documents, fichiers et tous types de contenus stock\u00e9s sur tout \u00e9quipement informatique du prestataire. Notamment et \u00e0 titre indicatif mais non exhaustif, l&rsquo;Utilisateur s&rsquo;engage \u00e0 ne pas transmettre, diffuser ou mettre \u00e0 disposition de tiers des informations, donn\u00e9es, contenus, messages, graphiques, dessins, fichiers sonores ou images, photographies, enregistrements, logiciels et, En g\u00e9n\u00e9ral, tout type de mat\u00e9riel qui : (a) est contraire, ignore ou viole les droits fondamentaux et les libert\u00e9s publiques reconnus constitutionnellement, dans les trait\u00e9s internationaux et autres r\u00e9glementations en vigueur ; (b) induit, incite ou promeut des actions criminelles, d\u00e9nigrantes, diffamatoires, violentes ou, en g\u00e9n\u00e9ral, contraires \u00e0 la loi, aux bonnes m\u0153urs et \u00e0 l&rsquo;ordre public ; (c) induit, incite ou promeut des actions, attitudes ou pens\u00e9es discriminatoires fond\u00e9es sur le sexe, la race, la religion, les croyances, l&rsquo;\u00e2ge ou la condition ; (d) est contraire au droit \u00e0 l&rsquo;honneur, \u00e0 la vie priv\u00e9e ou familiale ou \u00e0 l&rsquo;image d&rsquo;une personne ; (e) porte atteinte de quelque mani\u00e8re que ce soit \u00e0 la cr\u00e9dibilit\u00e9 du fournisseur ou de tiers ; et (f) constitue une publicit\u00e9 ill\u00e9gale, trompeuse ou d\u00e9loyale. <\/p>\n<p>&nbsp;<\/p>\n<h5><strong>LOI APPLICABLE ET JURIDICTION<\/strong><\/h5>\n<p>Pour la r\u00e9solution de tous les litiges ou probl\u00e8mes li\u00e9s \u00e0 ce site Web ou aux activit\u00e9s qui y sont r\u00e9alis\u00e9es, la l\u00e9gislation espagnole s&rsquo;appliquera, \u00e0 laquelle les parties se soumettent express\u00e9ment, \u00e9tant comp\u00e9tentes pour la r\u00e9solution de tous les conflits survenant ou li\u00e9s \u00e0 son utilisation, les Cours et Tribunaux. de YECLA.<\/p>\n","protected":false},"excerpt":{"rendered":"<p>Afin de respecter l&rsquo;article 10 de la loi 34\/2002 sur les services de la soci\u00e9t\u00e9 de l&rsquo;information et le commerce<\/p>\n","protected":false},"author":1,"featured_media":0,"parent":0,"menu_order":0,"comment_status":"closed","ping_status":"closed","template":"","meta":{"_acf_changed":false,"footnotes":""},"class_list":["post-24948","page","type-page","status-publish","hentry"],"acf":[],"yoast_head":"<!-- This site is optimized with the Yoast SEO Premium plugin v24.2 (Yoast SEO v25.3.1) - https:\/\/yoast.com\/wordpress\/plugins\/seo\/ -->\n<title>Avis juridique | Belt\u00e1 Frajumar<\/title>\n<meta name=\"robots\" content=\"noindex, nofollow\" \/>\n<meta property=\"og:locale\" content=\"fr_FR\" \/>\n<meta property=\"og:type\" content=\"article\" \/>\n<meta property=\"og:title\" content=\"Avis juridique\" \/>\n<meta property=\"og:description\" content=\"Afin de respecter l&rsquo;article 10 de la loi 34\/2002 sur les services de la soci\u00e9t\u00e9 de l&rsquo;information et le commerce\" \/>\n<meta property=\"og:url\" content=\"https:\/\/dev.beltafrajumar.com\/fr\/avis-juridique\/\" \/>\n<meta property=\"og:site_name\" content=\"Belt\u00e1 Frajumar\" \/>\n<meta property=\"article:modified_time\" content=\"2024-07-22T07:19:13+00:00\" \/>\n<meta property=\"og:image\" content=\"https:\/\/dev.beltafrajumar.com\/wp-content\/uploads\/2024\/04\/Sofa-GUES-Mobiliario-Living-Belta-Frajumar-1.jpg\" \/>\n\t<meta property=\"og:image:width\" content=\"1748\" \/>\n\t<meta property=\"og:image:height\" content=\"1240\" \/>\n\t<meta property=\"og:image:type\" content=\"image\/jpeg\" \/>\n<meta name=\"twitter:card\" content=\"summary_large_image\" \/>\n<meta name=\"twitter:label1\" content=\"Dur\u00e9e de lecture estim\u00e9e\" \/>\n\t<meta name=\"twitter:data1\" content=\"7 minutes\" \/>\n<script type=\"application\/ld+json\" class=\"yoast-schema-graph\">{\"@context\":\"https:\/\/schema.org\",\"@graph\":[{\"@type\":\"WebPage\",\"@id\":\"https:\/\/dev.beltafrajumar.com\/fr\/avis-juridique\/\",\"url\":\"https:\/\/dev.beltafrajumar.com\/fr\/avis-juridique\/\",\"name\":\"Avis juridique | Belt\u00e1 Frajumar\",\"isPartOf\":{\"@id\":\"https:\/\/dev.beltafrajumar.com\/fr\/#website\"},\"datePublished\":\"2024-07-17T08:30:48+00:00\",\"dateModified\":\"2024-07-22T07:19:13+00:00\",\"breadcrumb\":{\"@id\":\"https:\/\/dev.beltafrajumar.com\/fr\/avis-juridique\/#breadcrumb\"},\"inLanguage\":\"fr-FR\",\"potentialAction\":[{\"@type\":\"ReadAction\",\"target\":[\"https:\/\/dev.beltafrajumar.com\/fr\/avis-juridique\/\"]}]},{\"@type\":\"BreadcrumbList\",\"@id\":\"https:\/\/dev.beltafrajumar.com\/fr\/avis-juridique\/#breadcrumb\",\"itemListElement\":[{\"@type\":\"ListItem\",\"position\":1,\"name\":\"Portada\",\"item\":\"https:\/\/dev.beltafrajumar.com\/fr\/\"},{\"@type\":\"ListItem\",\"position\":2,\"name\":\"Avis juridique\"}]},{\"@type\":\"WebSite\",\"@id\":\"https:\/\/dev.beltafrajumar.com\/fr\/#website\",\"url\":\"https:\/\/dev.beltafrajumar.com\/fr\/\",\"name\":\"Belt\u00e1 Frajumar\",\"description\":\"Calidad, Dise\u00f1o y Decoraci\u00f3n de Interiores en Mobiliario Hospitality y Living\",\"publisher\":{\"@id\":\"https:\/\/dev.beltafrajumar.com\/fr\/#organization\"},\"alternateName\":\"Fabricante de mobiliario Hospitality y Living\",\"potentialAction\":[{\"@type\":\"SearchAction\",\"target\":{\"@type\":\"EntryPoint\",\"urlTemplate\":\"https:\/\/dev.beltafrajumar.com\/fr\/?s={search_term_string}\"},\"query-input\":{\"@type\":\"PropertyValueSpecification\",\"valueRequired\":true,\"valueName\":\"search_term_string\"}}],\"inLanguage\":\"fr-FR\"},{\"@type\":\"Organization\",\"@id\":\"https:\/\/dev.beltafrajumar.com\/fr\/#organization\",\"name\":\"Belt\u00e1 Frajumar\",\"alternateName\":\"Fabricant de meubles exclusif Belt\u00e1 Frajumar\",\"url\":\"https:\/\/dev.beltafrajumar.com\/fr\/\",\"logo\":{\"@type\":\"ImageObject\",\"inLanguage\":\"fr-FR\",\"@id\":\"https:\/\/dev.beltafrajumar.com\/fr\/#\/schema\/logo\/image\/\",\"url\":\"https:\/\/dev.beltafrajumar.com\/wp-content\/uploads\/2024\/10\/Logotipo-Belta-Frajumar-patrocinador-de-InterCIDEC-1.jpg\",\"contentUrl\":\"https:\/\/dev.beltafrajumar.com\/wp-content\/uploads\/2024\/10\/Logotipo-Belta-Frajumar-patrocinador-de-InterCIDEC-1.jpg\",\"width\":1080,\"height\":1080,\"caption\":\"Belt\u00e1 Frajumar\"},\"image\":{\"@id\":\"https:\/\/dev.beltafrajumar.com\/fr\/#\/schema\/logo\/image\/\"}}]}<\/script>\n<!-- \/ Yoast SEO Premium plugin. -->","yoast_head_json":{"title":"Avis juridique | Belt\u00e1 Frajumar","robots":{"index":"noindex","follow":"nofollow"},"og_locale":"fr_FR","og_type":"article","og_title":"Avis juridique","og_description":"Afin de respecter l&rsquo;article 10 de la loi 34\/2002 sur les services de la soci\u00e9t\u00e9 de l&rsquo;information et le commerce","og_url":"https:\/\/dev.beltafrajumar.com\/fr\/avis-juridique\/","og_site_name":"Belt\u00e1 Frajumar","article_modified_time":"2024-07-22T07:19:13+00:00","og_image":[{"width":1748,"height":1240,"url":"https:\/\/dev.beltafrajumar.com\/wp-content\/uploads\/2024\/04\/Sofa-GUES-Mobiliario-Living-Belta-Frajumar-1.jpg","type":"image\/jpeg"}],"twitter_card":"summary_large_image","twitter_misc":{"Dur\u00e9e de lecture estim\u00e9e":"7 minutes"},"schema":{"@context":"https:\/\/schema.org","@graph":[{"@type":"WebPage","@id":"https:\/\/dev.beltafrajumar.com\/fr\/avis-juridique\/","url":"https:\/\/dev.beltafrajumar.com\/fr\/avis-juridique\/","name":"Avis juridique | Belt\u00e1 Frajumar","isPartOf":{"@id":"https:\/\/dev.beltafrajumar.com\/fr\/#website"},"datePublished":"2024-07-17T08:30:48+00:00","dateModified":"2024-07-22T07:19:13+00:00","breadcrumb":{"@id":"https:\/\/dev.beltafrajumar.com\/fr\/avis-juridique\/#breadcrumb"},"inLanguage":"fr-FR","potentialAction":[{"@type":"ReadAction","target":["https:\/\/dev.beltafrajumar.com\/fr\/avis-juridique\/"]}]},{"@type":"BreadcrumbList","@id":"https:\/\/dev.beltafrajumar.com\/fr\/avis-juridique\/#breadcrumb","itemListElement":[{"@type":"ListItem","position":1,"name":"Portada","item":"https:\/\/dev.beltafrajumar.com\/fr\/"},{"@type":"ListItem","position":2,"name":"Avis juridique"}]},{"@type":"WebSite","@id":"https:\/\/dev.beltafrajumar.com\/fr\/#website","url":"https:\/\/dev.beltafrajumar.com\/fr\/","name":"Belt\u00e1 Frajumar","description":"Calidad, Dise\u00f1o y Decoraci\u00f3n de Interiores en Mobiliario Hospitality y Living","publisher":{"@id":"https:\/\/dev.beltafrajumar.com\/fr\/#organization"},"alternateName":"Fabricante de mobiliario Hospitality y Living","potentialAction":[{"@type":"SearchAction","target":{"@type":"EntryPoint","urlTemplate":"https:\/\/dev.beltafrajumar.com\/fr\/?s={search_term_string}"},"query-input":{"@type":"PropertyValueSpecification","valueRequired":true,"valueName":"search_term_string"}}],"inLanguage":"fr-FR"},{"@type":"Organization","@id":"https:\/\/dev.beltafrajumar.com\/fr\/#organization","name":"Belt\u00e1 Frajumar","alternateName":"Fabricant de meubles exclusif Belt\u00e1 Frajumar","url":"https:\/\/dev.beltafrajumar.com\/fr\/","logo":{"@type":"ImageObject","inLanguage":"fr-FR","@id":"https:\/\/dev.beltafrajumar.com\/fr\/#\/schema\/logo\/image\/","url":"https:\/\/dev.beltafrajumar.com\/wp-content\/uploads\/2024\/10\/Logotipo-Belta-Frajumar-patrocinador-de-InterCIDEC-1.jpg","contentUrl":"https:\/\/dev.beltafrajumar.com\/wp-content\/uploads\/2024\/10\/Logotipo-Belta-Frajumar-patrocinador-de-InterCIDEC-1.jpg","width":1080,"height":1080,"caption":"Belt\u00e1 Frajumar"},"image":{"@id":"https:\/\/dev.beltafrajumar.com\/fr\/#\/schema\/logo\/image\/"}}]}},"_links":{"self":[{"href":"https:\/\/dev.beltafrajumar.com\/fr\/wp-json\/wp\/v2\/pages\/24948","targetHints":{"allow":["GET"]}}],"collection":[{"href":"https:\/\/dev.beltafrajumar.com\/fr\/wp-json\/wp\/v2\/pages"}],"about":[{"href":"https:\/\/dev.beltafrajumar.com\/fr\/wp-json\/wp\/v2\/types\/page"}],"author":[{"embeddable":true,"href":"https:\/\/dev.beltafrajumar.com\/fr\/wp-json\/wp\/v2\/users\/1"}],"replies":[{"embeddable":true,"href":"https:\/\/dev.beltafrajumar.com\/fr\/wp-json\/wp\/v2\/comments?post=24948"}],"version-history":[{"count":0,"href":"https:\/\/dev.beltafrajumar.com\/fr\/wp-json\/wp\/v2\/pages\/24948\/revisions"}],"wp:attachment":[{"href":"https:\/\/dev.beltafrajumar.com\/fr\/wp-json\/wp\/v2\/media?parent=24948"}],"curies":[{"name":"wp","href":"https:\/\/api.w.org\/{rel}","templated":true}]}}