{"id":30078,"date":"2024-09-17T10:52:29","date_gmt":"2024-09-17T08:52:29","guid":{"rendered":"https:\/\/dev.beltafrajumar.com\/producto\/nemy-desk\/"},"modified":"2024-09-27T11:35:23","modified_gmt":"2024-09-27T09:35:23","slug":"nemy-desk","status":"publish","type":"product","link":"https:\/\/dev.beltafrajumar.com\/en\/product\/nemy-desk\/","title":{"rendered":"NEMY desk"},"content":{"rendered":"\t\t<div data-elementor-type=\"product-post\" data-elementor-id=\"30078\" class=\"elementor elementor-30078 elementor-28002\" data-elementor-post-type=\"product\">\n\t\t\t\t<div data-particle_enable=\"false\" data-particle-mobile-disabled=\"false\" class=\"elementor-element elementor-element-08496cc e-flex e-con-boxed wd-section-disabled e-con e-parent\" data-id=\"08496cc\" data-element_type=\"container\">\n\t\t\t\t\t<div class=\"e-con-inner\">\n\t\t\t\t<div class=\"elementor-element elementor-element-ce4462b elementor-widget elementor-widget-wd_image_hotspot\" data-id=\"ce4462b\" data-element_type=\"widget\" data-widget_type=\"wd_image_hotspot.default\">\n\t\t\t\t<div class=\"elementor-widget-container\">\n\t\t\t\t\t\t\t<div class=\"wd-image-hotspot-wrapper hotspot-action-hover hotspot-icon-default color-scheme- wd-hotspot-static\">\n\t\t\t<div class=\"wd-image-hotspot-hotspots\">\n\t\t\t\t\t\t\t\t\t<img decoding=\"async\" class=\"wd-image-hotspot-img\" src=\"https:\/\/dev.beltafrajumar.com\/wp-content\/uploads\/2024\/06\/Silla-giratotua-EVEN-Escritorio-NEMY-Mobiliario-Belta-Frajumar.jpg\" alt=\"Silla giratoria EVEN , Escritorio NEMY - Mobiliario Belt\u00e1 Frajumar\" title=\"Silla giratoria EVEN , Escritorio NEMY &#8211; Mobiliario Belt\u00e1 Frajumar\">\t\t\t\t\n\t\t\t\t\t\t\t\t\t\t\t\t\t\t<div class=\"wd-image-hotspot hotspot-type-product elementor-repeater-item-f355574\">\n\t\t\t\t\t\t<span class=\"hotspot-sonar\"><\/span>\n\t\t\t\t\t\t<div class=\"hotspot-btn wd-fill\"><\/div>\n\n\t\t\t\t\t\t\t\t\t\t\t\t\t<div class=\"hotspot-product hotspot-content wd-scroll hotspot-dropdown-top\">\n\t\t\t\t\t\t\t\t<div class=\"hotspot-content-image\">\n\t\t\t\t\t\t\t\t\t<a href=\"https:\/\/dev.beltafrajumar.com\/en\/product\/even-swivel-chair\/\">\n\t\t\t\t\t\t\t\t\t\t<img fetchpriority=\"high\" decoding=\"async\" width=\"600\" height=\"600\" src=\"https:\/\/dev.beltafrajumar.com\/wp-content\/uploads\/2024\/04\/EVEN-silla-giratoria-600x600.jpg\" class=\"attachment-woocommerce_thumbnail size-woocommerce_thumbnail\" alt=\"EVEN swivel chair - Exclusive design furniture Belt\u00e1 Frajumar\" srcset=\"https:\/\/dev.beltafrajumar.com\/wp-content\/uploads\/2024\/04\/EVEN-silla-giratoria-600x600.jpg 600w, https:\/\/dev.beltafrajumar.com\/wp-content\/uploads\/2024\/04\/EVEN-silla-giratoria-200x200.jpg 200w, https:\/\/dev.beltafrajumar.com\/wp-content\/uploads\/2024\/04\/EVEN-silla-giratoria-700x700.jpg 700w, https:\/\/dev.beltafrajumar.com\/wp-content\/uploads\/2024\/04\/EVEN-silla-giratoria-300x300.jpg 300w, https:\/\/dev.beltafrajumar.com\/wp-content\/uploads\/2024\/04\/EVEN-silla-giratoria-150x150.jpg 150w, https:\/\/dev.beltafrajumar.com\/wp-content\/uploads\/2024\/04\/EVEN-silla-giratoria-768x768.jpg 768w, https:\/\/dev.beltafrajumar.com\/wp-content\/uploads\/2024\/04\/EVEN-silla-giratoria.jpg 1000w\" sizes=\"(max-width: 600px) 100vw, 600px\" \/>\t\t\t\t\t\t\t\t\t<\/a>\n\t\t\t\t\t\t\t\t<\/div>\n\t\t\t\t\t\t\t\t\n\t\t\t\t\t\t\t\t<h4 class=\"wd-entities-title\">\n\t\t\t\t\t\t\t\t\t<a href=\"https:\/\/dev.beltafrajumar.com\/en\/product\/even-swivel-chair\/\">\n\t\t\t\t\t\t\t\t\t\tEVEN swivel chair\t\t\t\t\t\t\t\t\t<\/a>\n\t\t\t\t\t\t\t\t<\/h4>\n\t\t\t\t\t\t\t\t\n\t\t\t\t\t\t\t\t\t\t\t\t\t\t\t\t\t\t\t\t\t\t\t\t\t\t\t\t\t\t\t\t\t\n\t\t\t\t\t\t\t\t<div class=\"price\">\n\t\t\t\t\t\t\t\t\t<span class=\"woocommerce-Price-amount amount\"><bdi>830.06&nbsp;<span class=\"woocommerce-Price-currencySymbol\">&euro;<\/span><\/bdi><\/span>\t\t\t\t\t\t\t\t<\/div>\n\t\t\t\t\t\t\t\t\n\t\t\t\t\t\t\t\t<div class=\"hotspot-content-text wd-more-desc set-cont-mb-s reset-last-child\">\n\t\t\t\t\t\t\t\t\t<div class=\"wd-more-desc-inner\">\n\t\t\t\t\t\t\t\t\t\t<strong>Even<\/strong> is a piece of apparent simplicity that nevertheless acquires a special character thanks to the curves that surround it and give it shape. Perfect harmony in lush design. Great hold in solid wood. All meditated and unified to provide maximum comfort to the sitting vitola.\n\n\t\t\t\t\t\t\t\t\t<\/div>\n\t\t\t\t\t\t\t\t\t<a href=\"#\" rel=\"nofollow\" class=\"wd-more-desc-btn\"  aria-label=\"Read more description button\"><span><\/span><\/a>\n\t\t\t\t\t\t\t\t<\/div>\n\t\t\t\t\t\t\t\t\n\t\t\t\t\t\t\t\t<a href=\"https:\/\/dev.beltafrajumar.com\/en\/product\/even-swivel-chair\/\" class=\"button product_type_simple add_to_cart_button\" data-product_id=\"17968\" rel=\"nofollow\">\n\t\t\t\t\t\t\t\t\tSelect Options\t\t\t\t\t\t\t\t<\/a>\n\t\t\t\t\t\t\t<\/div>\n\t\t\t\t\t\t\t\t\t\t\t<\/div>\n\t\t\t\t\t\t\t\t\t\t\t\t\t\t<div class=\"wd-image-hotspot hotspot-type-product elementor-repeater-item-9d2d62a\">\n\t\t\t\t\t\t<span class=\"hotspot-sonar\"><\/span>\n\t\t\t\t\t\t<div class=\"hotspot-btn wd-fill\"><\/div>\n\n\t\t\t\t\t\t\t\t\t\t\t\t\t<div class=\"hotspot-product hotspot-content wd-scroll hotspot-dropdown-bottom\">\n\t\t\t\t\t\t\t\t<div class=\"hotspot-content-image\">\n\t\t\t\t\t\t\t\t\t<a href=\"https:\/\/dev.beltafrajumar.com\/en\/product\/nemy-desk\/\">\n\t\t\t\t\t\t\t\t\t\t<img decoding=\"async\" width=\"600\" height=\"600\" src=\"https:\/\/dev.beltafrajumar.com\/wp-content\/uploads\/2024\/09\/NEMY-escritorio-Mobiliario-Belta-Frajumar-600x600.jpg\" class=\"attachment-woocommerce_thumbnail size-woocommerce_thumbnail\" alt=\"NEMY desk - Belt\u00e1 Frajumar Furniture\" srcset=\"https:\/\/dev.beltafrajumar.com\/wp-content\/uploads\/2024\/09\/NEMY-escritorio-Mobiliario-Belta-Frajumar-600x600.jpg 600w, https:\/\/dev.beltafrajumar.com\/wp-content\/uploads\/2024\/09\/NEMY-escritorio-Mobiliario-Belta-Frajumar-200x200.jpg 200w, https:\/\/dev.beltafrajumar.com\/wp-content\/uploads\/2024\/09\/NEMY-escritorio-Mobiliario-Belta-Frajumar-700x700.jpg 700w, https:\/\/dev.beltafrajumar.com\/wp-content\/uploads\/2024\/09\/NEMY-escritorio-Mobiliario-Belta-Frajumar-300x300.jpg 300w, https:\/\/dev.beltafrajumar.com\/wp-content\/uploads\/2024\/09\/NEMY-escritorio-Mobiliario-Belta-Frajumar-150x150.jpg 150w, https:\/\/dev.beltafrajumar.com\/wp-content\/uploads\/2024\/09\/NEMY-escritorio-Mobiliario-Belta-Frajumar-768x768.jpg 768w, https:\/\/dev.beltafrajumar.com\/wp-content\/uploads\/2024\/09\/NEMY-escritorio-Mobiliario-Belta-Frajumar.jpg 1119w\" sizes=\"(max-width: 600px) 100vw, 600px\" \/>\t\t\t\t\t\t\t\t\t<\/a>\n\t\t\t\t\t\t\t\t<\/div>\n\t\t\t\t\t\t\t\t\n\t\t\t\t\t\t\t\t<h4 class=\"wd-entities-title\">\n\t\t\t\t\t\t\t\t\t<a href=\"https:\/\/dev.beltafrajumar.com\/en\/product\/nemy-desk\/\">\n\t\t\t\t\t\t\t\t\t\tNEMY desk\t\t\t\t\t\t\t\t\t<\/a>\n\t\t\t\t\t\t\t\t<\/h4>\n\t\t\t\t\t\t\t\t\n\t\t\t\t\t\t\t\t\t\t\t\t\t\t\t\t\t\t\t\t\t\t\t\t\t\t\t\t\t\t\t\t\t\n\t\t\t\t\t\t\t\t<div class=\"price\">\n\t\t\t\t\t\t\t\t\t<span class=\"woocommerce-Price-amount amount\"><bdi>1,762.97&nbsp;<span class=\"woocommerce-Price-currencySymbol\">&euro;<\/span><\/bdi><\/span>\t\t\t\t\t\t\t\t<\/div>\n\t\t\t\t\t\t\t\t\n\t\t\t\t\t\t\t\t<div class=\"hotspot-content-text wd-more-desc set-cont-mb-s reset-last-child\">\n\t\t\t\t\t\t\t\t\t<div class=\"wd-more-desc-inner\">\n\t\t\t\t\t\t\t\t\t\tThe <strong>Nemy desk<\/strong> is a masterpiece of functional minimalism. With an elegant wooden surface and clean lines, its light and contemporary design makes it the perfect choice for any modern workspace. The combination of its dark-toned metal structure with the natural finish of the wood creates a sophisticated contrast that enhances its simplicity. Compact but spacious, the Nemy desk offers an aesthetic and practical solution for offices, studios or creative spaces, where design and functionality meet in perfect harmony.   \t\t\t\t\t\t\t\t\t<\/div>\n\t\t\t\t\t\t\t\t\t<a href=\"#\" rel=\"nofollow\" class=\"wd-more-desc-btn\"  aria-label=\"Read more description button\"><span><\/span><\/a>\n\t\t\t\t\t\t\t\t<\/div>\n\t\t\t\t\t\t\t\t\n\t\t\t\t\t\t\t\t<a href=\"https:\/\/dev.beltafrajumar.com\/en\/product\/nemy-desk\/\" class=\"button product_type_simple add_to_cart_button\" data-product_id=\"30078\" rel=\"nofollow\">\n\t\t\t\t\t\t\t\t\tSelect Options\t\t\t\t\t\t\t\t<\/a>\n\t\t\t\t\t\t\t<\/div>\n\t\t\t\t\t\t\t\t\t\t\t<\/div>\n\t\t\t\t\t\t\t<\/div>\n\t\t<\/div>\n\t\t\t\t\t\t<\/div>\n\t\t\t\t<\/div>\n\t\t\t\t\t<\/div>\n\t\t\t\t<\/div>\n\t\t\t\t<\/div>\n\t\t","protected":false},"excerpt":{"rendered":"<p>The <strong>Nemy desk<\/strong> is a masterpiece of functional minimalism. With an elegant wooden surface and clean lines, its light and contemporary design makes it the perfect choice for any modern workspace. The combination of its dark-toned metal structure with the natural finish of the wood creates a sophisticated contrast that enhances its simplicity. Compact but spacious, the Nemy desk offers an aesthetic and practical solution for offices, studios or creative spaces, where design and functionality meet in perfect harmony.   <\/p>\n","protected":false},"featured_media":28412,"comment_status":"open","ping_status":"closed","template":"","meta":{"_acf_changed":false},"product_brand":[],"product_cat":[852,2306,894,879],"product_tag":[2343,2298,2300,2337,2348],"class_list":{"0":"post-30078","1":"product","2":"type-product","3":"status-publish","4":"has-post-thumbnail","6":"product_cat-home-furnishings","7":"product_cat-news","8":"product_cat-home-accessories","9":"product_cat-hotel-desks","10":"product_tag-desks","11":"product_tag-news","12":"product_tag-nmasa-en","13":"product_tag-november","14":"product_tag-online-sales","15":"wcpa_has_options","17":"first","18":"instock","19":"taxable","20":"shipping-taxable","21":"purchasable","22":"product-type-simple"},"acf":[],"yoast_head":"<!-- This site is optimized with the Yoast SEO Premium plugin v24.2 (Yoast SEO v25.3.1) - https:\/\/yoast.com\/wordpress\/plugins\/seo\/ -->\n<title>Nemy Desk | Minimalist and Functional Design Belta Frajumar<\/title>\n<meta name=\"description\" content=\"The Nemy desk combines wood and metal in a minimalist and practical design, ideal for modern spaces that seek style and functionality.\" \/>\n<meta name=\"robots\" content=\"noindex, follow, max-snippet:-1, max-image-preview:large, max-video-preview:-1\" \/>\n<meta property=\"og:locale\" content=\"en_US\" \/>\n<meta property=\"og:type\" content=\"article\" \/>\n<meta property=\"og:title\" content=\"NEMY desk\" \/>\n<meta property=\"og:description\" content=\"The Nemy desk combines wood and metal in a minimalist and practical design, ideal for modern spaces that seek style and functionality.\" \/>\n<meta property=\"og:url\" content=\"https:\/\/dev.beltafrajumar.com\/en\/product\/nemy-desk\/\" \/>\n<meta property=\"og:site_name\" content=\"Belt\u00e1 Frajumar\" \/>\n<meta property=\"article:modified_time\" content=\"2024-09-27T09:35:23+00:00\" \/>\n<meta property=\"og:image\" content=\"https:\/\/dev.beltafrajumar.com\/wp-content\/uploads\/2024\/09\/NEMY-escritorio-Mobiliario-Belta-Frajumar.jpg\" \/>\n\t<meta property=\"og:image:width\" content=\"1119\" \/>\n\t<meta property=\"og:image:height\" content=\"1119\" \/>\n\t<meta property=\"og:image:type\" content=\"image\/jpeg\" \/>\n<meta name=\"twitter:card\" content=\"summary_large_image\" \/>\n<meta name=\"twitter:label1\" content=\"Est. reading time\" \/>\n\t<meta name=\"twitter:data1\" content=\"1 minute\" \/>\n<script type=\"application\/ld+json\" class=\"yoast-schema-graph\">{\"@context\":\"https:\/\/schema.org\",\"@graph\":[{\"@type\":\"WebPage\",\"@id\":\"https:\/\/dev.beltafrajumar.com\/en\/product\/nemy-desk\/\",\"url\":\"https:\/\/dev.beltafrajumar.com\/en\/product\/nemy-desk\/\",\"name\":\"Nemy Desk | Minimalist and Functional Design Belta Frajumar\",\"isPartOf\":{\"@id\":\"https:\/\/dev.beltafrajumar.com\/en\/#website\"},\"primaryImageOfPage\":{\"@id\":\"https:\/\/dev.beltafrajumar.com\/en\/product\/nemy-desk\/#primaryimage\"},\"image\":{\"@id\":\"https:\/\/dev.beltafrajumar.com\/en\/product\/nemy-desk\/#primaryimage\"},\"thumbnailUrl\":\"https:\/\/dev.beltafrajumar.com\/wp-content\/uploads\/2024\/09\/NEMY-escritorio-Mobiliario-Belta-Frajumar.jpg\",\"datePublished\":\"2024-09-17T08:52:29+00:00\",\"dateModified\":\"2024-09-27T09:35:23+00:00\",\"description\":\"The Nemy desk combines wood and metal in a minimalist and practical design, ideal for modern spaces that seek style and functionality.\",\"breadcrumb\":{\"@id\":\"https:\/\/dev.beltafrajumar.com\/en\/product\/nemy-desk\/#breadcrumb\"},\"inLanguage\":\"en-US\",\"potentialAction\":[{\"@type\":\"ReadAction\",\"target\":[\"https:\/\/dev.beltafrajumar.com\/en\/product\/nemy-desk\/\"]}]},{\"@type\":\"ImageObject\",\"inLanguage\":\"en-US\",\"@id\":\"https:\/\/dev.beltafrajumar.com\/en\/product\/nemy-desk\/#primaryimage\",\"url\":\"https:\/\/dev.beltafrajumar.com\/wp-content\/uploads\/2024\/09\/NEMY-escritorio-Mobiliario-Belta-Frajumar.jpg\",\"contentUrl\":\"https:\/\/dev.beltafrajumar.com\/wp-content\/uploads\/2024\/09\/NEMY-escritorio-Mobiliario-Belta-Frajumar.jpg\",\"width\":1119,\"height\":1119,\"caption\":\"NEMY desk - Belt\u00e1 Frajumar Furniture\"},{\"@type\":\"BreadcrumbList\",\"@id\":\"https:\/\/dev.beltafrajumar.com\/en\/product\/nemy-desk\/#breadcrumb\",\"itemListElement\":[{\"@type\":\"ListItem\",\"position\":1,\"name\":\"Portada\",\"item\":\"https:\/\/dev.beltafrajumar.com\/en\/\"},{\"@type\":\"ListItem\",\"position\":2,\"name\":\"Custom Furniture Store\",\"item\":\"https:\/\/dev.beltafrajumar.com\/tienda\/\"},{\"@type\":\"ListItem\",\"position\":3,\"name\":\"NEMY desk\"}]},{\"@type\":\"WebSite\",\"@id\":\"https:\/\/dev.beltafrajumar.com\/en\/#website\",\"url\":\"https:\/\/dev.beltafrajumar.com\/en\/\",\"name\":\"Belt\u00e1 Frajumar\",\"description\":\"Calidad, Dise\u00f1o y Decoraci\u00f3n de Interiores en Mobiliario Hospitality y Living\",\"publisher\":{\"@id\":\"https:\/\/dev.beltafrajumar.com\/en\/#organization\"},\"alternateName\":\"Fabricante de mobiliario Hospitality y Living\",\"potentialAction\":[{\"@type\":\"SearchAction\",\"target\":{\"@type\":\"EntryPoint\",\"urlTemplate\":\"https:\/\/dev.beltafrajumar.com\/en\/?s={search_term_string}\"},\"query-input\":{\"@type\":\"PropertyValueSpecification\",\"valueRequired\":true,\"valueName\":\"search_term_string\"}}],\"inLanguage\":\"en-US\"},{\"@type\":\"Organization\",\"@id\":\"https:\/\/dev.beltafrajumar.com\/en\/#organization\",\"name\":\"Belt\u00e1 Frajumar\",\"alternateName\":\"Exclusive furniture manufacturer Belt\u00e1 Frajumar\",\"url\":\"https:\/\/dev.beltafrajumar.com\/en\/\",\"logo\":{\"@type\":\"ImageObject\",\"inLanguage\":\"en-US\",\"@id\":\"https:\/\/dev.beltafrajumar.com\/en\/#\/schema\/logo\/image\/\",\"url\":\"https:\/\/dev.beltafrajumar.com\/wp-content\/uploads\/2024\/10\/Logotipo-Belta-Frajumar-patrocinador-de-InterCIDEC-1.jpg\",\"contentUrl\":\"https:\/\/dev.beltafrajumar.com\/wp-content\/uploads\/2024\/10\/Logotipo-Belta-Frajumar-patrocinador-de-InterCIDEC-1.jpg\",\"width\":1080,\"height\":1080,\"caption\":\"Belt\u00e1 Frajumar\"},\"image\":{\"@id\":\"https:\/\/dev.beltafrajumar.com\/en\/#\/schema\/logo\/image\/\"}}]}<\/script>\n<!-- \/ Yoast SEO Premium plugin. -->","yoast_head_json":{"title":"Nemy Desk | Minimalist and Functional Design Belta Frajumar","description":"The Nemy desk combines wood and metal in a minimalist and practical design, ideal for modern spaces that seek style and functionality.","robots":{"index":"noindex","follow":"follow","max-snippet":"max-snippet:-1","max-image-preview":"max-image-preview:large","max-video-preview":"max-video-preview:-1"},"og_locale":"en_US","og_type":"article","og_title":"NEMY desk","og_description":"The Nemy desk combines wood and metal in a minimalist and practical design, ideal for modern spaces that seek style and functionality.","og_url":"https:\/\/dev.beltafrajumar.com\/en\/product\/nemy-desk\/","og_site_name":"Belt\u00e1 Frajumar","article_modified_time":"2024-09-27T09:35:23+00:00","og_image":[{"width":1119,"height":1119,"url":"https:\/\/dev.beltafrajumar.com\/wp-content\/uploads\/2024\/09\/NEMY-escritorio-Mobiliario-Belta-Frajumar.jpg","type":"image\/jpeg"}],"twitter_card":"summary_large_image","twitter_misc":{"Est. reading time":"1 minute"},"schema":{"@context":"https:\/\/schema.org","@graph":[{"@type":"WebPage","@id":"https:\/\/dev.beltafrajumar.com\/en\/product\/nemy-desk\/","url":"https:\/\/dev.beltafrajumar.com\/en\/product\/nemy-desk\/","name":"Nemy Desk | Minimalist and Functional Design Belta Frajumar","isPartOf":{"@id":"https:\/\/dev.beltafrajumar.com\/en\/#website"},"primaryImageOfPage":{"@id":"https:\/\/dev.beltafrajumar.com\/en\/product\/nemy-desk\/#primaryimage"},"image":{"@id":"https:\/\/dev.beltafrajumar.com\/en\/product\/nemy-desk\/#primaryimage"},"thumbnailUrl":"https:\/\/dev.beltafrajumar.com\/wp-content\/uploads\/2024\/09\/NEMY-escritorio-Mobiliario-Belta-Frajumar.jpg","datePublished":"2024-09-17T08:52:29+00:00","dateModified":"2024-09-27T09:35:23+00:00","description":"The Nemy desk combines wood and metal in a minimalist and practical design, ideal for modern spaces that seek style and functionality.","breadcrumb":{"@id":"https:\/\/dev.beltafrajumar.com\/en\/product\/nemy-desk\/#breadcrumb"},"inLanguage":"en-US","potentialAction":[{"@type":"ReadAction","target":["https:\/\/dev.beltafrajumar.com\/en\/product\/nemy-desk\/"]}]},{"@type":"ImageObject","inLanguage":"en-US","@id":"https:\/\/dev.beltafrajumar.com\/en\/product\/nemy-desk\/#primaryimage","url":"https:\/\/dev.beltafrajumar.com\/wp-content\/uploads\/2024\/09\/NEMY-escritorio-Mobiliario-Belta-Frajumar.jpg","contentUrl":"https:\/\/dev.beltafrajumar.com\/wp-content\/uploads\/2024\/09\/NEMY-escritorio-Mobiliario-Belta-Frajumar.jpg","width":1119,"height":1119,"caption":"NEMY desk - Belt\u00e1 Frajumar Furniture"},{"@type":"BreadcrumbList","@id":"https:\/\/dev.beltafrajumar.com\/en\/product\/nemy-desk\/#breadcrumb","itemListElement":[{"@type":"ListItem","position":1,"name":"Portada","item":"https:\/\/dev.beltafrajumar.com\/en\/"},{"@type":"ListItem","position":2,"name":"Custom Furniture Store","item":"https:\/\/dev.beltafrajumar.com\/tienda\/"},{"@type":"ListItem","position":3,"name":"NEMY desk"}]},{"@type":"WebSite","@id":"https:\/\/dev.beltafrajumar.com\/en\/#website","url":"https:\/\/dev.beltafrajumar.com\/en\/","name":"Belt\u00e1 Frajumar","description":"Calidad, Dise\u00f1o y Decoraci\u00f3n de Interiores en Mobiliario Hospitality y Living","publisher":{"@id":"https:\/\/dev.beltafrajumar.com\/en\/#organization"},"alternateName":"Fabricante de mobiliario Hospitality y Living","potentialAction":[{"@type":"SearchAction","target":{"@type":"EntryPoint","urlTemplate":"https:\/\/dev.beltafrajumar.com\/en\/?s={search_term_string}"},"query-input":{"@type":"PropertyValueSpecification","valueRequired":true,"valueName":"search_term_string"}}],"inLanguage":"en-US"},{"@type":"Organization","@id":"https:\/\/dev.beltafrajumar.com\/en\/#organization","name":"Belt\u00e1 Frajumar","alternateName":"Exclusive furniture manufacturer Belt\u00e1 Frajumar","url":"https:\/\/dev.beltafrajumar.com\/en\/","logo":{"@type":"ImageObject","inLanguage":"en-US","@id":"https:\/\/dev.beltafrajumar.com\/en\/#\/schema\/logo\/image\/","url":"https:\/\/dev.beltafrajumar.com\/wp-content\/uploads\/2024\/10\/Logotipo-Belta-Frajumar-patrocinador-de-InterCIDEC-1.jpg","contentUrl":"https:\/\/dev.beltafrajumar.com\/wp-content\/uploads\/2024\/10\/Logotipo-Belta-Frajumar-patrocinador-de-InterCIDEC-1.jpg","width":1080,"height":1080,"caption":"Belt\u00e1 Frajumar"},"image":{"@id":"https:\/\/dev.beltafrajumar.com\/en\/#\/schema\/logo\/image\/"}}]}},"wcpa_form_fields":{"wcpaData":{"product":{"product_price":1762.97,"price_html":"<span class=\"woocommerce-Price-amount amount\"><bdi>1,762.97&nbsp;<span class=\"woocommerce-Price-currencySymbol\">&euro;<\/span><\/bdi><\/span>","original_product_price":1762.97,"price_including_tax":1762.97,"price_excluding_tax":1457,"product_id":{"parent":30078,"variation":false},"is_variable":false,"stock_status":"instock","stock_quantity":null,"parent_sku":"892ES","product_attributes":[],"custom_fields":[],"is_taxable":true,"product_name":"NEMY desk","hasImage":false},"fields":{"sec_86707b43a4deb8":{"extra":{"key":"sec_86707b43a4deb8","section_id":"sec_86707b43a4deb8","name":"Elige Acabado\/Estructura\/Pata","status":1,"cl_rule":"show","enableCl":false,"relations":[],"toggle":true,"title_tag":"h3","show_title":false,"showPrice":"default","form_id":31032,"form_rules":{"exclude_from_discount":false,"fee_label":"Fee","disp_hide_options_price":true,"disp_show_section_price":false,"disp_show_field_price":false,"layout_option":"standard","pric_use_as_fee":false,"process_fee_as":"woo_fee"},"layout_option":"standard"},"fields":[[{"label":"Elige Acabado\/Estructura\/Pata","active":true,"required":true,"elementId":"image-group_56707b43a4df13","name":"image-group_56707b43a4df13","label_position":"default","desc_position":"default","enablePrice":true,"className":"","enableCl":false,"relations":false,"layOut":"inline","disp_size_img":{"width":"60","height":"60"},"enable_popup":"all","disp_type":"square","img_selection_type":"outline","multiple":false,"values":[{"label":"Wengu\u00e9","value":"Wengu\u00e9","selected":false,"image":"https:\/\/dev.beltafrajumar.com\/wp-content\/uploads\/2024\/10\/Pata-Wengue.jpg","thumb":"https:\/\/dev.beltafrajumar.com\/wp-content\/uploads\/2024\/10\/Pata-Wengue-150x150.jpg","tempId":"aco_1193","image_id":30958,"price":"0","thumb_src":"https:\/\/dev.beltafrajumar.com\/wp-content\/uploads\/2024\/10\/Pata-Wengue-150x150.jpg","gt_translate_keys":["label"]},{"label":"Nogal","value":"Nogal","selected":false,"image":"https:\/\/dev.beltafrajumar.com\/wp-content\/uploads\/2024\/10\/Pata-Nogal.jpg","thumb":"https:\/\/dev.beltafrajumar.com\/wp-content\/uploads\/2024\/10\/Pata-Nogal-150x150.jpg","tempId":"aco_635","image_id":30955,"price":"0","thumb_src":"https:\/\/dev.beltafrajumar.com\/wp-content\/uploads\/2024\/10\/Pata-Nogal-150x150.jpg","gt_translate_keys":["label"]},{"label":"Fresno","value":"Fresno","selected":false,"image":"https:\/\/dev.beltafrajumar.com\/wp-content\/uploads\/2024\/10\/Pata-Fresno.jpg","thumb":"https:\/\/dev.beltafrajumar.com\/wp-content\/uploads\/2024\/10\/Pata-Fresno-150x150.jpg","tempId":"aco_636","image_id":30952,"price":"0","thumb_src":"https:\/\/dev.beltafrajumar.com\/wp-content\/uploads\/2024\/10\/Pata-Fresno-150x150.jpg","gt_translate_keys":["label"]},{"label":"Cerezo","value":"Cerezo","selected":false,"image":"https:\/\/dev.beltafrajumar.com\/wp-content\/uploads\/2024\/10\/Cerezo.jpg","thumb":"https:\/\/dev.beltafrajumar.com\/wp-content\/uploads\/2024\/10\/Cerezo-150x150.jpg","tempId":"aco_1337","image_id":31029,"price":"0","thumb_src":"https:\/\/dev.beltafrajumar.com\/wp-content\/uploads\/2024\/10\/Cerezo-150x150.jpg","gt_translate_keys":["label"]},{"label":"Roble","value":"Roble","selected":false,"image":"https:\/\/dev.beltafrajumar.com\/wp-content\/uploads\/2024\/10\/Roble.jpg","thumb":"https:\/\/dev.beltafrajumar.com\/wp-content\/uploads\/2024\/10\/Roble-150x150.jpg","tempId":"aco_1351","image_id":31026,"price":"0","thumb_src":"https:\/\/dev.beltafrajumar.com\/wp-content\/uploads\/2024\/10\/Roble-150x150.jpg","gt_translate_keys":["label"]}],"priceOptions":"different_for_all","pricingType":"fixed","price":"","cl_rule":"show","col":6,"type":"image-group","error":false,"img_preview":true,"img_preview_disable_mobile":false,"gt_translate_keys":["label"],"price_dependency":false,"cl_dependency":false,"value":""}]]}},"config":{"price_override":"","enable_recaptcha":false,"bind_quantity":false,"quantity_bind_formula":false,"disp_summ_show_option_price":true,"disp_summ_show_product_price":true,"disp_summ_show_total_price":true,"disp_summ_show_fee":false,"disp_summ_show_discount":false,"summary_title":"","options_total_label":"Opciones","total_label":"Total","options_product_label":"Precio","fee_label":"Fee","discount_label":"Discount","has_price":true,"has_quantity_formula":false},"mc_unit":1,"tax_rate":1.21,"tax_rate_real":0.21,"discount":{"percentage":0,"fixed":0},"design":{"conf":{"LabelPosition":"above","DescPosition":"above","UploadField":"custom_1","QuantityFieldStyle":"default"},"css":{"LeftLabelWidth":"120px"}},"formulas":[],"clones":false,"cartKey":false}},"_links":{"self":[{"href":"https:\/\/dev.beltafrajumar.com\/en\/wp-json\/wp\/v2\/product\/30078","targetHints":{"allow":["GET"]}}],"collection":[{"href":"https:\/\/dev.beltafrajumar.com\/en\/wp-json\/wp\/v2\/product"}],"about":[{"href":"https:\/\/dev.beltafrajumar.com\/en\/wp-json\/wp\/v2\/types\/product"}],"replies":[{"embeddable":true,"href":"https:\/\/dev.beltafrajumar.com\/en\/wp-json\/wp\/v2\/comments?post=30078"}],"version-history":[{"count":0,"href":"https:\/\/dev.beltafrajumar.com\/en\/wp-json\/wp\/v2\/product\/30078\/revisions"}],"wp:featuredmedia":[{"embeddable":true,"href":"https:\/\/dev.beltafrajumar.com\/en\/wp-json\/wp\/v2\/media\/28412"}],"wp:attachment":[{"href":"https:\/\/dev.beltafrajumar.com\/en\/wp-json\/wp\/v2\/media?parent=30078"}],"wp:term":[{"taxonomy":"product_brand","embeddable":true,"href":"https:\/\/dev.beltafrajumar.com\/en\/wp-json\/wp\/v2\/product_brand?post=30078"},{"taxonomy":"product_cat","embeddable":true,"href":"https:\/\/dev.beltafrajumar.com\/en\/wp-json\/wp\/v2\/product_cat?post=30078"},{"taxonomy":"product_tag","embeddable":true,"href":"https:\/\/dev.beltafrajumar.com\/en\/wp-json\/wp\/v2\/product_tag?post=30078"}],"curies":[{"name":"wp","href":"https:\/\/api.w.org\/{rel}","templated":true}]}}