{"id":18340,"date":"2024-04-04T16:47:11","date_gmt":"2024-04-04T14:47:11","guid":{"rendered":"https:\/\/dev.beltafrajumar.com\/producto\/skon-xs-mirrors-3-units\/"},"modified":"2024-07-31T14:38:38","modified_gmt":"2024-07-31T12:38:38","slug":"skon-xs-mirrors-3-units","status":"publish","type":"product","link":"https:\/\/dev.beltafrajumar.com\/en\/product\/skon-xs-mirrors-3-units\/","title":{"rendered":"SKON XS mirrors (3 units)"},"content":{"rendered":"\t\t<div data-elementor-type=\"product-post\" data-elementor-id=\"18340\" class=\"elementor elementor-18340 elementor-2300\" data-elementor-post-type=\"product\">\n\t\t\t\t<div data-particle_enable=\"false\" data-particle-mobile-disabled=\"false\" class=\"elementor-element elementor-element-cebd9c2 e-flex e-con-boxed wd-section-disabled e-con e-parent\" data-id=\"cebd9c2\" data-element_type=\"container\">\n\t\t\t\t\t<div class=\"e-con-inner\">\n\t\t\t\t<div class=\"elementor-element elementor-element-2d018f4 elementor-widget elementor-widget-wd_image_hotspot\" data-id=\"2d018f4\" data-element_type=\"widget\" data-widget_type=\"wd_image_hotspot.default\">\n\t\t\t\t<div class=\"elementor-widget-container\">\n\t\t\t\t\t\t\t<div class=\"wd-image-hotspot-wrapper hotspot-action-hover hotspot-icon-default color-scheme- wd-hotspot-static\">\n\t\t\t<div class=\"wd-image-hotspot-hotspots\">\n\t\t\t\t\t\t\t\t\t<img decoding=\"async\" class=\"wd-image-hotspot-img\" src=\"https:\/\/dev.beltafrajumar.com\/wp-content\/uploads\/2024\/04\/SKON-espejo-Mobiliario-Hosteleria-Belta-Frajumar_1.jpg\" alt=\"SKON espejo - Mobiliario Hosteler\u00eda Belt\u00e1 Frajumar_1\" title=\"SKON espejo &#8211; Mobiliario Hosteler\u00eda Belt\u00e1 Frajumar_1\">\t\t\t\t\n\t\t\t\t\t\t\t\t\t\t\t\t\t\t<div class=\"wd-image-hotspot hotspot-type-product elementor-repeater-item-4f87f92\">\n\t\t\t\t\t\t<span class=\"hotspot-sonar\"><\/span>\n\t\t\t\t\t\t<div class=\"hotspot-btn wd-fill\"><\/div>\n\n\t\t\t\t\t\t\t\t\t\t\t\t\t<div class=\"hotspot-product hotspot-content wd-scroll hotspot-dropdown-bottom\">\n\t\t\t\t\t\t\t\t<div class=\"hotspot-content-image\">\n\t\t\t\t\t\t\t\t\t<a href=\"https:\/\/dev.beltafrajumar.com\/en\/product\/skon-xl-mirror\/\">\n\t\t\t\t\t\t\t\t\t\t<img fetchpriority=\"high\" decoding=\"async\" width=\"600\" height=\"600\" src=\"https:\/\/dev.beltafrajumar.com\/wp-content\/uploads\/2024\/04\/SKON-XL-espejo-600x600.jpg\" class=\"attachment-woocommerce_thumbnail size-woocommerce_thumbnail\" alt=\"SKON XL mirror - Belt\u00e1 Frajumar Furniture\" srcset=\"https:\/\/dev.beltafrajumar.com\/wp-content\/uploads\/2024\/04\/SKON-XL-espejo-600x600.jpg 600w, https:\/\/dev.beltafrajumar.com\/wp-content\/uploads\/2024\/04\/SKON-XL-espejo-200x200.jpg 200w, https:\/\/dev.beltafrajumar.com\/wp-content\/uploads\/2024\/04\/SKON-XL-espejo-700x700.jpg 700w, https:\/\/dev.beltafrajumar.com\/wp-content\/uploads\/2024\/04\/SKON-XL-espejo-300x300.jpg 300w, https:\/\/dev.beltafrajumar.com\/wp-content\/uploads\/2024\/04\/SKON-XL-espejo-150x150.jpg 150w, https:\/\/dev.beltafrajumar.com\/wp-content\/uploads\/2024\/04\/SKON-XL-espejo-768x768.jpg 768w, https:\/\/dev.beltafrajumar.com\/wp-content\/uploads\/2024\/04\/SKON-XL-espejo-1536x1536.jpg 1536w, https:\/\/dev.beltafrajumar.com\/wp-content\/uploads\/2024\/04\/SKON-XL-espejo-1200x1200.jpg 1200w, https:\/\/dev.beltafrajumar.com\/wp-content\/uploads\/2024\/04\/SKON-XL-espejo.jpg 1554w\" sizes=\"(max-width: 600px) 100vw, 600px\" \/>\t\t\t\t\t\t\t\t\t<\/a>\n\t\t\t\t\t\t\t\t<\/div>\n\t\t\t\t\t\t\t\t\n\t\t\t\t\t\t\t\t<h4 class=\"wd-entities-title\">\n\t\t\t\t\t\t\t\t\t<a href=\"https:\/\/dev.beltafrajumar.com\/en\/product\/skon-xl-mirror\/\">\n\t\t\t\t\t\t\t\t\t\tSKON XL mirror\t\t\t\t\t\t\t\t\t<\/a>\n\t\t\t\t\t\t\t\t<\/h4>\n\t\t\t\t\t\t\t\t\n\t\t\t\t\t\t\t\t\t\t\t\t\t\t\t\t\t\t\t\t\t\t\t\t\t\t\t\t\t\t\t\t\t\n\t\t\t\t\t\t\t\t<div class=\"price\">\n\t\t\t\t\t\t\t\t\t<span class=\"woocommerce-Price-amount amount\"><bdi>569.91&nbsp;<span class=\"woocommerce-Price-currencySymbol\">&euro;<\/span><\/bdi><\/span>\t\t\t\t\t\t\t\t<\/div>\n\t\t\t\t\t\t\t\t\n\t\t\t\t\t\t\t\t<div class=\"hotspot-content-text wd-more-desc set-cont-mb-s reset-last-child\">\n\t\t\t\t\t\t\t\t\t<div class=\"wd-more-desc-inner\">\n\t\t\t\t\t\t\t\t\t\tPlayful elegance, organic expression and Mediterranean minimalism, these are the differentiating terms of the Skon series: the basics laid bare, without complications. A totally unique mirror, open glass and central vision: feeling of intimacy and pleasure. In size XS, L or XL. XL model prepared to hang vertically or horizontally.\n\n\t\t\t\t\t\t\t\t\t<\/div>\n\t\t\t\t\t\t\t\t\t<a href=\"#\" rel=\"nofollow\" class=\"wd-more-desc-btn\"  aria-label=\"Read more description button\"><span><\/span><\/a>\n\t\t\t\t\t\t\t\t<\/div>\n\t\t\t\t\t\t\t\t\n\t\t\t\t\t\t\t\t<a href=\"https:\/\/dev.beltafrajumar.com\/en\/product\/skon-xl-mirror\/\" class=\"button product_type_simple add_to_cart_button\" data-product_id=\"18345\" rel=\"nofollow\">\n\t\t\t\t\t\t\t\t\tSelect Options\t\t\t\t\t\t\t\t<\/a>\n\t\t\t\t\t\t\t<\/div>\n\t\t\t\t\t\t\t\t\t\t\t<\/div>\n\t\t\t\t\t\t\t\t\t\t\t\t\t\t<div class=\"wd-image-hotspot hotspot-type-product elementor-repeater-item-363b7b8\">\n\t\t\t\t\t\t<span class=\"hotspot-sonar\"><\/span>\n\t\t\t\t\t\t<div class=\"hotspot-btn wd-fill\"><\/div>\n\n\t\t\t\t\t\t\t\t\t\t\t\t\t<div class=\"hotspot-product hotspot-content wd-scroll hotspot-dropdown-left\">\n\t\t\t\t\t\t\t\t<div class=\"hotspot-content-image\">\n\t\t\t\t\t\t\t\t\t<a href=\"https:\/\/dev.beltafrajumar.com\/en\/product\/skon-xs-mirrors-3-units\/\">\n\t\t\t\t\t\t\t\t\t\t<img decoding=\"async\" width=\"600\" height=\"600\" src=\"https:\/\/dev.beltafrajumar.com\/wp-content\/uploads\/2024\/04\/SKON-XS-espejos-3Uds-600x600.jpg\" class=\"attachment-woocommerce_thumbnail size-woocommerce_thumbnail\" alt=\"SKON XS mirrors (3 units) - Belt\u00e1 Frajumar Furniture\" srcset=\"https:\/\/dev.beltafrajumar.com\/wp-content\/uploads\/2024\/04\/SKON-XS-espejos-3Uds-600x600.jpg 600w, https:\/\/dev.beltafrajumar.com\/wp-content\/uploads\/2024\/04\/SKON-XS-espejos-3Uds-200x200.jpg 200w, https:\/\/dev.beltafrajumar.com\/wp-content\/uploads\/2024\/04\/SKON-XS-espejos-3Uds-700x700.jpg 700w, https:\/\/dev.beltafrajumar.com\/wp-content\/uploads\/2024\/04\/SKON-XS-espejos-3Uds-300x300.jpg 300w, https:\/\/dev.beltafrajumar.com\/wp-content\/uploads\/2024\/04\/SKON-XS-espejos-3Uds-150x150.jpg 150w, https:\/\/dev.beltafrajumar.com\/wp-content\/uploads\/2024\/04\/SKON-XS-espejos-3Uds-768x768.jpg 768w, https:\/\/dev.beltafrajumar.com\/wp-content\/uploads\/2024\/04\/SKON-XS-espejos-3Uds.jpg 1000w\" sizes=\"(max-width: 600px) 100vw, 600px\" \/>\t\t\t\t\t\t\t\t\t<\/a>\n\t\t\t\t\t\t\t\t<\/div>\n\t\t\t\t\t\t\t\t\n\t\t\t\t\t\t\t\t<h4 class=\"wd-entities-title\">\n\t\t\t\t\t\t\t\t\t<a href=\"https:\/\/dev.beltafrajumar.com\/en\/product\/skon-xs-mirrors-3-units\/\">\n\t\t\t\t\t\t\t\t\t\tSKON XS mirrors (3 units)\t\t\t\t\t\t\t\t\t<\/a>\n\t\t\t\t\t\t\t\t<\/h4>\n\t\t\t\t\t\t\t\t\n\t\t\t\t\t\t\t\t\t\t\t\t\t\t\t\t\t\t\t\t\t\t\t\t\t\t\t\t\t\t\t\t\t\n\t\t\t\t\t\t\t\t<div class=\"price\">\n\t\t\t\t\t\t\t\t\t<span class=\"woocommerce-Price-amount amount\"><bdi>678.81&nbsp;<span class=\"woocommerce-Price-currencySymbol\">&euro;<\/span><\/bdi><\/span>\t\t\t\t\t\t\t\t<\/div>\n\t\t\t\t\t\t\t\t\n\t\t\t\t\t\t\t\t<div class=\"hotspot-content-text wd-more-desc set-cont-mb-s reset-last-child\">\n\t\t\t\t\t\t\t\t\t<div class=\"wd-more-desc-inner\">\n\t\t\t\t\t\t\t\t\t\tA totally unique mirror, open glass and central vision: feeling of intimacy and pleasure. In size XS, this mirror set is made up of 3 unique pieces of solid wood in different Ash, Oak and Walnut finishes.\n\n\t\t\t\t\t\t\t\t\t<\/div>\n\t\t\t\t\t\t\t\t\t<a href=\"#\" rel=\"nofollow\" class=\"wd-more-desc-btn\"  aria-label=\"Read more description button\"><span><\/span><\/a>\n\t\t\t\t\t\t\t\t<\/div>\n\t\t\t\t\t\t\t\t\n\t\t\t\t\t\t\t\t<a href=\"https:\/\/dev.beltafrajumar.com\/en\/product\/skon-xs-mirrors-3-units\/\" class=\"button product_type_simple add_to_cart_button\" data-product_id=\"18340\" rel=\"nofollow\">\n\t\t\t\t\t\t\t\t\tSelect Options\t\t\t\t\t\t\t\t<\/a>\n\t\t\t\t\t\t\t<\/div>\n\t\t\t\t\t\t\t\t\t\t\t<\/div>\n\t\t\t\t\t\t\t<\/div>\n\t\t<\/div>\n\t\t\t\t\t\t<\/div>\n\t\t\t\t<\/div>\n\t\t\t\t\t<\/div>\n\t\t\t\t<\/div>\n\t\t\t\t<\/div>\n\t\t","protected":false},"excerpt":{"rendered":"<p>A totally unique mirror, open glass and central vision: feeling of intimacy and pleasure. In size XS, this mirror set is made up of 3 unique pieces of solid wood in different Ash, Oak and Walnut finishes.<\/p>\n[html_block id=\"5080\"]\n","protected":false},"featured_media":15786,"comment_status":"closed","ping_status":"closed","template":"","meta":{"_acf_changed":false},"product_brand":[],"product_cat":[853,852,2336,870,894,880],"product_tag":[1831,2345,2337,2348],"class_list":{"0":"post-18340","1":"product","2":"type-product","3":"status-publish","4":"has-post-thumbnail","6":"product_cat-contract-furniture","7":"product_cat-home-furnishings","8":"product_cat-offer","9":"product_cat-fast-delivery","10":"product_cat-home-accessories","11":"product_cat-hotel-mirrors","12":"product_tag-arbel-en","13":"product_tag-mirrors","14":"product_tag-november","15":"product_tag-online-sales","16":"wcpa_has_options","18":"first","19":"instock","20":"taxable","21":"shipping-taxable","22":"purchasable","23":"product-type-simple"},"acf":[],"yoast_head":"<!-- This site is optimized with the Yoast SEO Premium plugin v24.2 (Yoast SEO v25.3.1) - https:\/\/yoast.com\/wordpress\/plugins\/seo\/ -->\n<title>SKON XS mirrors (3 units) | Wall mirrors | Belt\u00e1 Frajumar<\/title>\n<meta name=\"description\" content=\"A totally unique mirror, open glass and central vision: feeling of intimacy and pleasure. In size XS, this mirror set is made up of 3 unique pieces of solid wood in different Ash, Oak and Walnut finishes.\" \/>\n<meta name=\"robots\" content=\"noindex, follow, max-snippet:-1, max-image-preview:large, max-video-preview:-1\" \/>\n<meta property=\"og:locale\" content=\"en_US\" \/>\n<meta property=\"og:type\" content=\"article\" \/>\n<meta property=\"og:title\" content=\"SKON XS mirrors (3 units)\" \/>\n<meta property=\"og:description\" content=\"A totally unique mirror, open glass and central vision: feeling of intimacy and pleasure. In size XS, this mirror set is made up of 3 unique pieces of solid wood in different Ash, Oak and Walnut finishes.\" \/>\n<meta property=\"og:url\" content=\"https:\/\/dev.beltafrajumar.com\/en\/product\/skon-xs-mirrors-3-units\/\" \/>\n<meta property=\"og:site_name\" content=\"Belt\u00e1 Frajumar\" \/>\n<meta property=\"article:modified_time\" content=\"2024-07-31T12:38:38+00:00\" \/>\n<meta property=\"og:image\" content=\"https:\/\/dev.beltafrajumar.com\/wp-content\/uploads\/2024\/04\/SKON-XS-espejos-3Uds.jpg\" \/>\n\t<meta property=\"og:image:width\" content=\"1000\" \/>\n\t<meta property=\"og:image:height\" content=\"1000\" \/>\n\t<meta property=\"og:image:type\" content=\"image\/jpeg\" \/>\n<meta name=\"twitter:card\" content=\"summary_large_image\" \/>\n<meta name=\"twitter:label1\" content=\"Est. reading time\" \/>\n\t<meta name=\"twitter:data1\" content=\"1 minute\" \/>\n<script type=\"application\/ld+json\" class=\"yoast-schema-graph\">{\"@context\":\"https:\/\/schema.org\",\"@graph\":[{\"@type\":\"WebPage\",\"@id\":\"https:\/\/dev.beltafrajumar.com\/en\/product\/skon-xs-mirrors-3-units\/\",\"url\":\"https:\/\/dev.beltafrajumar.com\/en\/product\/skon-xs-mirrors-3-units\/\",\"name\":\"SKON XS mirrors (3 units) | Wall mirrors | Belt\u00e1 Frajumar\",\"isPartOf\":{\"@id\":\"https:\/\/dev.beltafrajumar.com\/en\/#website\"},\"primaryImageOfPage\":{\"@id\":\"https:\/\/dev.beltafrajumar.com\/en\/product\/skon-xs-mirrors-3-units\/#primaryimage\"},\"image\":{\"@id\":\"https:\/\/dev.beltafrajumar.com\/en\/product\/skon-xs-mirrors-3-units\/#primaryimage\"},\"thumbnailUrl\":\"https:\/\/dev.beltafrajumar.com\/wp-content\/uploads\/2024\/04\/SKON-XS-espejos-3Uds.jpg\",\"datePublished\":\"2024-04-04T14:47:11+00:00\",\"dateModified\":\"2024-07-31T12:38:38+00:00\",\"description\":\"A totally unique mirror, open glass and central vision: feeling of intimacy and pleasure. In size XS, this mirror set is made up of 3 unique pieces of solid wood in different Ash, Oak and Walnut finishes.\",\"breadcrumb\":{\"@id\":\"https:\/\/dev.beltafrajumar.com\/en\/product\/skon-xs-mirrors-3-units\/#breadcrumb\"},\"inLanguage\":\"en-US\",\"potentialAction\":[{\"@type\":\"ReadAction\",\"target\":[\"https:\/\/dev.beltafrajumar.com\/en\/product\/skon-xs-mirrors-3-units\/\"]}]},{\"@type\":\"ImageObject\",\"inLanguage\":\"en-US\",\"@id\":\"https:\/\/dev.beltafrajumar.com\/en\/product\/skon-xs-mirrors-3-units\/#primaryimage\",\"url\":\"https:\/\/dev.beltafrajumar.com\/wp-content\/uploads\/2024\/04\/SKON-XS-espejos-3Uds.jpg\",\"contentUrl\":\"https:\/\/dev.beltafrajumar.com\/wp-content\/uploads\/2024\/04\/SKON-XS-espejos-3Uds.jpg\",\"width\":1000,\"height\":1000,\"caption\":\"SKON XS mirrors (3 units) - Belt\u00e1 Frajumar Furniture\"},{\"@type\":\"BreadcrumbList\",\"@id\":\"https:\/\/dev.beltafrajumar.com\/en\/product\/skon-xs-mirrors-3-units\/#breadcrumb\",\"itemListElement\":[{\"@type\":\"ListItem\",\"position\":1,\"name\":\"Portada\",\"item\":\"https:\/\/dev.beltafrajumar.com\/en\/\"},{\"@type\":\"ListItem\",\"position\":2,\"name\":\"Custom Furniture Store\",\"item\":\"https:\/\/dev.beltafrajumar.com\/tienda\/\"},{\"@type\":\"ListItem\",\"position\":3,\"name\":\"SKON XS mirrors (3 units)\"}]},{\"@type\":\"WebSite\",\"@id\":\"https:\/\/dev.beltafrajumar.com\/en\/#website\",\"url\":\"https:\/\/dev.beltafrajumar.com\/en\/\",\"name\":\"Belt\u00e1 Frajumar\",\"description\":\"Calidad, Dise\u00f1o y Decoraci\u00f3n de Interiores en Mobiliario Hospitality y Living\",\"publisher\":{\"@id\":\"https:\/\/dev.beltafrajumar.com\/en\/#organization\"},\"alternateName\":\"Fabricante de mobiliario Hospitality y Living\",\"potentialAction\":[{\"@type\":\"SearchAction\",\"target\":{\"@type\":\"EntryPoint\",\"urlTemplate\":\"https:\/\/dev.beltafrajumar.com\/en\/?s={search_term_string}\"},\"query-input\":{\"@type\":\"PropertyValueSpecification\",\"valueRequired\":true,\"valueName\":\"search_term_string\"}}],\"inLanguage\":\"en-US\"},{\"@type\":\"Organization\",\"@id\":\"https:\/\/dev.beltafrajumar.com\/en\/#organization\",\"name\":\"Belt\u00e1 Frajumar\",\"alternateName\":\"Exclusive furniture manufacturer Belt\u00e1 Frajumar\",\"url\":\"https:\/\/dev.beltafrajumar.com\/en\/\",\"logo\":{\"@type\":\"ImageObject\",\"inLanguage\":\"en-US\",\"@id\":\"https:\/\/dev.beltafrajumar.com\/en\/#\/schema\/logo\/image\/\",\"url\":\"https:\/\/dev.beltafrajumar.com\/wp-content\/uploads\/2024\/10\/Logotipo-Belta-Frajumar-patrocinador-de-InterCIDEC-1.jpg\",\"contentUrl\":\"https:\/\/dev.beltafrajumar.com\/wp-content\/uploads\/2024\/10\/Logotipo-Belta-Frajumar-patrocinador-de-InterCIDEC-1.jpg\",\"width\":1080,\"height\":1080,\"caption\":\"Belt\u00e1 Frajumar\"},\"image\":{\"@id\":\"https:\/\/dev.beltafrajumar.com\/en\/#\/schema\/logo\/image\/\"}}]}<\/script>\n<!-- \/ Yoast SEO Premium plugin. -->","yoast_head_json":{"title":"SKON XS mirrors (3 units) | Wall mirrors | Belt\u00e1 Frajumar","description":"A totally unique mirror, open glass and central vision: feeling of intimacy and pleasure. In size XS, this mirror set is made up of 3 unique pieces of solid wood in different Ash, Oak and Walnut finishes.","robots":{"index":"noindex","follow":"follow","max-snippet":"max-snippet:-1","max-image-preview":"max-image-preview:large","max-video-preview":"max-video-preview:-1"},"og_locale":"en_US","og_type":"article","og_title":"SKON XS mirrors (3 units)","og_description":"A totally unique mirror, open glass and central vision: feeling of intimacy and pleasure. In size XS, this mirror set is made up of 3 unique pieces of solid wood in different Ash, Oak and Walnut finishes.","og_url":"https:\/\/dev.beltafrajumar.com\/en\/product\/skon-xs-mirrors-3-units\/","og_site_name":"Belt\u00e1 Frajumar","article_modified_time":"2024-07-31T12:38:38+00:00","og_image":[{"width":1000,"height":1000,"url":"https:\/\/dev.beltafrajumar.com\/wp-content\/uploads\/2024\/04\/SKON-XS-espejos-3Uds.jpg","type":"image\/jpeg"}],"twitter_card":"summary_large_image","twitter_misc":{"Est. reading time":"1 minute"},"schema":{"@context":"https:\/\/schema.org","@graph":[{"@type":"WebPage","@id":"https:\/\/dev.beltafrajumar.com\/en\/product\/skon-xs-mirrors-3-units\/","url":"https:\/\/dev.beltafrajumar.com\/en\/product\/skon-xs-mirrors-3-units\/","name":"SKON XS mirrors (3 units) | Wall mirrors | Belt\u00e1 Frajumar","isPartOf":{"@id":"https:\/\/dev.beltafrajumar.com\/en\/#website"},"primaryImageOfPage":{"@id":"https:\/\/dev.beltafrajumar.com\/en\/product\/skon-xs-mirrors-3-units\/#primaryimage"},"image":{"@id":"https:\/\/dev.beltafrajumar.com\/en\/product\/skon-xs-mirrors-3-units\/#primaryimage"},"thumbnailUrl":"https:\/\/dev.beltafrajumar.com\/wp-content\/uploads\/2024\/04\/SKON-XS-espejos-3Uds.jpg","datePublished":"2024-04-04T14:47:11+00:00","dateModified":"2024-07-31T12:38:38+00:00","description":"A totally unique mirror, open glass and central vision: feeling of intimacy and pleasure. In size XS, this mirror set is made up of 3 unique pieces of solid wood in different Ash, Oak and Walnut finishes.","breadcrumb":{"@id":"https:\/\/dev.beltafrajumar.com\/en\/product\/skon-xs-mirrors-3-units\/#breadcrumb"},"inLanguage":"en-US","potentialAction":[{"@type":"ReadAction","target":["https:\/\/dev.beltafrajumar.com\/en\/product\/skon-xs-mirrors-3-units\/"]}]},{"@type":"ImageObject","inLanguage":"en-US","@id":"https:\/\/dev.beltafrajumar.com\/en\/product\/skon-xs-mirrors-3-units\/#primaryimage","url":"https:\/\/dev.beltafrajumar.com\/wp-content\/uploads\/2024\/04\/SKON-XS-espejos-3Uds.jpg","contentUrl":"https:\/\/dev.beltafrajumar.com\/wp-content\/uploads\/2024\/04\/SKON-XS-espejos-3Uds.jpg","width":1000,"height":1000,"caption":"SKON XS mirrors (3 units) - Belt\u00e1 Frajumar Furniture"},{"@type":"BreadcrumbList","@id":"https:\/\/dev.beltafrajumar.com\/en\/product\/skon-xs-mirrors-3-units\/#breadcrumb","itemListElement":[{"@type":"ListItem","position":1,"name":"Portada","item":"https:\/\/dev.beltafrajumar.com\/en\/"},{"@type":"ListItem","position":2,"name":"Custom Furniture Store","item":"https:\/\/dev.beltafrajumar.com\/tienda\/"},{"@type":"ListItem","position":3,"name":"SKON XS mirrors (3 units)"}]},{"@type":"WebSite","@id":"https:\/\/dev.beltafrajumar.com\/en\/#website","url":"https:\/\/dev.beltafrajumar.com\/en\/","name":"Belt\u00e1 Frajumar","description":"Calidad, Dise\u00f1o y Decoraci\u00f3n de Interiores en Mobiliario Hospitality y Living","publisher":{"@id":"https:\/\/dev.beltafrajumar.com\/en\/#organization"},"alternateName":"Fabricante de mobiliario Hospitality y Living","potentialAction":[{"@type":"SearchAction","target":{"@type":"EntryPoint","urlTemplate":"https:\/\/dev.beltafrajumar.com\/en\/?s={search_term_string}"},"query-input":{"@type":"PropertyValueSpecification","valueRequired":true,"valueName":"search_term_string"}}],"inLanguage":"en-US"},{"@type":"Organization","@id":"https:\/\/dev.beltafrajumar.com\/en\/#organization","name":"Belt\u00e1 Frajumar","alternateName":"Exclusive furniture manufacturer Belt\u00e1 Frajumar","url":"https:\/\/dev.beltafrajumar.com\/en\/","logo":{"@type":"ImageObject","inLanguage":"en-US","@id":"https:\/\/dev.beltafrajumar.com\/en\/#\/schema\/logo\/image\/","url":"https:\/\/dev.beltafrajumar.com\/wp-content\/uploads\/2024\/10\/Logotipo-Belta-Frajumar-patrocinador-de-InterCIDEC-1.jpg","contentUrl":"https:\/\/dev.beltafrajumar.com\/wp-content\/uploads\/2024\/10\/Logotipo-Belta-Frajumar-patrocinador-de-InterCIDEC-1.jpg","width":1080,"height":1080,"caption":"Belt\u00e1 Frajumar"},"image":{"@id":"https:\/\/dev.beltafrajumar.com\/en\/#\/schema\/logo\/image\/"}}]}},"wcpa_form_fields":{"wcpaData":{"product":{"product_price":678.81,"price_html":"<span class=\"woocommerce-Price-amount amount\"><bdi>678.81&nbsp;<span class=\"woocommerce-Price-currencySymbol\">&euro;<\/span><\/bdi><\/span>","original_product_price":678.81,"price_including_tax":678.81,"price_excluding_tax":561,"product_id":{"parent":18340,"variation":false},"is_variable":false,"stock_status":"instock","stock_quantity":163,"parent_sku":"879xs","product_attributes":{"pa_selecciona-acabado":{"is_variation":false,"values":["ash-tree","oak","walnut"]}},"custom_fields":[],"is_taxable":true,"product_name":"SKON XS mirrors (3 units)","hasImage":false},"fields":{"sec_86707b43a4deb8":{"extra":{"key":"sec_86707b43a4deb8","section_id":"sec_86707b43a4deb8","name":"Elige Acabado\/Estructura\/Pata","status":1,"cl_rule":"show","enableCl":false,"relations":[],"toggle":true,"title_tag":"h3","show_title":false,"showPrice":"default","form_id":31032,"form_rules":{"exclude_from_discount":false,"fee_label":"Fee","disp_hide_options_price":true,"disp_show_section_price":false,"disp_show_field_price":false,"layout_option":"standard","pric_use_as_fee":false,"process_fee_as":"woo_fee"},"layout_option":"standard"},"fields":[[{"label":"Elige Acabado\/Estructura\/Pata","active":true,"required":true,"elementId":"image-group_56707b43a4df13","name":"image-group_56707b43a4df13","label_position":"default","desc_position":"default","enablePrice":true,"className":"","enableCl":false,"relations":false,"layOut":"inline","disp_size_img":{"width":"60","height":"60"},"enable_popup":"all","disp_type":"square","img_selection_type":"outline","multiple":false,"values":[{"label":"Wengu\u00e9","value":"Wengu\u00e9","selected":false,"image":"https:\/\/dev.beltafrajumar.com\/wp-content\/uploads\/2024\/10\/Pata-Wengue.jpg","thumb":"https:\/\/dev.beltafrajumar.com\/wp-content\/uploads\/2024\/10\/Pata-Wengue-150x150.jpg","tempId":"aco_1193","image_id":30958,"price":"0","thumb_src":"https:\/\/dev.beltafrajumar.com\/wp-content\/uploads\/2024\/10\/Pata-Wengue-150x150.jpg","gt_translate_keys":["label"]},{"label":"Nogal","value":"Nogal","selected":false,"image":"https:\/\/dev.beltafrajumar.com\/wp-content\/uploads\/2024\/10\/Pata-Nogal.jpg","thumb":"https:\/\/dev.beltafrajumar.com\/wp-content\/uploads\/2024\/10\/Pata-Nogal-150x150.jpg","tempId":"aco_635","image_id":30955,"price":"0","thumb_src":"https:\/\/dev.beltafrajumar.com\/wp-content\/uploads\/2024\/10\/Pata-Nogal-150x150.jpg","gt_translate_keys":["label"]},{"label":"Fresno","value":"Fresno","selected":false,"image":"https:\/\/dev.beltafrajumar.com\/wp-content\/uploads\/2024\/10\/Pata-Fresno.jpg","thumb":"https:\/\/dev.beltafrajumar.com\/wp-content\/uploads\/2024\/10\/Pata-Fresno-150x150.jpg","tempId":"aco_636","image_id":30952,"price":"0","thumb_src":"https:\/\/dev.beltafrajumar.com\/wp-content\/uploads\/2024\/10\/Pata-Fresno-150x150.jpg","gt_translate_keys":["label"]},{"label":"Cerezo","value":"Cerezo","selected":false,"image":"https:\/\/dev.beltafrajumar.com\/wp-content\/uploads\/2024\/10\/Cerezo.jpg","thumb":"https:\/\/dev.beltafrajumar.com\/wp-content\/uploads\/2024\/10\/Cerezo-150x150.jpg","tempId":"aco_1337","image_id":31029,"price":"0","thumb_src":"https:\/\/dev.beltafrajumar.com\/wp-content\/uploads\/2024\/10\/Cerezo-150x150.jpg","gt_translate_keys":["label"]},{"label":"Roble","value":"Roble","selected":false,"image":"https:\/\/dev.beltafrajumar.com\/wp-content\/uploads\/2024\/10\/Roble.jpg","thumb":"https:\/\/dev.beltafrajumar.com\/wp-content\/uploads\/2024\/10\/Roble-150x150.jpg","tempId":"aco_1351","image_id":31026,"price":"0","thumb_src":"https:\/\/dev.beltafrajumar.com\/wp-content\/uploads\/2024\/10\/Roble-150x150.jpg","gt_translate_keys":["label"]}],"priceOptions":"different_for_all","pricingType":"fixed","price":"","cl_rule":"show","col":6,"type":"image-group","error":false,"img_preview":true,"img_preview_disable_mobile":false,"gt_translate_keys":["label"],"price_dependency":false,"cl_dependency":false,"value":""}]]}},"config":{"price_override":"","enable_recaptcha":false,"bind_quantity":false,"quantity_bind_formula":false,"disp_summ_show_option_price":true,"disp_summ_show_product_price":true,"disp_summ_show_total_price":true,"disp_summ_show_fee":false,"disp_summ_show_discount":false,"summary_title":"","options_total_label":"Opciones","total_label":"Total","options_product_label":"Precio","fee_label":"Fee","discount_label":"Discount","has_price":true,"has_quantity_formula":false},"mc_unit":1,"tax_rate":1.21,"tax_rate_real":0.21,"discount":{"percentage":0,"fixed":0},"design":{"conf":{"LabelPosition":"above","DescPosition":"above","UploadField":"custom_1","QuantityFieldStyle":"default"},"css":{"LeftLabelWidth":"120px"}},"formulas":[],"clones":false,"cartKey":false}},"_links":{"self":[{"href":"https:\/\/dev.beltafrajumar.com\/en\/wp-json\/wp\/v2\/product\/18340","targetHints":{"allow":["GET"]}}],"collection":[{"href":"https:\/\/dev.beltafrajumar.com\/en\/wp-json\/wp\/v2\/product"}],"about":[{"href":"https:\/\/dev.beltafrajumar.com\/en\/wp-json\/wp\/v2\/types\/product"}],"replies":[{"embeddable":true,"href":"https:\/\/dev.beltafrajumar.com\/en\/wp-json\/wp\/v2\/comments?post=18340"}],"version-history":[{"count":0,"href":"https:\/\/dev.beltafrajumar.com\/en\/wp-json\/wp\/v2\/product\/18340\/revisions"}],"wp:featuredmedia":[{"embeddable":true,"href":"https:\/\/dev.beltafrajumar.com\/en\/wp-json\/wp\/v2\/media\/15786"}],"wp:attachment":[{"href":"https:\/\/dev.beltafrajumar.com\/en\/wp-json\/wp\/v2\/media?parent=18340"}],"wp:term":[{"taxonomy":"product_brand","embeddable":true,"href":"https:\/\/dev.beltafrajumar.com\/en\/wp-json\/wp\/v2\/product_brand?post=18340"},{"taxonomy":"product_cat","embeddable":true,"href":"https:\/\/dev.beltafrajumar.com\/en\/wp-json\/wp\/v2\/product_cat?post=18340"},{"taxonomy":"product_tag","embeddable":true,"href":"https:\/\/dev.beltafrajumar.com\/en\/wp-json\/wp\/v2\/product_tag?post=18340"}],"curies":[{"name":"wp","href":"https:\/\/api.w.org\/{rel}","templated":true}]}}