{"id":18064,"date":"2024-04-04T16:47:22","date_gmt":"2024-04-04T14:47:22","guid":{"rendered":"https:\/\/dev.beltafrajumar.com\/producto\/true-sofa-bed\/"},"modified":"2024-06-11T16:37:34","modified_gmt":"2024-06-11T14:37:34","slug":"true-sofa-bed","status":"publish","type":"product","link":"https:\/\/dev.beltafrajumar.com\/en\/product\/true-sofa-bed\/","title":{"rendered":"TRUE sofa bed"},"content":{"rendered":"\t\t<div data-elementor-type=\"product-post\" data-elementor-id=\"18064\" class=\"elementor elementor-18064 elementor-2380\" data-elementor-post-type=\"product\">\n\t\t\t\t<div data-particle_enable=\"false\" data-particle-mobile-disabled=\"false\" class=\"elementor-element elementor-element-09fdc4e e-flex e-con-boxed wd-section-disabled e-con e-parent\" data-id=\"09fdc4e\" data-element_type=\"container\">\n\t\t\t\t\t<div class=\"e-con-inner\">\n\t\t\t\t<div class=\"elementor-element elementor-element-8b0472a elementor-widget elementor-widget-wd_image_hotspot\" data-id=\"8b0472a\" data-element_type=\"widget\" data-widget_type=\"wd_image_hotspot.default\">\n\t\t\t\t<div class=\"elementor-widget-container\">\n\t\t\t\t\t\t\t<div class=\"wd-image-hotspot-wrapper hotspot-action-hover hotspot-icon-default color-scheme- wd-hotspot-static\">\n\t\t\t<div class=\"wd-image-hotspot-hotspots\">\n\t\t\t\t\t\t\t\t\t<img decoding=\"async\" class=\"wd-image-hotspot-img\" src=\"https:\/\/dev.beltafrajumar.com\/wp-content\/uploads\/2024\/04\/TRUE-sofa-cama-1.jpg\" alt=\"TRUE sof\u00e1 cama - Mobiliario Belt\u00e1 Frajumar\" title=\"TRUE sof\u00e1 cama &#8211; Mobiliario Belt\u00e1 Frajumar\">\t\t\t\t\n\t\t\t\t\t\t\t\t\t\t\t\t\t\t<div class=\"wd-image-hotspot hotspot-type-text elementor-repeater-item-47ee23f\">\n\t\t\t\t\t\t<span class=\"hotspot-sonar\"><\/span>\n\t\t\t\t\t\t<div class=\"hotspot-btn wd-fill\"><\/div>\n\n\t\t\t\t\t\t\t\t\t\t\t\t\t<div class=\"hotspot-text hotspot-content hotspot-dropdown-top\">\n\t\t\t\t\t\t\t\t<div class=\"hotspot-content-image\">\n\t\t\t\t\t\t\t\t\t\t\t\t\t\t\t\t\t<\/div>\n\t\t\t\t\t\t\t\t\n\t\t\t\t\t\t\t\t<h4 class=\"wd-entities-title\">\n\t\t\t\t\t\t\t\t\tHospitality Furniture Belt\u00e1 Frajumar\t\t\t\t\t\t\t\t<\/h4>\n\t\t\t\t\t\t\t\t\n\t\t\t\t\t\t\t\t<div class=\"hotspot-content-text set-cont-mb-s reset-last-child\">\n\t\t\t\t\t\t\t\t\tLorem ipsum dolor sit amet, consectetur adipiscing elit, sed do eiusmod tempor incididunt ut labore et dolore magna aliqua.\t\t\t\t\t\t\t\t<\/div>\n\n\t\t\t\t\t\t\t\t\t\t\t\t\t\t\t\t\t<a class=\"btn btn-color-primary btn-size-small\"  href=\"https:\/\/dev.beltafrajumar.com\/categoria-producto\/mobiliario-contract\/\">\n\t\t\t\t\t\t\t\t\t\tMore Products\t\t\t\t\t\t\t\t\t<\/a>\n\t\t\t\t\t\t\t\t\t\t\t\t\t\t\t<\/div>\n\t\t\t\t\t\t\t\t\t\t\t<\/div>\n\t\t\t\t\t\t\t\t\t\t\t\t\t\t<div class=\"wd-image-hotspot hotspot-type-product elementor-repeater-item-140b700\">\n\t\t\t\t\t\t<span class=\"hotspot-sonar\"><\/span>\n\t\t\t\t\t\t<div class=\"hotspot-btn wd-fill\"><\/div>\n\n\t\t\t\t\t\t\t\t\t\t\t\t\t<div class=\"hotspot-product hotspot-content wd-scroll hotspot-dropdown-top\">\n\t\t\t\t\t\t\t\t<div class=\"hotspot-content-image\">\n\t\t\t\t\t\t\t\t\t<a href=\"https:\/\/dev.beltafrajumar.com\/en\/product\/tamo-armchair\/\">\n\t\t\t\t\t\t\t\t\t\t<img fetchpriority=\"high\" decoding=\"async\" width=\"600\" height=\"600\" src=\"https:\/\/dev.beltafrajumar.com\/wp-content\/uploads\/2024\/04\/TAMO-butaca-600x600.jpg\" class=\"attachment-woocommerce_thumbnail size-woocommerce_thumbnail\" alt=\"TAMO armchair\" srcset=\"https:\/\/dev.beltafrajumar.com\/wp-content\/uploads\/2024\/04\/TAMO-butaca-600x600.jpg 600w, https:\/\/dev.beltafrajumar.com\/wp-content\/uploads\/2024\/04\/TAMO-butaca-200x200.jpg 200w, https:\/\/dev.beltafrajumar.com\/wp-content\/uploads\/2024\/04\/TAMO-butaca-700x700.jpg 700w, https:\/\/dev.beltafrajumar.com\/wp-content\/uploads\/2024\/04\/TAMO-butaca-300x300.jpg 300w, https:\/\/dev.beltafrajumar.com\/wp-content\/uploads\/2024\/04\/TAMO-butaca-150x150.jpg 150w, https:\/\/dev.beltafrajumar.com\/wp-content\/uploads\/2024\/04\/TAMO-butaca-768x768.jpg 768w, https:\/\/dev.beltafrajumar.com\/wp-content\/uploads\/2024\/04\/TAMO-butaca-1200x1200.jpg 1200w, https:\/\/dev.beltafrajumar.com\/wp-content\/uploads\/2024\/04\/TAMO-butaca.jpg 1492w\" sizes=\"(max-width: 600px) 100vw, 600px\" \/>\t\t\t\t\t\t\t\t\t<\/a>\n\t\t\t\t\t\t\t\t<\/div>\n\t\t\t\t\t\t\t\t\n\t\t\t\t\t\t\t\t<h4 class=\"wd-entities-title\">\n\t\t\t\t\t\t\t\t\t<a href=\"https:\/\/dev.beltafrajumar.com\/en\/product\/tamo-armchair\/\">\n\t\t\t\t\t\t\t\t\t\tTAMO armchair\t\t\t\t\t\t\t\t\t<\/a>\n\t\t\t\t\t\t\t\t<\/h4>\n\t\t\t\t\t\t\t\t\n\t\t\t\t\t\t\t\t\t\t\t\t\t\t\t\t\t\t\t\t\t\t\t\t\t\t\t\t\t\t\t\t\t\n\t\t\t\t\t\t\t\t<div class=\"price\">\n\t\t\t\t\t\t\t\t\t<span class=\"woocommerce-Price-amount amount\"><bdi>1,006.72&nbsp;<span class=\"woocommerce-Price-currencySymbol\">&euro;<\/span><\/bdi><\/span>\t\t\t\t\t\t\t\t<\/div>\n\t\t\t\t\t\t\t\t\n\t\t\t\t\t\t\t\t<div class=\"hotspot-content-text wd-more-desc set-cont-mb-s reset-last-child\">\n\t\t\t\t\t\t\t\t\t<div class=\"wd-more-desc-inner\">\n\t\t\t\t\t\t\t\t\t\tTamo is a comfortable armchair, light in appearance, elegant and strong. It is a casual seat that breaks with the rigidity of the metal material of its structure thanks to the friendliness of the wood of its armrests and the softness of its textile, providing warmth and comfort to the spaces. \t\t\t\t\t\t\t\t\t<\/div>\n\t\t\t\t\t\t\t\t\t<a href=\"#\" rel=\"nofollow\" class=\"wd-more-desc-btn\"  aria-label=\"Read more description button\"><span><\/span><\/a>\n\t\t\t\t\t\t\t\t<\/div>\n\t\t\t\t\t\t\t\t\n\t\t\t\t\t\t\t\t<a href=\"https:\/\/dev.beltafrajumar.com\/en\/product\/tamo-armchair\/\" class=\"button product_type_simple add_to_cart_button\" data-product_id=\"18203\" rel=\"nofollow\">\n\t\t\t\t\t\t\t\t\tSelect Options\t\t\t\t\t\t\t\t<\/a>\n\t\t\t\t\t\t\t<\/div>\n\t\t\t\t\t\t\t\t\t\t\t<\/div>\n\t\t\t\t\t\t\t\t\t\t\t\t\t\t<div class=\"wd-image-hotspot hotspot-type-product elementor-repeater-item-5312cd9\">\n\t\t\t\t\t\t<span class=\"hotspot-sonar\"><\/span>\n\t\t\t\t\t\t<div class=\"hotspot-btn wd-fill\"><\/div>\n\n\t\t\t\t\t\t\t\t\t\t\t\t\t<div class=\"hotspot-product hotspot-content wd-scroll hotspot-dropdown-top\">\n\t\t\t\t\t\t\t\t<div class=\"hotspot-content-image\">\n\t\t\t\t\t\t\t\t\t<a href=\"https:\/\/dev.beltafrajumar.com\/en\/product\/icon-table\/\">\n\t\t\t\t\t\t\t\t\t\t<img decoding=\"async\" width=\"600\" height=\"600\" src=\"https:\/\/dev.beltafrajumar.com\/wp-content\/uploads\/2024\/04\/ICON-mesa-1-600x600.jpg\" class=\"attachment-woocommerce_thumbnail size-woocommerce_thumbnail\" alt=\"ICON table\" srcset=\"https:\/\/dev.beltafrajumar.com\/wp-content\/uploads\/2024\/04\/ICON-mesa-1-600x600.jpg 600w, https:\/\/dev.beltafrajumar.com\/wp-content\/uploads\/2024\/04\/ICON-mesa-1-200x200.jpg 200w, https:\/\/dev.beltafrajumar.com\/wp-content\/uploads\/2024\/04\/ICON-mesa-1-700x700.jpg 700w, https:\/\/dev.beltafrajumar.com\/wp-content\/uploads\/2024\/04\/ICON-mesa-1-300x300.jpg 300w, https:\/\/dev.beltafrajumar.com\/wp-content\/uploads\/2024\/04\/ICON-mesa-1-150x150.jpg 150w, https:\/\/dev.beltafrajumar.com\/wp-content\/uploads\/2024\/04\/ICON-mesa-1-768x768.jpg 768w, https:\/\/dev.beltafrajumar.com\/wp-content\/uploads\/2024\/04\/ICON-mesa-1-1200x1200.jpg 1200w, https:\/\/dev.beltafrajumar.com\/wp-content\/uploads\/2024\/04\/ICON-mesa-1.jpg 1492w\" sizes=\"(max-width: 600px) 100vw, 600px\" \/>\t\t\t\t\t\t\t\t\t<\/a>\n\t\t\t\t\t\t\t\t<\/div>\n\t\t\t\t\t\t\t\t\n\t\t\t\t\t\t\t\t<h4 class=\"wd-entities-title\">\n\t\t\t\t\t\t\t\t\t<a href=\"https:\/\/dev.beltafrajumar.com\/en\/product\/icon-table\/\">\n\t\t\t\t\t\t\t\t\t\tICON table\t\t\t\t\t\t\t\t\t<\/a>\n\t\t\t\t\t\t\t\t<\/h4>\n\t\t\t\t\t\t\t\t\n\t\t\t\t\t\t\t\t\t\t\t\t\t\t\t\t\t\t\t\t\t\t\t\t\t\t\t\t\t\t\t\t\t\n\t\t\t\t\t\t\t\t<div class=\"price\">\n\t\t\t\t\t\t\t\t\t<span class=\"woocommerce-Price-amount amount\"><bdi>477.95&nbsp;<span class=\"woocommerce-Price-currencySymbol\">&euro;<\/span><\/bdi><\/span>\t\t\t\t\t\t\t\t<\/div>\n\t\t\t\t\t\t\t\t\n\t\t\t\t\t\t\t\t<div class=\"hotspot-content-text wd-more-desc set-cont-mb-s reset-last-child\">\n\t\t\t\t\t\t\t\t\t<div class=\"wd-more-desc-inner\">\n\t\t\t\t\t\t\t\t\t\t<div class=\"page\" title=\"Page 1\">\r\n<div class=\"layoutArea\">\r\n<div class=\"column\">\r\n\r\nBetween designer and cabinetmaker, to solve the need for a piece as aggressive in design as it is functional in use. Icon is the sum of creativity, technology and artisan hands, resulting in a table with whimsical shapes and highly crafted wood. Solid ash wood structure with the possibility of obtaining different finishes. 1cm thick tempered glass.\r\n\r\n\r\n\r\n<\/div>\r\n<\/div>\r\n<\/div>\t\t\t\t\t\t\t\t\t<\/div>\n\t\t\t\t\t\t\t\t\t<a href=\"#\" rel=\"nofollow\" class=\"wd-more-desc-btn\"  aria-label=\"Read more description button\"><span><\/span><\/a>\n\t\t\t\t\t\t\t\t<\/div>\n\t\t\t\t\t\t\t\t\n\t\t\t\t\t\t\t\t<a href=\"https:\/\/dev.beltafrajumar.com\/en\/product\/icon-table\/\" class=\"button product_type_simple add_to_cart_button\" data-product_id=\"18173\" rel=\"nofollow\">\n\t\t\t\t\t\t\t\t\tSelect Options\t\t\t\t\t\t\t\t<\/a>\n\t\t\t\t\t\t\t<\/div>\n\t\t\t\t\t\t\t\t\t\t\t<\/div>\n\t\t\t\t\t\t\t\t\t\t\t\t\t\t<div class=\"wd-image-hotspot hotspot-type-product elementor-repeater-item-478d120\">\n\t\t\t\t\t\t<span class=\"hotspot-sonar\"><\/span>\n\t\t\t\t\t\t<div class=\"hotspot-btn wd-fill\"><\/div>\n\n\t\t\t\t\t\t\t\t\t\t\t\t\t<div class=\"hotspot-product hotspot-content wd-scroll hotspot-dropdown-top\">\n\t\t\t\t\t\t\t\t<div class=\"hotspot-content-image\">\n\t\t\t\t\t\t\t\t\t<a href=\"https:\/\/dev.beltafrajumar.com\/en\/product\/true-sofa-bed\/\">\n\t\t\t\t\t\t\t\t\t\t<img decoding=\"async\" width=\"600\" height=\"600\" src=\"https:\/\/dev.beltafrajumar.com\/wp-content\/uploads\/2024\/04\/TRUE-sofa-cama-600x600.jpg\" class=\"attachment-woocommerce_thumbnail size-woocommerce_thumbnail\" alt=\"TRUE sofa bed - Furniture Belt\u00e1 Frajumar\" srcset=\"https:\/\/dev.beltafrajumar.com\/wp-content\/uploads\/2024\/04\/TRUE-sofa-cama-600x600.jpg 600w, https:\/\/dev.beltafrajumar.com\/wp-content\/uploads\/2024\/04\/TRUE-sofa-cama-200x200.jpg 200w, https:\/\/dev.beltafrajumar.com\/wp-content\/uploads\/2024\/04\/TRUE-sofa-cama-700x700.jpg 700w, https:\/\/dev.beltafrajumar.com\/wp-content\/uploads\/2024\/04\/TRUE-sofa-cama-300x300.jpg 300w, https:\/\/dev.beltafrajumar.com\/wp-content\/uploads\/2024\/04\/TRUE-sofa-cama-150x150.jpg 150w, https:\/\/dev.beltafrajumar.com\/wp-content\/uploads\/2024\/04\/TRUE-sofa-cama-768x768.jpg 768w, https:\/\/dev.beltafrajumar.com\/wp-content\/uploads\/2024\/04\/TRUE-sofa-cama-1200x1200.jpg 1200w, https:\/\/dev.beltafrajumar.com\/wp-content\/uploads\/2024\/04\/TRUE-sofa-cama.jpg 1492w\" sizes=\"(max-width: 600px) 100vw, 600px\" \/>\t\t\t\t\t\t\t\t\t<\/a>\n\t\t\t\t\t\t\t\t<\/div>\n\t\t\t\t\t\t\t\t\n\t\t\t\t\t\t\t\t<h4 class=\"wd-entities-title\">\n\t\t\t\t\t\t\t\t\t<a href=\"https:\/\/dev.beltafrajumar.com\/en\/product\/true-sofa-bed\/\">\n\t\t\t\t\t\t\t\t\t\tTRUE sofa bed\t\t\t\t\t\t\t\t\t<\/a>\n\t\t\t\t\t\t\t\t<\/h4>\n\t\t\t\t\t\t\t\t\n\t\t\t\t\t\t\t\t\t\t\t\t\t\t\t\t\t\t\t\t\t\t\t\t\t\t\t\t\t\t\t\t\t\n\t\t\t\t\t\t\t\t<div class=\"price\">\n\t\t\t\t\t\t\t\t\t<span class=\"woocommerce-Price-amount amount\"><bdi>2,784.21&nbsp;<span class=\"woocommerce-Price-currencySymbol\">&euro;<\/span><\/bdi><\/span>\t\t\t\t\t\t\t\t<\/div>\n\t\t\t\t\t\t\t\t\n\t\t\t\t\t\t\t\t<div class=\"hotspot-content-text wd-more-desc set-cont-mb-s reset-last-child\">\n\t\t\t\t\t\t\t\t\t<div class=\"wd-more-desc-inner\">\n\t\t\t\t\t\t\t\t\t\tTrue is a light sofa bed thanks to the height of the legs, designed for all types of spaces, whether at home or for contract spaces. Italian type opening system. Movement mechanism with front opening by rotating the backrest in a single movement. The transition from the sofa position to the bed position takes place without moving or removing any of the upholstery elements.<b><\/b>\t\t\t\t\t\t\t\t\t<\/div>\n\t\t\t\t\t\t\t\t\t<a href=\"#\" rel=\"nofollow\" class=\"wd-more-desc-btn\"  aria-label=\"Read more description button\"><span><\/span><\/a>\n\t\t\t\t\t\t\t\t<\/div>\n\t\t\t\t\t\t\t\t\n\t\t\t\t\t\t\t\t<a href=\"?add-to-cart=18064\" class=\"button product_type_simple add_to_cart_button ajax_add_to_cart\" data-product_id=\"18064\" rel=\"nofollow\">\n\t\t\t\t\t\t\t\t\tAdd to cart\t\t\t\t\t\t\t\t<\/a>\n\t\t\t\t\t\t\t<\/div>\n\t\t\t\t\t\t\t\t\t\t\t<\/div>\n\t\t\t\t\t\t\t<\/div>\n\t\t<\/div>\n\t\t\t\t\t\t<\/div>\n\t\t\t\t<\/div>\n\t\t\t\t\t<\/div>\n\t\t\t\t<\/div>\n\t\t\t\t<\/div>\n\t\t","protected":false},"excerpt":{"rendered":"<p>True is a light sofa bed thanks to the height of the legs, designed for all types of spaces, whether at home or for contract spaces. Italian type opening system. Movement mechanism with front opening by rotating the backrest in a single movement. The transition from the sofa position to the bed position takes place without moving or removing any of the upholstery elements.<b><\/b><\/p>\n","protected":false},"featured_media":16048,"comment_status":"closed","ping_status":"closed","template":"","meta":{"_acf_changed":false},"product_brand":[],"product_cat":[853,891],"product_tag":[2287],"class_list":{"0":"post-18064","1":"product","2":"type-product","3":"status-publish","4":"has-post-thumbnail","6":"product_cat-contract-furniture","7":"product_cat-sofa-beds-hotels","8":"product_tag-no-online-sales","10":"first","11":"instock","12":"taxable","13":"shipping-taxable","14":"purchasable","15":"product-type-simple"},"acf":[],"yoast_head":"<!-- This site is optimized with the Yoast SEO Premium plugin v24.2 (Yoast SEO v25.3.1) - https:\/\/yoast.com\/wordpress\/plugins\/seo\/ -->\n<title>TRUE sofa bed | Lightweight design with a contemporary look | Belt\u00e1 Frajumar<\/title>\n<meta name=\"description\" content=\"True is a light sofa bed thanks to the height of the legs, designed for all types of spaces, whether at home or for contract spaces.\" \/>\n<meta name=\"robots\" content=\"noindex, follow, max-snippet:-1, max-image-preview:large, max-video-preview:-1\" \/>\n<meta property=\"og:locale\" content=\"en_US\" \/>\n<meta property=\"og:type\" content=\"article\" \/>\n<meta property=\"og:title\" content=\"TRUE sofa bed\" \/>\n<meta property=\"og:description\" content=\"True is a light sofa bed thanks to the height of the legs, designed for all types of spaces, whether at home or for contract spaces.\" \/>\n<meta property=\"og:url\" content=\"https:\/\/dev.beltafrajumar.com\/en\/product\/true-sofa-bed\/\" \/>\n<meta property=\"og:site_name\" content=\"Belt\u00e1 Frajumar\" \/>\n<meta property=\"article:modified_time\" content=\"2024-06-11T14:37:34+00:00\" \/>\n<meta property=\"og:image\" content=\"https:\/\/dev.beltafrajumar.com\/wp-content\/uploads\/2024\/04\/TRUE-sofa-cama.jpg\" \/>\n\t<meta property=\"og:image:width\" content=\"1492\" \/>\n\t<meta property=\"og:image:height\" content=\"1492\" \/>\n\t<meta property=\"og:image:type\" content=\"image\/jpeg\" \/>\n<meta name=\"twitter:card\" content=\"summary_large_image\" \/>\n<meta name=\"twitter:label1\" content=\"Est. reading time\" \/>\n\t<meta name=\"twitter:data1\" content=\"1 minute\" \/>\n<script type=\"application\/ld+json\" class=\"yoast-schema-graph\">{\"@context\":\"https:\/\/schema.org\",\"@graph\":[{\"@type\":\"WebPage\",\"@id\":\"https:\/\/dev.beltafrajumar.com\/en\/product\/true-sofa-bed\/\",\"url\":\"https:\/\/dev.beltafrajumar.com\/en\/product\/true-sofa-bed\/\",\"name\":\"TRUE sofa bed | Lightweight design with a contemporary look | Belt\u00e1 Frajumar\",\"isPartOf\":{\"@id\":\"https:\/\/dev.beltafrajumar.com\/en\/#website\"},\"primaryImageOfPage\":{\"@id\":\"https:\/\/dev.beltafrajumar.com\/en\/product\/true-sofa-bed\/#primaryimage\"},\"image\":{\"@id\":\"https:\/\/dev.beltafrajumar.com\/en\/product\/true-sofa-bed\/#primaryimage\"},\"thumbnailUrl\":\"https:\/\/dev.beltafrajumar.com\/wp-content\/uploads\/2024\/04\/TRUE-sofa-cama.jpg\",\"datePublished\":\"2024-04-04T14:47:22+00:00\",\"dateModified\":\"2024-06-11T14:37:34+00:00\",\"description\":\"True is a light sofa bed thanks to the height of the legs, designed for all types of spaces, whether at home or for contract spaces.\",\"breadcrumb\":{\"@id\":\"https:\/\/dev.beltafrajumar.com\/en\/product\/true-sofa-bed\/#breadcrumb\"},\"inLanguage\":\"en-US\",\"potentialAction\":[{\"@type\":\"ReadAction\",\"target\":[\"https:\/\/dev.beltafrajumar.com\/en\/product\/true-sofa-bed\/\"]}]},{\"@type\":\"ImageObject\",\"inLanguage\":\"en-US\",\"@id\":\"https:\/\/dev.beltafrajumar.com\/en\/product\/true-sofa-bed\/#primaryimage\",\"url\":\"https:\/\/dev.beltafrajumar.com\/wp-content\/uploads\/2024\/04\/TRUE-sofa-cama.jpg\",\"contentUrl\":\"https:\/\/dev.beltafrajumar.com\/wp-content\/uploads\/2024\/04\/TRUE-sofa-cama.jpg\",\"width\":1492,\"height\":1492,\"caption\":\"TRUE sofa bed - Furniture Belt\u00e1 Frajumar\"},{\"@type\":\"BreadcrumbList\",\"@id\":\"https:\/\/dev.beltafrajumar.com\/en\/product\/true-sofa-bed\/#breadcrumb\",\"itemListElement\":[{\"@type\":\"ListItem\",\"position\":1,\"name\":\"Portada\",\"item\":\"https:\/\/dev.beltafrajumar.com\/en\/\"},{\"@type\":\"ListItem\",\"position\":2,\"name\":\"Custom Furniture Store\",\"item\":\"https:\/\/dev.beltafrajumar.com\/tienda\/\"},{\"@type\":\"ListItem\",\"position\":3,\"name\":\"TRUE sofa bed\"}]},{\"@type\":\"WebSite\",\"@id\":\"https:\/\/dev.beltafrajumar.com\/en\/#website\",\"url\":\"https:\/\/dev.beltafrajumar.com\/en\/\",\"name\":\"Belt\u00e1 Frajumar\",\"description\":\"Calidad, Dise\u00f1o y Decoraci\u00f3n de Interiores en Mobiliario Hospitality y Living\",\"publisher\":{\"@id\":\"https:\/\/dev.beltafrajumar.com\/en\/#organization\"},\"alternateName\":\"Fabricante de mobiliario Hospitality y Living\",\"potentialAction\":[{\"@type\":\"SearchAction\",\"target\":{\"@type\":\"EntryPoint\",\"urlTemplate\":\"https:\/\/dev.beltafrajumar.com\/en\/?s={search_term_string}\"},\"query-input\":{\"@type\":\"PropertyValueSpecification\",\"valueRequired\":true,\"valueName\":\"search_term_string\"}}],\"inLanguage\":\"en-US\"},{\"@type\":\"Organization\",\"@id\":\"https:\/\/dev.beltafrajumar.com\/en\/#organization\",\"name\":\"Belt\u00e1 Frajumar\",\"alternateName\":\"Exclusive furniture manufacturer Belt\u00e1 Frajumar\",\"url\":\"https:\/\/dev.beltafrajumar.com\/en\/\",\"logo\":{\"@type\":\"ImageObject\",\"inLanguage\":\"en-US\",\"@id\":\"https:\/\/dev.beltafrajumar.com\/en\/#\/schema\/logo\/image\/\",\"url\":\"https:\/\/dev.beltafrajumar.com\/wp-content\/uploads\/2024\/10\/Logotipo-Belta-Frajumar-patrocinador-de-InterCIDEC-1.jpg\",\"contentUrl\":\"https:\/\/dev.beltafrajumar.com\/wp-content\/uploads\/2024\/10\/Logotipo-Belta-Frajumar-patrocinador-de-InterCIDEC-1.jpg\",\"width\":1080,\"height\":1080,\"caption\":\"Belt\u00e1 Frajumar\"},\"image\":{\"@id\":\"https:\/\/dev.beltafrajumar.com\/en\/#\/schema\/logo\/image\/\"}}]}<\/script>\n<!-- \/ Yoast SEO Premium plugin. -->","yoast_head_json":{"title":"TRUE sofa bed | Lightweight design with a contemporary look | Belt\u00e1 Frajumar","description":"True is a light sofa bed thanks to the height of the legs, designed for all types of spaces, whether at home or for contract spaces.","robots":{"index":"noindex","follow":"follow","max-snippet":"max-snippet:-1","max-image-preview":"max-image-preview:large","max-video-preview":"max-video-preview:-1"},"og_locale":"en_US","og_type":"article","og_title":"TRUE sofa bed","og_description":"True is a light sofa bed thanks to the height of the legs, designed for all types of spaces, whether at home or for contract spaces.","og_url":"https:\/\/dev.beltafrajumar.com\/en\/product\/true-sofa-bed\/","og_site_name":"Belt\u00e1 Frajumar","article_modified_time":"2024-06-11T14:37:34+00:00","og_image":[{"width":1492,"height":1492,"url":"https:\/\/dev.beltafrajumar.com\/wp-content\/uploads\/2024\/04\/TRUE-sofa-cama.jpg","type":"image\/jpeg"}],"twitter_card":"summary_large_image","twitter_misc":{"Est. reading time":"1 minute"},"schema":{"@context":"https:\/\/schema.org","@graph":[{"@type":"WebPage","@id":"https:\/\/dev.beltafrajumar.com\/en\/product\/true-sofa-bed\/","url":"https:\/\/dev.beltafrajumar.com\/en\/product\/true-sofa-bed\/","name":"TRUE sofa bed | Lightweight design with a contemporary look | Belt\u00e1 Frajumar","isPartOf":{"@id":"https:\/\/dev.beltafrajumar.com\/en\/#website"},"primaryImageOfPage":{"@id":"https:\/\/dev.beltafrajumar.com\/en\/product\/true-sofa-bed\/#primaryimage"},"image":{"@id":"https:\/\/dev.beltafrajumar.com\/en\/product\/true-sofa-bed\/#primaryimage"},"thumbnailUrl":"https:\/\/dev.beltafrajumar.com\/wp-content\/uploads\/2024\/04\/TRUE-sofa-cama.jpg","datePublished":"2024-04-04T14:47:22+00:00","dateModified":"2024-06-11T14:37:34+00:00","description":"True is a light sofa bed thanks to the height of the legs, designed for all types of spaces, whether at home or for contract spaces.","breadcrumb":{"@id":"https:\/\/dev.beltafrajumar.com\/en\/product\/true-sofa-bed\/#breadcrumb"},"inLanguage":"en-US","potentialAction":[{"@type":"ReadAction","target":["https:\/\/dev.beltafrajumar.com\/en\/product\/true-sofa-bed\/"]}]},{"@type":"ImageObject","inLanguage":"en-US","@id":"https:\/\/dev.beltafrajumar.com\/en\/product\/true-sofa-bed\/#primaryimage","url":"https:\/\/dev.beltafrajumar.com\/wp-content\/uploads\/2024\/04\/TRUE-sofa-cama.jpg","contentUrl":"https:\/\/dev.beltafrajumar.com\/wp-content\/uploads\/2024\/04\/TRUE-sofa-cama.jpg","width":1492,"height":1492,"caption":"TRUE sofa bed - Furniture Belt\u00e1 Frajumar"},{"@type":"BreadcrumbList","@id":"https:\/\/dev.beltafrajumar.com\/en\/product\/true-sofa-bed\/#breadcrumb","itemListElement":[{"@type":"ListItem","position":1,"name":"Portada","item":"https:\/\/dev.beltafrajumar.com\/en\/"},{"@type":"ListItem","position":2,"name":"Custom Furniture Store","item":"https:\/\/dev.beltafrajumar.com\/tienda\/"},{"@type":"ListItem","position":3,"name":"TRUE sofa bed"}]},{"@type":"WebSite","@id":"https:\/\/dev.beltafrajumar.com\/en\/#website","url":"https:\/\/dev.beltafrajumar.com\/en\/","name":"Belt\u00e1 Frajumar","description":"Calidad, Dise\u00f1o y Decoraci\u00f3n de Interiores en Mobiliario Hospitality y Living","publisher":{"@id":"https:\/\/dev.beltafrajumar.com\/en\/#organization"},"alternateName":"Fabricante de mobiliario Hospitality y Living","potentialAction":[{"@type":"SearchAction","target":{"@type":"EntryPoint","urlTemplate":"https:\/\/dev.beltafrajumar.com\/en\/?s={search_term_string}"},"query-input":{"@type":"PropertyValueSpecification","valueRequired":true,"valueName":"search_term_string"}}],"inLanguage":"en-US"},{"@type":"Organization","@id":"https:\/\/dev.beltafrajumar.com\/en\/#organization","name":"Belt\u00e1 Frajumar","alternateName":"Exclusive furniture manufacturer Belt\u00e1 Frajumar","url":"https:\/\/dev.beltafrajumar.com\/en\/","logo":{"@type":"ImageObject","inLanguage":"en-US","@id":"https:\/\/dev.beltafrajumar.com\/en\/#\/schema\/logo\/image\/","url":"https:\/\/dev.beltafrajumar.com\/wp-content\/uploads\/2024\/10\/Logotipo-Belta-Frajumar-patrocinador-de-InterCIDEC-1.jpg","contentUrl":"https:\/\/dev.beltafrajumar.com\/wp-content\/uploads\/2024\/10\/Logotipo-Belta-Frajumar-patrocinador-de-InterCIDEC-1.jpg","width":1080,"height":1080,"caption":"Belt\u00e1 Frajumar"},"image":{"@id":"https:\/\/dev.beltafrajumar.com\/en\/#\/schema\/logo\/image\/"}}]}},"wcpa_form_fields":null,"_links":{"self":[{"href":"https:\/\/dev.beltafrajumar.com\/en\/wp-json\/wp\/v2\/product\/18064","targetHints":{"allow":["GET"]}}],"collection":[{"href":"https:\/\/dev.beltafrajumar.com\/en\/wp-json\/wp\/v2\/product"}],"about":[{"href":"https:\/\/dev.beltafrajumar.com\/en\/wp-json\/wp\/v2\/types\/product"}],"replies":[{"embeddable":true,"href":"https:\/\/dev.beltafrajumar.com\/en\/wp-json\/wp\/v2\/comments?post=18064"}],"version-history":[{"count":0,"href":"https:\/\/dev.beltafrajumar.com\/en\/wp-json\/wp\/v2\/product\/18064\/revisions"}],"wp:featuredmedia":[{"embeddable":true,"href":"https:\/\/dev.beltafrajumar.com\/en\/wp-json\/wp\/v2\/media\/16048"}],"wp:attachment":[{"href":"https:\/\/dev.beltafrajumar.com\/en\/wp-json\/wp\/v2\/media?parent=18064"}],"wp:term":[{"taxonomy":"product_brand","embeddable":true,"href":"https:\/\/dev.beltafrajumar.com\/en\/wp-json\/wp\/v2\/product_brand?post=18064"},{"taxonomy":"product_cat","embeddable":true,"href":"https:\/\/dev.beltafrajumar.com\/en\/wp-json\/wp\/v2\/product_cat?post=18064"},{"taxonomy":"product_tag","embeddable":true,"href":"https:\/\/dev.beltafrajumar.com\/en\/wp-json\/wp\/v2\/product_tag?post=18064"}],"curies":[{"name":"wp","href":"https:\/\/api.w.org\/{rel}","templated":true}]}}